{"id":99,"date":"2017-09-13T15:31:45","date_gmt":"2017-09-13T13:31:45","guid":{"rendered":"https:\/\/fcg-bielefeld.de\/?page_id=99"},"modified":"2026-03-26T09:44:42","modified_gmt":"2026-03-26T08:44:42","slug":"termine","status":"publish","type":"page","link":"https:\/\/fcg-bielefeld.de\/ru\/termine\/","title":{"rendered":"\u0421\u043e\u0431\u044b\u0442\u0438\u044f"},"content":{"rendered":"<div id=\"cs-content\" class=\"cs-content\"><div class=\"x-section e99-e1 m2r-0 m2r-1 m2r-2 m2r-3\" id=\"topimg\"><div class=\"x-bg\" aria-hidden=\"true\"><div class=\"x-bg-layer-lower-image\"><\/div><div class=\"x-bg-layer-upper-color\"><\/div><\/div><div class=\"x-container max width e99-e2 m2r-9\"><div class=\"x-column x-sm x-1-1 e99-e3 m2r-a m2r-b\"><div class=\"x-content-area e99-e4 m2r-e\"><h1 class=\"h1 masthead white\"><span>\u0421\u043e\u0431\u044b\u0442\u0438\u044f<\/span><br \/><span class=\"h2 subhead white\">\u041d\u0430\u0448\u0438 \u0442\u0435\u043a\u0443\u0449\u0438\u0435 \u0432\u0441\u0442\u0440\u0435\u0447\u0438<\/span><\/h1><\/div><\/div><\/div><\/div><div class=\"x-section e99-e5 m2r-0 m2r-2 m2r-3 m2r-4 greenln\"><div class=\"x-container max width e99-e6 m2r-9\"><div class=\"x-column x-sm x-1-1 e99-e7 m2r-a m2r-b\"><hr class=\"x-line e99-e8 m2r-f m2r-g\"\/><\/div><\/div><\/div><div class=\"x-section e99-e9 m2r-0 m2r-2 m2r-5\"><div class=\"x-container max width e99-e10 m2r-9\"><div class=\"x-column x-sm x-1-1 e99-e11 m2r-a m2r-b\"><nav class=\"x-crumbs e99-e12 m2r-l\" role=\"navigation\"><ol class=\"x-crumbs-list\" itemscope=\"\" itemtype=\"http:\/\/schema.org\/BreadcrumbList\" aria-label=\"Breadcrumb Navigation\"><li class=\"x-crumbs-list-item\" itemprop=\"itemListElement\" itemscope itemtype=\"http:\/\/schema.org\/ListItem\"><a class=\"x-crumbs-current x-crumbs-link\" itemtype=\"http:\/\/schema.org\/Thing\" itemprop=\"item\" href=\"https:\/\/fcg-bielefeld.de\/ru\/\" title=\"You Are Here\"><span itemprop=\"name\">\u0421\u0442\u0430\u0440\u0442<\/span><\/a><meta itemprop=\"position\" content=\"1\"><\/li><\/ol><\/nav><\/div><\/div><\/div><div class=\"x-section e99-e13 m2r-0 m2r-2 m2r-6\"><div class=\"x-container max width e99-e14 m2r-9\"><div class=\"x-column x-sm x-1-4 x-hide-sm x-hide-xs e99-e15 m2r-a m2r-b jsSticky\"><hr class=\"x-line e99-e16 m2r-g m2r-h m2r-i\"\/><hr class=\"x-line e99-e17 m2r-g m2r-h m2r-i\"\/><ul class=\"x-menu-first-level x-menu x-menu-inline e99-e18 m2r-m m2r-n\" data-x-hoverintent=\"{&quot;interval&quot;:50,&quot;timeout&quot;:500,&quot;sensitivity&quot;:9}\"><li class=\"menu-item menu-item-type-post_type menu-item-object-page menu-item-1920\" id=\"menu-item-1920\"><a class=\"x-anchor x-anchor-menu-item m2r-o m2r-p m2r-q m2r-r m2r-s m2r-t m2r-u m2r-v m2r-w\" tabindex=\"0\" href=\"https:\/\/fcg-bielefeld.de\/ru\/termine\/\"><div class=\"x-anchor-content\"><div class=\"x-anchor-text\"><span class=\"x-anchor-text-primary\">\u0421\u043e\u0431\u044b\u0442\u0438\u044f<\/span><\/div><i class=\"x-anchor-sub-indicator\" data-x-skip-scroll=\"true\" aria-hidden=\"true\" data-x-icon-s=\"&#xf107;\"><\/i><\/div><\/a><\/li><li class=\"menu-item menu-item-type-custom menu-item-object-custom menu-item-1921\" id=\"menu-item-1921\"><a class=\"x-anchor x-anchor-menu-item m2r-o m2r-p m2r-q m2r-r m2r-s m2r-t m2r-u m2r-v m2r-w\" tabindex=\"0\" href=\"#veranstaltungen\"><div class=\"x-anchor-content\"><div class=\"x-anchor-text\"><span class=\"x-anchor-text-primary\">Termine im Voraus<\/span><\/div><i class=\"x-anchor-sub-indicator\" data-x-skip-scroll=\"true\" aria-hidden=\"true\" data-x-icon-s=\"&#xf107;\"><\/i><\/div><\/a><\/li><\/ul><hr class=\"x-line e99-e19 m2r-g m2r-h m2r-i\"\/><\/div><div class=\"x-column x-sm x-3-4 e99-e20 m2r-a m2r-c m2r-d\"><a class=\"x-anchor x-anchor-button has-graphic x-hide-lg x-hide-md x-hide-xl e99-e21 m2r-p m2r-r m2r-s m2r-v m2r-w m2r-y m2r-z m2r-10 m2r-11 m2r-12 m2r-13 btn-cal\" tabindex=\"0\" href=\"https:\/\/fcg-intern.church.tools\/?q=churchcal#CalView\/\" target=\"_blank\" rel=\"noopener noreferrer\"><div class=\"x-anchor-content\"><span class=\"x-graphic\" aria-hidden=\"true\"><i class=\"x-icon x-graphic-child x-graphic-icon x-graphic-primary\" aria-hidden=\"true\" data-x-icon-o=\"&#xf783;\"><\/i><\/span><div class=\"x-anchor-text\"><span class=\"x-anchor-text-primary\">Veranstaltungskalender aufrufen<\/span><\/div><\/div><\/a><hr class=\"x-line x-hide-lg x-hide-md x-hide-xl e99-e22 m2r-g m2r-h m2r-i\"\/><hr class=\"x-line x-hide-lg x-hide-md x-hide-xl e99-e23 m2r-g m2r-h m2r-i\"\/><div class=\"x-text x-content x-hide-lg x-hide-md x-hide-xl e99-e24 m2r-17 m2r-18\"><p>\n<iframe loading=\"lazy\" width=\"100%\" height=\"600px\" style=\"border-width:0px\" src=\"https:\/\/fcg-intern.church.tools\/?q=churchcal&category_select=2,1,23,3,21,12,14&embedded=true&entries=10&minical=true&viewname=eventView#CalView\/\"><\/iframe>\n<\/p>\n\n<\/div><div class=\"x-content-area x-hide-sm x-hide-xs e99-e25 m2r-e\"><p>\n<iframe loading=\"lazy\" width=\"100%\" height=\"850px\" style=\"border-width:0px\" src=\"https:\/\/fcg-intern.church.tools\/?q=churchcal&category_select=2,1,3,21,12,14&embedded=true&viewname=calView#CalView\/\"><\/iframe>\n<\/p><\/div><hr class=\"x-line e99-e26 m2r-g m2r-i m2r-j\"\/><\/div><\/div><div class=\"x-container max width e99-e27 m2r-9\"><div class=\"x-column x-sm x-1-1 e99-e28 m2r-a m2r-b m2r-d\"><a class=\"x-anchor x-anchor-button has-graphic e99-e29 m2r-p m2r-r m2r-y m2r-11 m2r-12 m2r-14 m2r-15\" tabindex=\"0\" href=\"#veranstaltungen\"><div class=\"x-anchor-content\"><span class=\"x-graphic\" aria-hidden=\"true\"><i class=\"x-icon x-graphic-child x-graphic-icon x-graphic-primary\" aria-hidden=\"true\" data-x-icon-s=\"&#xf103;\"><\/i><\/span><\/div><\/a><\/div><\/div><\/div><div class=\"x-section e99-e30 m2r-0 m2r-3 m2r-7\" id=\"veranstaltungen\"><div class=\"x-row x-container max width e99-e31 m2r-1a m2r-1b\"><div class=\"x-row-inner\"><div class=\"x-col e99-e32 m2r-1c\"><div class=\"x-text x-text-headline e99-e33 m2r-1e\"><div class=\"x-text-content\"><div class=\"x-text-content-text\"><h2 class=\"x-text-content-text-primary\">Veranstaltungen im Voraus<\/h2>\n<\/div><\/div><\/div><hr class=\"x-line e99-e34 m2r-g m2r-i m2r-j\"\/><hr class=\"x-line e99-e35 m2r-g m2r-i m2r-k\"\/><div class=\"x-content-area e99-e36 m2r-e\"><div class=\"kh-postgrid\"><a href=\"https:\/\/fcg-bielefeld.de\/ru\/veranstaltung\/frauenfruehstueck\/\" class=\"kh-postentrylink\"><div class=\"kh-postentry\"><img loading=\"lazy\" decoding=\"async\" width=\"400\" height=\"225\" src=\"https:\/\/fcg-bielefeld.de\/wp-content\/uploads\/2025\/10\/2026-04-25-frauenfruehstueck-web-400x225.jpg\" class=\"attachment-medium size-medium wp-post-image\" alt=\"Frauenfr\u00fchst\u00fcck\" srcset=\"https:\/\/fcg-bielefeld.de\/wp-content\/uploads\/2025\/10\/2026-04-25-frauenfruehstueck-web-400x225.jpg 400w, https:\/\/fcg-bielefeld.de\/wp-content\/uploads\/2025\/10\/2026-04-25-frauenfruehstueck-web-1024x576.jpg 1024w, https:\/\/fcg-bielefeld.de\/wp-content\/uploads\/2025\/10\/2026-04-25-frauenfruehstueck-web-150x84.jpg 150w, https:\/\/fcg-bielefeld.de\/wp-content\/uploads\/2025\/10\/2026-04-25-frauenfruehstueck-web-768x432.jpg 768w, https:\/\/fcg-bielefeld.de\/wp-content\/uploads\/2025\/10\/2026-04-25-frauenfruehstueck-web-1536x864.jpg 1536w, https:\/\/fcg-bielefeld.de\/wp-content\/uploads\/2025\/10\/2026-04-25-frauenfruehstueck-web-18x10.jpg 18w, https:\/\/fcg-bielefeld.de\/wp-content\/uploads\/2025\/10\/2026-04-25-frauenfruehstueck-web-500x281.jpg 500w, https:\/\/fcg-bielefeld.de\/wp-content\/uploads\/2025\/10\/2026-04-25-frauenfruehstueck-web-940x529.jpg 940w, https:\/\/fcg-bielefeld.de\/wp-content\/uploads\/2025\/10\/2026-04-25-frauenfruehstueck-web-100x56.jpg 100w, https:\/\/fcg-bielefeld.de\/wp-content\/uploads\/2025\/10\/2026-04-25-frauenfruehstueck-web-1184x662.jpg 1184w, https:\/\/fcg-bielefeld.de\/wp-content\/uploads\/2025\/10\/2026-04-25-frauenfruehstueck-web.jpg 1920w\" sizes=\"auto, (max-width: 400px) 100vw, 400px\" \/><div class=\"postexcerpt\"><a href=\"https:\/\/fcg-bielefeld.de\/ru\/veranstaltung\/frauenfruehstueck\/\">Frauenfr\u00fchst\u00fcck am 25. April Eine Anmeldung ist nicht mehr m\u00f6glich!<\/a><\/div><\/div><\/a><a href=\"https:\/\/fcg-bielefeld.de\/ru\/veranstaltung\/maennerabend\/\" class=\"kh-postentrylink\"><div class=\"kh-postentry\"><img loading=\"lazy\" decoding=\"async\" width=\"400\" height=\"225\" src=\"https:\/\/fcg-bielefeld.de\/wp-content\/uploads\/2026\/02\/2026-04-24-maennerabend-web-2-400x225.jpg\" class=\"attachment-medium size-medium wp-post-image\" alt=\"M\u00e4nnerabend\" srcset=\"https:\/\/fcg-bielefeld.de\/wp-content\/uploads\/2026\/02\/2026-04-24-maennerabend-web-2-400x225.jpg 400w, https:\/\/fcg-bielefeld.de\/wp-content\/uploads\/2026\/02\/2026-04-24-maennerabend-web-2-1024x576.jpg 1024w, https:\/\/fcg-bielefeld.de\/wp-content\/uploads\/2026\/02\/2026-04-24-maennerabend-web-2-150x84.jpg 150w, https:\/\/fcg-bielefeld.de\/wp-content\/uploads\/2026\/02\/2026-04-24-maennerabend-web-2-768x432.jpg 768w, https:\/\/fcg-bielefeld.de\/wp-content\/uploads\/2026\/02\/2026-04-24-maennerabend-web-2-1536x864.jpg 1536w, https:\/\/fcg-bielefeld.de\/wp-content\/uploads\/2026\/02\/2026-04-24-maennerabend-web-2-18x10.jpg 18w, https:\/\/fcg-bielefeld.de\/wp-content\/uploads\/2026\/02\/2026-04-24-maennerabend-web-2-500x281.jpg 500w, https:\/\/fcg-bielefeld.de\/wp-content\/uploads\/2026\/02\/2026-04-24-maennerabend-web-2-940x529.jpg 940w, https:\/\/fcg-bielefeld.de\/wp-content\/uploads\/2026\/02\/2026-04-24-maennerabend-web-2-100x56.jpg 100w, https:\/\/fcg-bielefeld.de\/wp-content\/uploads\/2026\/02\/2026-04-24-maennerabend-web-2-1184x662.jpg 1184w, https:\/\/fcg-bielefeld.de\/wp-content\/uploads\/2026\/02\/2026-04-24-maennerabend-web-2.jpg 1920w\" sizes=\"auto, (max-width: 400px) 100vw, 400px\" \/><div class=\"postexcerpt\"><a href=\"https:\/\/fcg-bielefeld.de\/ru\/veranstaltung\/maennerabend\/\">M\u00e4nnerabend \u2013 Glaube. Gemeinschaft. Genuss. Am 24.04.2026 wollen wir um 19 Uhr mit den M\u00e4nnern Gott anbeten, im Glauben wachsen und Gemeinschaft erleben. Abgerundet wird der Abend mit einem kleinen Snack. Du bist herzlich eingeladen!<\/a><\/div><\/div><\/a><\/div><\/div><\/div><div class=\"x-col x-hide-lg x-hide-md x-hide-sm x-hide-xl x-hide-xs e99-e37 m2r-1c m2r-1d\"><h2  class=\"h-custom-headline mtn mbl h3\" ><span>Monatsinfos<\/span><\/h2><div class=\"x-grid x-hide-lg x-hide-md x-hide-sm x-hide-xl x-hide-xs e99-e39 m2r-1f\"><\/div><a class=\"x-anchor x-anchor-button has-graphic e99-e43 m2r-p m2r-r m2r-s m2r-t m2r-u m2r-v m2r-y m2r-12 m2r-13 m2r-15 m2r-16\" tabindex=\"0\" href=\"\/ru\/termine\/monatsinfos\/\"><div class=\"x-anchor-content\"><span class=\"x-graphic\" aria-hidden=\"true\"><i data-x-single-anim=\"x-scale-up\" class=\"x-icon x-graphic-child x-graphic-icon x-graphic-primary\" aria-hidden=\"true\" data-x-icon-s=\"&#xf01c;\"><\/i><\/span><div class=\"x-anchor-text\"><span class=\"x-anchor-text-primary\">Monatsinfos Archiv<\/span><\/div><\/div><\/a><\/div><\/div><\/div><\/div><\/div>","protected":false},"excerpt":{"rendered":"<p>TermineUnsere aktuellen Veranstaltungen im \u00dcberblickHomeTermineTermine im VorausVeranstaltungskalender aufrufen Veranstaltungen im Voraus Frauenfr\u00fchst\u00fcck am 25. April Eine Anmeldung ist nicht mehr m\u00f6glich!M\u00e4nnerabend \u2013 Glaube. Gemeinschaft. Genuss. Am 24.04.2026 wollen wir um 19 Uhr mit den M\u00e4nnern Gott anbeten, im Glauben wachsen und Gemeinschaft erleben. Abgerundet wird der Abend mit einem kleinen Snack. Du bist herzlich eingeladen!MonatsinfosMonatsinfos Archiv<\/p>","protected":false},"author":2,"featured_media":0,"parent":0,"menu_order":0,"comment_status":"closed","ping_status":"closed","template":"template-blank-4.php","meta":{"_acf_changed":false,"inline_featured_image":false,"footnotes":""},"class_list":["post-99","page","type-page","status-publish","hentry","no-post-thumbnail"],"acf":[],"publishpress_future_workflow_manual_trigger":{"enabledWorkflows":[]},"_links":{"self":[{"href":"https:\/\/fcg-bielefeld.de\/ru\/wp-json\/wp\/v2\/pages\/99","targetHints":{"allow":["GET"]}}],"collection":[{"href":"https:\/\/fcg-bielefeld.de\/ru\/wp-json\/wp\/v2\/pages"}],"about":[{"href":"https:\/\/fcg-bielefeld.de\/ru\/wp-json\/wp\/v2\/types\/page"}],"author":[{"embeddable":true,"href":"https:\/\/fcg-bielefeld.de\/ru\/wp-json\/wp\/v2\/users\/2"}],"replies":[{"embeddable":true,"href":"https:\/\/fcg-bielefeld.de\/ru\/wp-json\/wp\/v2\/comments?post=99"}],"version-history":[{"count":6,"href":"https:\/\/fcg-bielefeld.de\/ru\/wp-json\/wp\/v2\/pages\/99\/revisions"}],"predecessor-version":[{"id":9214,"href":"https:\/\/fcg-bielefeld.de\/ru\/wp-json\/wp\/v2\/pages\/99\/revisions\/9214"}],"wp:attachment":[{"href":"https:\/\/fcg-bielefeld.de\/ru\/wp-json\/wp\/v2\/media?parent=99"}],"curies":[{"name":"wp","href":"https:\/\/api.w.org\/{rel}","templated":true}]}}