{"id":9058,"date":"2026-01-31T13:13:30","date_gmt":"2026-01-31T12:13:30","guid":{"rendered":"https:\/\/fcg-bielefeld.de\/?page_id=9058"},"modified":"2026-03-10T11:29:32","modified_gmt":"2026-03-10T10:29:32","slug":"konferenz","status":"publish","type":"page","link":"https:\/\/fcg-bielefeld.de\/ru\/konferenz\/","title":{"rendered":"Konferenz"},"content":{"rendered":"<div id=\"cs-content\" class=\"cs-content\"><div class=\"x-section e9058-e1 m6zm-0 m6zm-1 m6zm-2 m6zm-3 m6zm-4\"><div class=\"x-bg\" aria-hidden=\"true\"><div class=\"x-bg-layer-lower-image\" data-x-element-bg-layer=\"{&quot;parallaxSize&quot;:&quot;120%&quot;,&quot;parallaxDir&quot;:&quot;h&quot;,&quot;parallaxRev&quot;:false}\"><\/div><\/div><div class=\"x-row x-container max width e9058-e2 m6zm-e m6zm-f m6zm-g m6zm-h m6zm-i m6zm-o m6zm-p\"><div class=\"x-row-inner\"><div class=\"x-col e9058-e3 m6zm-x m6zm-y m6zm-z m6zm-10 m6zm-11\"><span class=\"x-image e9058-e4 m6zm-18\"><img decoding=\"async\" src=\"https:\/\/fcg-bielefeld.de\/wp-content\/uploads\/2026\/01\/2026-09-GK-web-titel-1-1.png\" width=\"353\" height=\"123\" alt=\"Gemeindekonferenz 2026 Titel\" loading=\"lazy\"><\/span><span class=\"x-image e9058-e5 m6zm-18\"><img decoding=\"async\" src=\"https:\/\/fcg-bielefeld.de\/wp-content\/uploads\/2026\/01\/2026-09-GK-web-titel-2.png\" width=\"365\" height=\"74\" alt=\"Gemeindekonferenz 2026 Datum\" loading=\"lazy\"><\/span><\/div><\/div><\/div><\/div><div class=\"x-section e9058-e6 m6zm-0 m6zm-2 m6zm-5 m6zm-6\"><div class=\"x-row x-container max width e9058-e7 m6zm-e m6zm-g m6zm-j m6zm-q\"><div class=\"x-row-inner\"><div class=\"x-col e9058-e8 m6zm-10 m6zm-12\"><div class=\"x-text x-content e9058-e9 m6zm-1a m6zm-1b m6zm-1c m6zm-1d m6zm-1e m6zm-1f m6zm-1g m6zm-1h m6zm-1i m6zm-1j m6zm-1k\"><p>Wir erwarten ein besonderes Wochenende:<br \/>Als Gemeinde wollen wir mit Inka und Jeremy Hammond tiefer gehen, mehr von Gott lernen und Seine Gegenwart praktisch erfahren.<\/p><\/div><\/div><\/div><\/div><div class=\"x-grid e9058-e10 m6zm-2f m6zm-2g\"><div class=\"x-cell e9058-e11 m6zm-2i m6zm-2j m6zm-2k m6zm-2l\"><div class=\"x-bg\" aria-hidden=\"true\"><div class=\"x-bg-layer-lower-image\"><\/div><\/div><span class=\"x-image e9058-e12 m6zm-18 m6zm-19\"><img decoding=\"async\" src=\"https:\/\/fcg-bielefeld.de\/wp-content\/uploads\/2026\/01\/Inka-Jeremy-web-3.png\" width=\"300\" height=\"205\" alt=\"Inka &amp; Jeremy\" loading=\"lazy\"><\/span><div class=\"x-text x-content e9058-e13 m6zm-1a m6zm-1b m6zm-1f m6zm-1h m6zm-1i m6zm-1j m6zm-1k m6zm-1l m6zm-1m m6zm-1n m6zm-1o\"><p>Jeremy &amp; Inka<br \/>Hammond<\/p><\/div><\/div><div class=\"x-cell e9058-e14 m6zm-2i m6zm-2j m6zm-2m m6zm-2n\"><div class=\"x-text x-content e9058-e15 m6zm-1a m6zm-1b m6zm-1f m6zm-1h m6zm-1i m6zm-1n m6zm-1o m6zm-1p m6zm-1q m6zm-1r m6zm-1s\"><p class=\"p1\">Inka und Jeremy Hammond sind verheiratet, Eltern von vier Kindern und leben mit ihrer Familie in den USA. Ihr Herzschlag ist es, Menschen in eine echte Begegnung mit Gott zu f&uuml;hren und sie darin zu st&auml;rken, ihre von Gott gegebene Identit&auml;t und ihr Potenzial praktisch im Alltag zu leben. Aus einer pr&auml;genden pers&ouml;nlichen Gottesbegegnung heraus entstand ihr Dienst &bdquo;Tochter &amp; Sohn&ldquo;, durch den sie mittlerweile tausende Menschen erreicht haben. Mit B&uuml;chern, Coaching und Kursen verbinden sie geistliche Tiefe mit alltagstauglichen Schritten, die im Herzen landen und Ver&auml;nderung m&ouml;glich machen.<\/p><\/div><\/div><\/div><div class=\"x-grid e9058-e16 m6zm-2f m6zm-2g\"><div class=\"x-cell x-hide-lg x-hide-md x-hide-xl e9058-e17 m6zm-2i m6zm-2j m6zm-2k m6zm-2o\"><div class=\"x-bg\" aria-hidden=\"true\"><div class=\"x-bg-layer-lower-image\"><\/div><\/div><div class=\"x-text x-content e9058-e18 m6zm-1a m6zm-1b m6zm-1f m6zm-1h m6zm-1i m6zm-1j m6zm-1k m6zm-1l m6zm-1n m6zm-1o m6zm-1t\"><p>Infos<\/p><\/div><\/div><div class=\"x-cell e9058-e19 m6zm-2i m6zm-2j m6zm-2m m6zm-2n\"><div class=\"x-text x-content e9058-e20 m6zm-1a m6zm-1b m6zm-1f m6zm-1h m6zm-1i m6zm-1m m6zm-1n m6zm-1o m6zm-1p m6zm-1r m6zm-1s m6zm-1u\"><p class=\"p1\"><span class=\"a_GcMg font-feature-liga-off font-feature-clig-off font-feature-calt-off text-decoration-none text-strikethrough-none\">Anmeldegeb&uuml;hr<\/span>: 35 Euro pro Person<\/p>\n<ul>\n<li>Die Veranstaltung beginnt Freitagabend.<\/li>\n<li>Samstag ganzt&auml;gig mit l&auml;ngerer Mittagspause.<\/li>\n<li>Die Anmeldung und Geb&uuml;hr bezieht sich auf die Teilnahme am Freitag und Samstag.<\/li>\n<li>Der Gottesdienst am Sonntag ist f&uuml;r alle.<\/li>\n<\/ul>\n<p><em>Genaue Zeiten werden noch bekannt gegeben.<\/em><\/p>\n<p>Ansprechpartner: Nico Strobel, Doreen Heckmann, Girlene Ferreira Neves<\/p><\/div><a class=\"x-anchor x-anchor-button has-graphic e9058-e21 m6zm-2t m6zm-2u m6zm-2v m6zm-2w\" tabindex=\"0\" href=\"#anmeldung\"><div class=\"x-anchor-content\"><span class=\"x-graphic\" aria-hidden=\"true\"><i class=\"x-icon x-graphic-child x-graphic-icon x-graphic-primary\" aria-hidden=\"true\" data-x-icon-o=\"&#xf358;\"><\/i><\/span><div class=\"x-anchor-text\"><span class=\"x-anchor-text-primary\">\u0420\u0435\u0433\u0438\u0441\u0442\u0440\u0430\u0446\u0438\u044f<\/span><\/div><\/div><\/a><\/div><div class=\"x-cell x-hide-sm x-hide-xs e9058-e22 m6zm-2i m6zm-2j m6zm-2k m6zm-2o\"><div class=\"x-bg\" aria-hidden=\"true\"><div class=\"x-bg-layer-lower-image\"><\/div><\/div><div class=\"x-text x-content e9058-e23 m6zm-1a m6zm-1b m6zm-1f m6zm-1h m6zm-1i m6zm-1j m6zm-1k m6zm-1l m6zm-1n m6zm-1o m6zm-1t\"><p>Infos<\/p><\/div><\/div><\/div><div class=\"x-grid e9058-e24 m6zm-2f m6zm-2g\"><div class=\"x-cell e9058-e25 m6zm-2i m6zm-2j m6zm-2k m6zm-2p\"><div class=\"x-bg\" aria-hidden=\"true\"><div class=\"x-bg-layer-lower-image\"><\/div><\/div><div class=\"x-text x-content e9058-e26 m6zm-1a m6zm-1b m6zm-1f m6zm-1h m6zm-1i m6zm-1j m6zm-1k m6zm-1l m6zm-1n m6zm-1o m6zm-1t\"><p>Ressourcen<\/p><\/div><\/div><div class=\"x-cell e9058-e27 m6zm-2i m6zm-2j m6zm-2m m6zm-2n\"><div class=\"x-text x-content e9058-e28 m6zm-1a m6zm-1b m6zm-1f m6zm-1h m6zm-1i m6zm-1n m6zm-1o m6zm-1p m6zm-1q m6zm-1r m6zm-1s\"><p class=\"p1\">Hier kannst du Bilder\/Folien herunterladen, mit denen du zur Konferenz einladen kannst.<\/p><\/div><a class=\"x-anchor x-anchor-button has-graphic e9058-e29 m6zm-2t m6zm-2v m6zm-2w m6zm-2x\" tabindex=\"0\" href=\"https:\/\/cloud.fcg-bielefeld.de\/s\/BqBAN9tpQKQxbr6\" target=\"_blank\" rel=\"noopener noreferrer\"><div class=\"x-anchor-content\"><span class=\"x-graphic\" aria-hidden=\"true\"><i class=\"x-icon x-graphic-child x-graphic-icon x-graphic-primary\" aria-hidden=\"true\" data-x-icon-o=\"&#xf0ed;\"><\/i><\/span><div class=\"x-anchor-text\"><span class=\"x-anchor-text-primary\">zu den Ressourcen<\/span><\/div><\/div><\/a><\/div><\/div><\/div><div class=\"x-section e9058-e30 m6zm-0 m6zm-2 m6zm-3 m6zm-7 m6zm-8\" id=\"anmeldung\"><div class=\"x-bg\" aria-hidden=\"true\"><div class=\"x-bg-layer-lower-color\"><\/div><\/div><div class=\"x-row x-container max width e9058-e31 m6zm-e m6zm-g m6zm-h m6zm-i m6zm-k m6zm-l m6zm-m m6zm-o m6zm-r\"><div class=\"x-bg\" aria-hidden=\"true\"><div class=\"x-bg-layer-lower-image\"><\/div><\/div><div class=\"x-row-inner\"><div class=\"x-col e9058-e32 m6zm-10 m6zm-11 m6zm-13 m6zm-14\" id=\"anmeldung\"><div class=\"x-text x-text-headline e9058-e33 m6zm-39\"><div class=\"x-text-content\"><div class=\"x-text-content-text\"><h3 class=\"x-text-content-text-primary\">ANMELDUNG<\/h3>\n<\/div><\/div><\/div><div class=\"x-text x-content e9058-e34 m6zm-1b m6zm-1f m6zm-1h m6zm-1i m6zm-1o m6zm-1r m6zm-1s m6zm-1v m6zm-1w m6zm-1x m6zm-1y\"><p><em>Falls keine Anmeldung zu sehen ist, <a href=\"https:\/\/fcg-intern.church.tools\/publicgroup\/2873\" target=\"_blank\" rel=\"noopener\">klicke hier<\/a><\/em><\/p><\/div><iframe loading=\"lazy\" width=\"100%\" style=\"border-width:0px\" height=\"1800px\" src=\"https:\/\/fcg-intern.church.tools\/publicgroup\/2873?embedded=true\"><\/iframe><a class=\"x-anchor x-anchor-button has-graphic x-hide-lg x-hide-md x-hide-sm x-hide-xl x-hide-xs e9058-e36 m6zm-2v m6zm-2w m6zm-2y m6zm-2z m6zm-30 m6zm-31 m6zm-32\" tabindex=\"0\" href=\"\/ru\/parkplatz\/\"><div class=\"x-anchor-content\"><span class=\"x-graphic\" aria-hidden=\"true\"><i data-x-single-anim=\"x-scale-up\" class=\"x-icon x-graphic-child x-graphic-icon x-graphic-primary\" aria-hidden=\"true\" data-x-icon-s=\"&#xf5de;\"><\/i><\/span><div class=\"x-anchor-text\"><span class=\"x-anchor-text-primary\">Parkm\u00f6glichkeiten<\/span><\/div><\/div><\/a><div class=\"x-grid x-container max width x-hide-lg x-hide-md x-hide-sm x-hide-xl x-hide-xs e9058-e37 m6zm-2g m6zm-2h\"><div class=\"x-cell e9058-e38 m6zm-2i m6zm-2m m6zm-2q m6zm-2r\"><i class=\"x-icon e9058-e39 m6zm-3a m6zm-3b\" aria-hidden=\"true\" data-x-icon-s=\"&#xf7d4;\"><\/i><div class=\"x-text x-content e9058-e40 m6zm-1b m6zm-1j m6zm-1o m6zm-1w m6zm-1x m6zm-1z m6zm-20 m6zm-21 m6zm-22 m6zm-23 m6zm-24\"><p>15 Uhr<\/p><\/div><div class=\"x-text x-content e9058-e41 m6zm-1a m6zm-1b m6zm-1c m6zm-1f m6zm-1h m6zm-1j m6zm-1o m6zm-1y m6zm-23 m6zm-24 m6zm-25 m6zm-26 m6zm-27\"><p><strong>Heiligabend | 24.12.<\/strong><br \/>Gottesdienst vor Ort<br \/>&amp; im Livestream<\/p><\/div><a class=\"x-anchor x-anchor-button has-graphic e9058-e42 m6zm-2v m6zm-2w m6zm-2y m6zm-2z m6zm-31 m6zm-32 m6zm-33 m6zm-34\" tabindex=\"0\" href=\"https:\/\/www.youtube.com\/live\/LeTt98M92v4?si=neNiq13Ju6mSzuPL\" target=\"_blank\" rel=\"noopener noreferrer\"><div class=\"x-anchor-content\"><span class=\"x-graphic\" aria-hidden=\"true\"><i data-x-single-anim=\"x-scale-up\" class=\"x-icon x-graphic-child x-graphic-icon x-graphic-primary\" aria-hidden=\"true\" data-x-icon-b=\"&#xf167;\"><\/i><\/span><div class=\"x-anchor-text\"><span class=\"x-anchor-text-primary\">Zum Livestream<\/span><\/div><\/div><\/a><\/div><div class=\"x-cell x-hide-lg x-hide-md x-hide-sm x-hide-xl x-hide-xs e9058-e43 m6zm-2i m6zm-2m m6zm-2q m6zm-2r\"><i class=\"x-icon e9058-e44 m6zm-3a m6zm-3b\" aria-hidden=\"true\" data-x-icon-s=\"&#xf7d4;\"><\/i><div class=\"x-text x-content e9058-e45 m6zm-1b m6zm-1j m6zm-1o m6zm-1w m6zm-1x m6zm-1z m6zm-20 m6zm-21 m6zm-22 m6zm-23 m6zm-24\"><p>17 Uhr<\/p><\/div><div class=\"x-text x-content e9058-e46 m6zm-1a m6zm-1b m6zm-1c m6zm-1f m6zm-1h m6zm-1j m6zm-1o m6zm-1y m6zm-23 m6zm-24 m6zm-25 m6zm-26 m6zm-27\"><p><strong>Heiligabend | 24.12.<\/strong><br \/>Gottesdienst vor Ort<\/p><\/div><\/div><div class=\"x-cell x-hide-lg x-hide-md x-hide-sm x-hide-xl x-hide-xs e9058-e47 m6zm-2i m6zm-2m m6zm-2q m6zm-2s\"><i class=\"x-icon e9058-e48 m6zm-3a m6zm-3c\" aria-hidden=\"true\" data-x-icon-s=\"&#xf51d;\"><\/i><div class=\"x-text x-content e9058-e49 m6zm-1b m6zm-1j m6zm-1o m6zm-1w m6zm-1x m6zm-20 m6zm-22 m6zm-28 m6zm-29 m6zm-2a\"><p>\u0411\u043e\u0433\u043e\u0441\u043b\u0443\u0436\u0435\u043d\u0438\u044f<br \/>\u0432\u043e\u0441\u043a\u0440\u0435\u0441\u0435\u043d\u044c\u0435<\/p><\/div><div class=\"x-text x-content e9058-e50 m6zm-1a m6zm-1b m6zm-1c m6zm-1f m6zm-1h m6zm-1j m6zm-1o m6zm-1y m6zm-23 m6zm-25 m6zm-26 m6zm-27 m6zm-2a\"><p>10 Uhr vor Ort<br \/>&amp; im Livestream<\/p>\n<p><em>keine Gottesdienste am<br \/>25.12. | 26.12. | 31.12.<\/em><\/p><\/div><\/div><\/div><\/div><\/div><\/div><\/div><div class=\"x-section x-hide-lg x-hide-md x-hide-sm x-hide-xl x-hide-xs e9058-e51 m6zm-0 m6zm-3 m6zm-4 m6zm-8 m6zm-9 m6zm-a\"><div class=\"x-bg\" aria-hidden=\"true\"><div class=\"x-bg-layer-lower-image\"><\/div><\/div><div class=\"x-row x-container max width e9058-e52 m6zm-e m6zm-g m6zm-h m6zm-i m6zm-k m6zm-l m6zm-o m6zm-s\"><div class=\"x-row-inner\"><div class=\"x-col e9058-e53 m6zm-10 m6zm-12 m6zm-14\"><i class=\"x-icon e9058-e54 m6zm-3a m6zm-3d\" aria-hidden=\"true\" data-x-icon-s=\"&#xf647;\"><\/i><div class=\"x-text x-content e9058-e55 m6zm-1a m6zm-1b m6zm-1d m6zm-1e m6zm-1f m6zm-1h m6zm-1j m6zm-1o m6zm-1y m6zm-23 m6zm-27 m6zm-29 m6zm-2b m6zm-2c m6zm-2d\"><div class=\"elementor-element elementor-element-d63ee89 elementor-widget elementor-widget-text-editor\" data-id=\"d63ee89\" data-element_type=\"widget\" data-widget_type=\"text-editor.default\">\n<div class=\"elementor-widget-container\">\n<p class=\"cvGsUA direction-ltr align-center para-style-body\"><span class=\"OYPEnA font-feature-liga-off font-feature-clig-off font-feature-calt-off text-decoration-none text-strikethrough-none\">&raquo;Seht! Die Jungfrau wird ein Kind erwarten! Sie wird einem Sohn das Leben schenken, <\/span><span class=\"OYPEnA font-feature-liga-off font-feature-clig-off font-feature-calt-off text-decoration-none text-strikethrough-none\">und er wird Immanuel genannt werden. Das hei&szlig;t, <\/span><span class=\"OYPEnA font-feature-liga-off font-feature-clig-off font-feature-calt-off text-decoration-none text-strikethrough-none\">Gott ist mit uns<\/span><span class=\"OYPEnA font-feature-liga-off font-feature-clig-off font-feature-calt-off text-decoration-none text-strikethrough-none\">.&laquo;<\/span><\/p>\n<\/div>\n<\/div><\/div><div class=\"x-text x-content e9058-e56 m6zm-1a m6zm-1b m6zm-1c m6zm-1d m6zm-1e m6zm-1f m6zm-1h m6zm-1j m6zm-1o m6zm-1r m6zm-1y m6zm-23 m6zm-2c m6zm-2d\"><div class=\"elementor-element elementor-element-d63ee89 elementor-widget elementor-widget-text-editor\" data-id=\"d63ee89\" data-element_type=\"widget\" data-widget_type=\"text-editor.default\">\n<div class=\"elementor-widget-container\">\n<p class=\"cvGsUA direction-ltr align-center para-style-body\"><span class=\"OYPEnA font-feature-liga-off font-feature-clig-off font-feature-calt-off text-decoration-none text-strikethrough-none\" style=\"font-family: inherit; font-size: 1.4em; letter-spacing: 0em;\">Matth&auml;us 1,23<\/span><span style=\"font-family: inherit; font-size: 1.4em; letter-spacing: 0em;\"> (Die Bibel)<\/span><\/p>\n<\/div>\n<\/div><\/div><\/div><\/div><\/div><\/div><div class=\"x-section x-hide-lg x-hide-md x-hide-sm x-hide-xl x-hide-xs e9058-e57 m6zm-0 m6zm-3 m6zm-4 m6zm-9 m6zm-b\"><div class=\"x-bg\" aria-hidden=\"true\"><div class=\"x-bg-layer-lower-image\" data-x-element-bg-layer=\"{&quot;parallaxSize&quot;:&quot;120%&quot;,&quot;parallaxDir&quot;:&quot;v&quot;,&quot;parallaxRev&quot;:false}\"><\/div><\/div><div class=\"x-row x-container max width e9058-e58 m6zm-e m6zm-g m6zm-h m6zm-i m6zm-k m6zm-l m6zm-o m6zm-t\"><div class=\"x-row-inner\"><div class=\"x-col e9058-e59 m6zm-10 m6zm-12 m6zm-14\"><div class=\"x-slide-container-viewport is-loading e9058-e60 m6zm-3e\" data-x-slide-container=\"{&quot;keyboardNavigation&quot;:true,&quot;autoplayStartInView&quot;:true,&quot;autoBasis&quot;:true,&quot;snap&quot;:true,&quot;scrollBySlide&quot;:true,&quot;wrapAround&quot;:true,&quot;direction&quot;:&quot;forward&quot;,&quot;startingSlide&quot;:1,&quot;pauseOnHover&quot;:true,&quot;autoplay&quot;:&quot;marquee&quot;,&quot;speed&quot;:0.1}\"><div class=\"x-slide-container-content\"><div class=\"x-slide-container is-inline is-auto\"><div class=\"x-slide e9058-e61 m6zm-3f\" data-x-slide=\"\"><span class=\"x-image e9058-e62 m6zm-18\"><img decoding=\"async\" src=\"https:\/\/fcg-bielefeld.de\/wp-content\/uploads\/2023\/12\/weihnachten23-14.jpg\" width=\"800\" height=\"533\" alt=\"Hintergrund Startseite\" loading=\"lazy\"><\/span><\/div><div class=\"x-slide e9058-e63 m6zm-3f\" data-x-slide=\"\"><span class=\"x-image e9058-e64 m6zm-18\"><img decoding=\"async\" src=\"https:\/\/fcg-bielefeld.de\/wp-content\/uploads\/2023\/12\/weihnachten23-8.jpg\" width=\"800\" height=\"533\" alt=\"Image\" loading=\"lazy\"><\/span><\/div><div class=\"x-slide e9058-e65 m6zm-3f\" data-x-slide=\"\"><span class=\"x-image e9058-e66 m6zm-18\"><img decoding=\"async\" src=\"https:\/\/fcg-bielefeld.de\/wp-content\/uploads\/2024\/12\/heiligabend-slider-1.jpg\" width=\"960\" height=\"540\" alt=\"Image\" loading=\"lazy\"><\/span><\/div><div class=\"x-slide e9058-e67 m6zm-3f\" data-x-slide=\"\"><span class=\"x-image e9058-e68 m6zm-18\"><img decoding=\"async\" src=\"https:\/\/fcg-bielefeld.de\/wp-content\/uploads\/2024\/12\/heiligabend-slider-2.jpg\" width=\"960\" height=\"540\" alt=\"Image\" loading=\"lazy\"><\/span><\/div><div class=\"x-slide e9058-e69 m6zm-3f\" data-x-slide=\"\"><span class=\"x-image e9058-e70 m6zm-18\"><img decoding=\"async\" src=\"https:\/\/fcg-bielefeld.de\/wp-content\/uploads\/2024\/12\/heiligabend-slider-3.jpg\" width=\"960\" height=\"540\" alt=\"Image\" loading=\"lazy\"><\/span><\/div><\/div><\/div><\/div><\/div><\/div><\/div><\/div><div class=\"x-section x-hide-lg x-hide-md x-hide-sm x-hide-xl x-hide-xs e9058-e71 m6zm-0 m6zm-3 m6zm-8 m6zm-9 m6zm-c\" id=\"einladen\"><div class=\"x-bg\" aria-hidden=\"true\"><div class=\"x-bg-layer-lower-color\"><\/div><\/div><div class=\"x-row x-container max width e9058-e72 m6zm-e m6zm-g m6zm-h m6zm-i m6zm-k m6zm-l m6zm-o m6zm-u\"><div class=\"x-row-inner\"><div class=\"x-col e9058-e73 m6zm-10 m6zm-12 m6zm-14\"><i class=\"x-icon e9058-e74 m6zm-3a m6zm-3d\" aria-hidden=\"true\" data-x-icon-s=\"&#xf1c5;\"><\/i><div class=\"x-text x-content e9058-e75 m6zm-1b m6zm-1h m6zm-1j m6zm-1o m6zm-1w m6zm-1x m6zm-1z m6zm-20 m6zm-23 m6zm-29 m6zm-2d\"><p>Digitale Einladung<\/p><\/div><div class=\"x-text x-content e9058-e76 m6zm-1a m6zm-1b m6zm-1c m6zm-1d m6zm-1f m6zm-1h m6zm-1j m6zm-1o m6zm-1y m6zm-23 m6zm-26 m6zm-27 m6zm-2c m6zm-2d\"><p>M&ouml;chtest du deine Familie, Freunde oder Arbeits- und Studienkollegen digital einladen?<br \/>Hier findest du einige Materialien f&uuml;r Einladungen, die du einfach herunterladen und dann &uuml;ber Plattformen wie WhatsApp, Instagram oder Facebook verschicken oder teilen kannst.<\/p><\/div><\/div><div class=\"x-col e9058-e77 m6zm-10 m6zm-12 m6zm-14\"><a class=\"x-anchor x-anchor-button has-graphic e9058-e78 m6zm-2v m6zm-2w m6zm-31 m6zm-32 m6zm-35 m6zm-36 m6zm-37\" tabindex=\"0\" href=\"https:\/\/fcg-bielefeld.de\/wp-content\/uploads\/2025\/11\/2025-Weihnachten-Flyer_web-2.pdf\" target=\"_blank\" rel=\"noopener noreferrer\"><div class=\"x-anchor-content\"><span class=\"x-graphic\" aria-hidden=\"true\"><i data-x-single-anim=\"x-scale-up\" class=\"x-icon x-graphic-child x-graphic-icon x-graphic-primary\" aria-hidden=\"true\" data-x-icon-s=\"&#xf0ed;\"><\/i><\/span><div class=\"x-anchor-text\"><span class=\"x-anchor-text-primary\">flyer (PDF)<\/span><\/div><\/div><\/a><a class=\"x-anchor x-anchor-button has-graphic e9058-e79 m6zm-2v m6zm-2w m6zm-31 m6zm-32 m6zm-35 m6zm-36 m6zm-37\" tabindex=\"0\" href=\"https:\/\/fcg-bielefeld.de\/wp-content\/uploads\/2025\/12\/2025-12-24-story-2-scaled.jpg\" target=\"_blank\" rel=\"noopener noreferrer\"><div class=\"x-anchor-content\"><span class=\"x-graphic\" aria-hidden=\"true\"><i data-x-single-anim=\"x-scale-up\" class=\"x-icon x-graphic-child x-graphic-icon x-graphic-primary\" aria-hidden=\"true\" data-x-icon-s=\"&#xf0ed;\"><\/i><\/span><div class=\"x-anchor-text\"><span class=\"x-anchor-text-primary\">Hochformat 1<\/span><\/div><\/div><\/a><a class=\"x-anchor x-anchor-button has-graphic e9058-e80 m6zm-2v m6zm-2w m6zm-31 m6zm-32 m6zm-35 m6zm-36 m6zm-37\" tabindex=\"0\" href=\"https:\/\/fcg-bielefeld.de\/wp-content\/uploads\/2025\/11\/2025-12-24-story-scaled.jpg\" target=\"_blank\" rel=\"noopener noreferrer\"><div class=\"x-anchor-content\"><span class=\"x-graphic\" aria-hidden=\"true\"><i data-x-single-anim=\"x-scale-up\" class=\"x-icon x-graphic-child x-graphic-icon x-graphic-primary\" aria-hidden=\"true\" data-x-icon-s=\"&#xf0ed;\"><\/i><\/span><div class=\"x-anchor-text\"><span class=\"x-anchor-text-primary\">Hochformat 2<\/span><\/div><\/div><\/a><a class=\"x-anchor x-anchor-button has-graphic e9058-e81 m6zm-2v m6zm-2w m6zm-31 m6zm-32 m6zm-35 m6zm-36\" tabindex=\"0\" href=\"https:\/\/fcg-bielefeld.de\/wp-content\/uploads\/2025\/11\/2025-12-24-post.jpg\" target=\"_blank\" rel=\"noopener noreferrer\"><div class=\"x-anchor-content\"><span class=\"x-graphic\" aria-hidden=\"true\"><i data-x-single-anim=\"x-scale-up\" class=\"x-icon x-graphic-child x-graphic-icon x-graphic-primary\" aria-hidden=\"true\" data-x-icon-s=\"&#xf0ed;\"><\/i><\/span><div class=\"x-anchor-text\"><span class=\"x-anchor-text-primary\">Instagram Post<\/span><\/div><\/div><\/a><\/div><\/div><\/div><\/div><div class=\"x-section x-hide-lg x-hide-md x-hide-sm x-hide-xl x-hide-xs e9058-e82 m6zm-0 m6zm-2 m6zm-3 m6zm-5 m6zm-d\"><div class=\"x-row e9058-e83 m6zm-e m6zm-g m6zm-h m6zm-i m6zm-k m6zm-l m6zm-o m6zm-v\"><div class=\"x-row-inner\"><div class=\"x-col e9058-e84 m6zm-10 m6zm-12 m6zm-14 m6zm-15\"><div class=\"x-bg\" aria-hidden=\"true\"><div class=\"x-bg-layer-lower-image\"><\/div><\/div><hr class=\"x-line e9058-e85 m6zm-3g\"\/><\/div><\/div><\/div><div class=\"x-row e9058-e86 m6zm-e m6zm-i m6zm-l m6zm-n m6zm-o m6zm-w\"><div class=\"x-row-inner\"><div class=\"x-col e9058-e87 m6zm-x m6zm-10 m6zm-14 m6zm-16 m6zm-17\"><div class=\"x-text x-content e9058-e88 m6zm-1b m6zm-1f m6zm-1h m6zm-1o m6zm-1r m6zm-1u m6zm-1x m6zm-1y m6zm-23 m6zm-2e\"><div class=\"elementor-element elementor-element-89ad3da elementor-widget elementor-widget-heading\" data-id=\"89ad3da\" data-element_type=\"widget\" data-widget_type=\"heading.default\">\n<div class=\"elementor-widget-container\">\n<h3 class=\"elementor-heading-title elementor-size-default\">Lasst euch verzaubern<\/h3>\n<\/div>\n<\/div>\n<div class=\"elementor-element elementor-element-1cee514 elementor-widget elementor-widget-text-editor\" data-id=\"1cee514\" data-element_type=\"widget\" data-widget_type=\"text-editor.default\">\n<div class=\"elementor-widget-container\">\n<div class=\"elementor-text-editor elementor-clearfix\">\n<p>\u201eWeihnachten neu erleben\u201c erz\u00e4hlt die\u00a0\u00a0bewegende und humorvolle Geschichte von Ben, einem\u00a0jungen Mann, der am Weihnachtsabend\u00a0durch ein goldenes Ticket in ein wundersames\u00a0Museum ger\u00e4t. Als dort die Exponate\u00a0zum Leben erwachen, findet sich Ben auf einmal in\u00a0gro\u00dfen Momenten der Menschheitsgeschichte\u00a0wieder, und pl\u00f6tzlich erahnt er, dass sein Besuch in\u00a0diesem Museum kein Zufall ist.<\/p>\n<p>Zwischen Live-B\u00fchne und Leinwand hin und her wechselnd, erz\u00e4hlen \u00fcber 2.000 ehrenamtliche Schauspieler, T\u00e4nzer, Musiker und Helfer, untermalt von Mega-Hits von Queen bis Ed Sheeran, diese wunderbare Geschichte voll Humor, Tiefgang und vielen \u00dcberraschungen.<\/p>\n<p>Das spektakul\u00e4rste Charity-Weihnachtsevent Deutschlands mit Spendenm\u00f6glichkeit zugunsten verschiedener Kinderhilfsprojekte wie der Kinder &amp; Jugend ARCHE Karlsruhe e.V.<\/p>\n\n<\/div>\n<\/div>\n<\/div><\/div><\/div><div class=\"x-col e9058-e89 m6zm-x m6zm-z m6zm-10 m6zm-16\"><div class=\"x-frame x-frame-video-embed e9058-e90 m6zm-3h m6zm-3i\"><div class=\"x-frame-inner\"><div class=\"x-video x-video-embed\"><iframe loading=\"lazy\" width=\"560\" height=\"315\" src=\"https:\/\/www.youtube-nocookie.com\/embed\/1fVM_6ASsK4\" title=\"YouTube video player\" frameborder=\"0\" allow=\"accelerometer; autoplay; clipboard-write; encrypted-media; gyroscope; picture-in-picture\" allowfullscreen><\/iframe><\/div><\/div><\/div><a class=\"x-anchor x-anchor-button has-graphic e9058-e91 m6zm-2v m6zm-2z m6zm-31 m6zm-34 m6zm-36 m6zm-38\" tabindex=\"0\" href=\"https:\/\/www.weihnachten-neu-erleben.de\/\" target=\"_blank\" rel=\"noopener noreferrer\"><div class=\"x-anchor-content\"><span class=\"x-graphic\" aria-hidden=\"true\"><i data-x-single-anim=\"x-scale-up\" class=\"x-icon x-graphic-child x-graphic-icon x-graphic-primary\" aria-hidden=\"true\" data-x-icon-o=\"&#xf35d;\"><\/i><\/span><div class=\"x-anchor-text\"><span class=\"x-anchor-text-primary\">Weihnachtsevent<\/span><\/div><\/div><\/a><\/div><\/div><\/div><\/div><\/div>","protected":false},"excerpt":{"rendered":"<p>Wir erwarten ein besonderes Wochenende:Als Gemeinde wollen wir mit Inka und Jeremy Hammond tiefer gehen, mehr von Gott lernen und Seine Gegenwart praktisch erfahren.Jeremy &amp; InkaHammondInka und Jeremy Hammond sind verheiratet, Eltern von vier Kindern und leben mit ihrer Familie in den USA. Ihr Herzschlag ist es, Menschen in eine echte Begegnung mit Gott zu f&uuml;hren und sie darin zu st&auml;rken, ihre von Gott gegebene Identit&auml;t und ihr Potenzial praktisch im Alltag zu leben. Aus einer pr&auml;genden pers&ouml;nlichen Gottesbegegnung heraus entstand ihr Dienst &bdquo;Tochter &amp; Sohn&ldquo;, durch den sie mittlerweile tausende Menschen erreicht haben. Mit B&uuml;chern, Coaching und Kursen verbinden &#8230;<\/p>","protected":false},"author":2,"featured_media":0,"parent":0,"menu_order":0,"comment_status":"closed","ping_status":"closed","template":"template-blank-4.php","meta":{"_acf_changed":false,"inline_featured_image":false,"footnotes":""},"class_list":["post-9058","page","type-page","status-publish","hentry","no-post-thumbnail"],"acf":[],"publishpress_future_workflow_manual_trigger":{"enabledWorkflows":[]},"_links":{"self":[{"href":"https:\/\/fcg-bielefeld.de\/ru\/wp-json\/wp\/v2\/pages\/9058","targetHints":{"allow":["GET"]}}],"collection":[{"href":"https:\/\/fcg-bielefeld.de\/ru\/wp-json\/wp\/v2\/pages"}],"about":[{"href":"https:\/\/fcg-bielefeld.de\/ru\/wp-json\/wp\/v2\/types\/page"}],"author":[{"embeddable":true,"href":"https:\/\/fcg-bielefeld.de\/ru\/wp-json\/wp\/v2\/users\/2"}],"replies":[{"embeddable":true,"href":"https:\/\/fcg-bielefeld.de\/ru\/wp-json\/wp\/v2\/comments?post=9058"}],"version-history":[{"count":13,"href":"https:\/\/fcg-bielefeld.de\/ru\/wp-json\/wp\/v2\/pages\/9058\/revisions"}],"predecessor-version":[{"id":9172,"href":"https:\/\/fcg-bielefeld.de\/ru\/wp-json\/wp\/v2\/pages\/9058\/revisions\/9172"}],"wp:attachment":[{"href":"https:\/\/fcg-bielefeld.de\/ru\/wp-json\/wp\/v2\/media?parent=9058"}],"curies":[{"name":"wp","href":"https:\/\/api.w.org\/{rel}","templated":true}]}}