{"id":877,"date":"2017-10-31T13:33:48","date_gmt":"2017-10-31T12:33:48","guid":{"rendered":"https:\/\/fcg-bielefeld.de\/?page_id=877"},"modified":"2026-01-31T13:47:52","modified_gmt":"2026-01-31T12:47:52","slug":"alphakurs","status":"publish","type":"page","link":"https:\/\/fcg-bielefeld.de\/ru\/alphakurs\/","title":{"rendered":"\u0410\u043b\u044c\u0444\u0430 \u043a\u0443\u0440\u0441"},"content":{"rendered":"<div id=\"cs-content\" class=\"cs-content\"><div class=\"x-section e877-e1 mod-0 mod-1\" id=\"topimg\"><div class=\"x-bg\" aria-hidden=\"true\"><div class=\"x-bg-layer-lower-image\"><\/div><div class=\"x-bg-layer-upper-color\"><\/div><\/div><div class=\"x-container max width e877-e2 mod-5\"><div class=\"x-column x-sm x-1-1 e877-e3 mod-6 mod-7\"><div class=\"x-content-area e877-e4 mod-9\"><h1 class=\"h1 masthead white\">\u0410\u043b\u044c\u0444\u0430 \u043a\u0443\u0440\u0441<br \/><span class=\"h2 subhead white\">Der Glaubenskurs f&uuml;r deine Fragen <\/span><span class=\"h2 subhead white\">in der FCG Bielefeld<\/span><\/h1><\/div><\/div><\/div><\/div><div class=\"x-section e877-e5 mod-0 mod-2 greenln\"><div class=\"x-container max width e877-e6 mod-5\"><div class=\"x-column x-sm x-1-1 e877-e7 mod-6 mod-7\"><hr class=\"x-line e877-e8 mod-a mod-b\"\/><\/div><\/div><\/div><div class=\"x-section e877-e9 mod-0 mod-3\"><div class=\"x-container max width e877-e10 mod-5\"><div class=\"x-column x-sm x-1-1 e877-e11 mod-6 mod-7\"><nav class=\"x-crumbs e877-e12 mod-f\" role=\"navigation\"><ol class=\"x-crumbs-list\" itemscope=\"\" itemtype=\"http:\/\/schema.org\/BreadcrumbList\" aria-label=\"Breadcrumb Navigation\"><li class=\"x-crumbs-list-item\" itemprop=\"itemListElement\" itemscope itemtype=\"http:\/\/schema.org\/ListItem\"><a class=\"x-crumbs-current x-crumbs-link\" itemtype=\"http:\/\/schema.org\/Thing\" itemprop=\"item\" href=\"https:\/\/fcg-bielefeld.de\/ru\/\" title=\"You Are Here\"><span itemprop=\"name\">\u0421\u0442\u0430\u0440\u0442<\/span><\/a><meta itemprop=\"position\" content=\"1\"><\/li><\/ol><\/nav><\/div><\/div><\/div><div class=\"x-section e877-e13 mod-0 mod-4\"><div class=\"x-container max width e877-e14 mod-5\"><div class=\"x-column x-sm x-1-4 e877-e15 mod-6 mod-8 jsSticky\"><ul class=\"x-menu-first-level x-menu x-menu-inline e877-e16 mod-g mod-h nextstepsmenu\" data-x-hoverintent=\"{&quot;interval&quot;:50,&quot;timeout&quot;:500,&quot;sensitivity&quot;:9}\"><li class=\"menu-item menu-item-type-post_type menu-item-object-page menu-item-619\" id=\"menu-item-619\"><a class=\"x-anchor x-anchor-menu-item mod-i mod-j mod-k mod-l\" tabindex=\"0\" href=\"https:\/\/fcg-bielefeld.de\/ru\/der-weg-zu-gott\/\"><div class=\"x-anchor-content\"><div class=\"x-anchor-text\"><span class=\"x-anchor-text-primary\">\u041f\u0443\u0442\u044c \u043a \u0411\u043e\u0433\u0443<\/span><\/div><i class=\"x-anchor-sub-indicator\" data-x-skip-scroll=\"true\" aria-hidden=\"true\" data-x-icon-s=\"&#xf107;\"><\/i><\/div><\/a><\/li><li class=\"menu-item menu-item-type-post_type menu-item-object-page menu-item-879\" id=\"menu-item-879\"><a class=\"x-anchor x-anchor-menu-item mod-i mod-j mod-k mod-l\" tabindex=\"0\" href=\"https:\/\/fcg-bielefeld.de\/ru\/alphakurs\/\"><div class=\"x-anchor-content\"><div class=\"x-anchor-text\"><span class=\"x-anchor-text-primary\">\u0410\u043b\u044c\u0444\u0430 \u043a\u0443\u0440\u0441<\/span><\/div><i class=\"x-anchor-sub-indicator\" data-x-skip-scroll=\"true\" aria-hidden=\"true\" data-x-icon-s=\"&#xf107;\"><\/i><\/div><\/a><\/li><li class=\"menu-item menu-item-type-post_type menu-item-object-page menu-item-623\" id=\"menu-item-623\"><a class=\"x-anchor x-anchor-menu-item mod-i mod-j mod-k mod-l\" tabindex=\"0\" href=\"https:\/\/fcg-bielefeld.de\/ru\/kleingruppen\/\"><div class=\"x-anchor-content\"><div class=\"x-anchor-text\"><span class=\"x-anchor-text-primary\">\u041c\u0430\u043b\u044b\u0435 \u0433\u0440\u0443\u043f\u043f\u044b<\/span><\/div><i class=\"x-anchor-sub-indicator\" data-x-skip-scroll=\"true\" aria-hidden=\"true\" data-x-icon-s=\"&#xf107;\"><\/i><\/div><\/a><\/li><li class=\"menu-item menu-item-type-post_type menu-item-object-page menu-item-621\" id=\"menu-item-621\"><a class=\"x-anchor x-anchor-menu-item mod-i mod-j mod-k mod-l\" tabindex=\"0\" href=\"https:\/\/fcg-bielefeld.de\/ru\/lifecollege\/\"><div class=\"x-anchor-content\"><div class=\"x-anchor-text\"><span class=\"x-anchor-text-primary\">Life College<\/span><\/div><i class=\"x-anchor-sub-indicator\" data-x-skip-scroll=\"true\" aria-hidden=\"true\" data-x-icon-s=\"&#xf107;\"><\/i><\/div><\/a><\/li><li class=\"menu-item menu-item-type-post_type menu-item-object-page menu-item-2445\" id=\"menu-item-2445\"><a class=\"x-anchor x-anchor-menu-item mod-i mod-j mod-k mod-l\" tabindex=\"0\" href=\"https:\/\/fcg-bielefeld.de\/ru\/ehevorbereitung\/\"><div class=\"x-anchor-content\"><div class=\"x-anchor-text\"><span class=\"x-anchor-text-primary\">\u041f\u043e\u0434\u0433\u043e\u0442\u043e\u0432\u043a\u0430 \u043a \u0431\u0440\u0430\u043a\u0443<\/span><\/div><i class=\"x-anchor-sub-indicator\" data-x-skip-scroll=\"true\" aria-hidden=\"true\" data-x-icon-s=\"&#xf107;\"><\/i><\/div><\/a><\/li><li class=\"menu-item menu-item-type-custom menu-item-object-custom menu-item-5771\" id=\"menu-item-5771\"><a class=\"x-anchor x-anchor-menu-item mod-i mod-j mod-k mod-l\" tabindex=\"0\" href=\"\/ru\/gemeindeleben\/#kindersegnung\"><div class=\"x-anchor-content\"><div class=\"x-anchor-text\"><span class=\"x-anchor-text-primary\">\u0411\u043b\u0430\u0433\u043e\u0441\u043b\u043e\u0432\u0435\u043d\u0438\u0435 \u0434\u0435\u0442\u0435\u0439<\/span><\/div><i class=\"x-anchor-sub-indicator\" data-x-skip-scroll=\"true\" aria-hidden=\"true\" data-x-icon-s=\"&#xf107;\"><\/i><\/div><\/a><\/li><li class=\"menu-item menu-item-type-post_type menu-item-object-page menu-item-8593\" id=\"menu-item-8593\"><a class=\"x-anchor x-anchor-menu-item mod-i mod-j mod-k mod-l\" tabindex=\"0\" href=\"https:\/\/fcg-bielefeld.de\/ru\/seelsorge\/\"><div class=\"x-anchor-content\"><div class=\"x-anchor-text\"><span class=\"x-anchor-text-primary\">Seelsorge<\/span><\/div><i class=\"x-anchor-sub-indicator\" data-x-skip-scroll=\"true\" aria-hidden=\"true\" data-x-icon-s=\"&#xf107;\"><\/i><\/div><\/a><\/li><li class=\"menu-item menu-item-type-post_type menu-item-object-page menu-item-708\" id=\"menu-item-708\"><a class=\"x-anchor x-anchor-menu-item mod-i mod-j mod-k mod-l\" tabindex=\"0\" href=\"https:\/\/fcg-bielefeld.de\/ru\/meine-gemeinde-seminar\/\"><div class=\"x-anchor-content\"><div class=\"x-anchor-text\"><span class=\"x-anchor-text-primary\">\u0421\u0435\u043c\u0438\u043d\u0430\u0440 \"\u041c\u043e\u044f \u0446\u0435\u0440\u043a\u043e\u0432\u044c\"<\/span><\/div><i class=\"x-anchor-sub-indicator\" data-x-skip-scroll=\"true\" aria-hidden=\"true\" data-x-icon-s=\"&#xf107;\"><\/i><\/div><\/a><\/li><li class=\"menu-item menu-item-type-post_type menu-item-object-page menu-item-620\" id=\"menu-item-620\"><a class=\"x-anchor x-anchor-menu-item mod-i mod-j mod-k mod-l\" tabindex=\"0\" href=\"https:\/\/fcg-bielefeld.de\/ru\/taufe\/\"><div class=\"x-anchor-content\"><div class=\"x-anchor-text\"><span class=\"x-anchor-text-primary\">\u041a\u0440\u0435\u0449\u0435\u043d\u0438\u0435<\/span><\/div><i class=\"x-anchor-sub-indicator\" data-x-skip-scroll=\"true\" aria-hidden=\"true\" data-x-icon-s=\"&#xf107;\"><\/i><\/div><\/a><\/li><li class=\"menu-item menu-item-type-post_type menu-item-object-page menu-item-709\" id=\"menu-item-709\"><a class=\"x-anchor x-anchor-menu-item mod-i mod-j mod-k mod-l\" tabindex=\"0\" href=\"https:\/\/fcg-bielefeld.de\/ru\/mitgliedschaft\/\"><div class=\"x-anchor-content\"><div class=\"x-anchor-text\"><span class=\"x-anchor-text-primary\">\u0427\u043b\u0435\u043d\u0441\u0442\u0432\u043e \u0432 \u0446\u0435\u0440\u043a\u0432\u0438<\/span><\/div><i class=\"x-anchor-sub-indicator\" data-x-skip-scroll=\"true\" aria-hidden=\"true\" data-x-icon-s=\"&#xf107;\"><\/i><\/div><\/a><\/li><li class=\"menu-item menu-item-type-post_type menu-item-object-page menu-item-622\" id=\"menu-item-622\"><a class=\"x-anchor x-anchor-menu-item mod-i mod-j mod-k mod-l\" tabindex=\"0\" href=\"https:\/\/fcg-bielefeld.de\/ru\/mitmachen\/\"><div class=\"x-anchor-content\"><div class=\"x-anchor-text\"><span class=\"x-anchor-text-primary\">\u0421\u043b\u0443\u0436\u0435\u043d\u0438\u0435<\/span><\/div><i class=\"x-anchor-sub-indicator\" data-x-skip-scroll=\"true\" aria-hidden=\"true\" data-x-icon-s=\"&#xf107;\"><\/i><\/div><\/a><\/li><\/ul><\/div><div class=\"x-column x-sm x-3-4 e877-e17 mod-6 mod-7\"><span class=\"x-image x-hide-lg x-hide-md x-hide-sm x-hide-xl x-hide-xs e877-e18 mod-r\"><img decoding=\"async\" src=\"https:\/\/fcg-bielefeld.de\/wp-content\/uploads\/2022\/03\/Alpha_Question_mark_1-150x136.png\" width=\"150\" height=\"136\" alt=\"Alpha-Fest\" loading=\"lazy\"><\/span><div class=\"x-text x-text-headline x-hide-lg x-hide-md x-hide-sm x-hide-xl x-hide-xs e877-e19 mod-s mod-t mod-u mod-v\"><div class=\"x-text-content\"><div class=\"x-text-content-text\"><h2 class=\"x-text-content-text-primary\">Alpha-Fest am 27.03.2023<\/h2>\n<\/div><\/div><\/div><a class=\"x-anchor x-anchor-button has-graphic x-hide-lg x-hide-md x-hide-sm x-hide-xl x-hide-xs e877-e20 mod-k mod-l mod-n mod-o mod-p\" tabindex=\"0\" href=\"https:\/\/fcg-intern.church.tools\/publicgroup\/2207\" target=\"_blank\" rel=\"noopener noreferrer\"><div class=\"x-anchor-content\"><span class=\"x-graphic\" aria-hidden=\"true\"><i data-x-single-anim=\"x-scale-up\" class=\"x-icon x-graphic-child x-graphic-icon x-graphic-primary\" aria-hidden=\"true\" data-x-icon-s=\"&#xf0a9;\"><\/i><\/span><div class=\"x-anchor-text\"><span class=\"x-anchor-text-primary\">Anmeldung zum <strong>Alpha-FEST<\/strong><\/span><\/div><\/div><\/a><div class=\"x-text x-content x-hide-lg x-hide-md x-hide-sm x-hide-xl x-hide-xs e877-e21 mod-z\"><p>Herzlich Willkommen zum <strong>Alpha-Fest<\/strong> mit einem Kurzvideo-Vortrag zum Thema: <strong>\"Hat das Leben mehr zu bieten?\"<br \/><\/strong>Au&szlig;erdem erwarten dich Musik, Erlebnisberichte und gemeinsames Essen. Zus&auml;tzlich wird der Alpha-Kurs (ein Glaubensgrundkurs) vorgestellt, der zwei Wochen sp&auml;ter startet. Das Alpha-Fest startet am 27.03.2023 um 19 Uhr in den R&auml;umlichkeiten der Kirche und geht bis ca. 21 Uhr.<\/p>\n<p>F&uuml;r das Alphafest kannst du dich unabh&auml;ngig vom darauf folgenden Alphakurs anmelden. Es bietet dir die Chance einen Einblick zu erhalten um dich entscheiden zu k&ouml;nnen ob du beim Kurs dabei sein m&ouml;chtest.&nbsp;<\/p><\/div><hr class=\"x-line x-hide-lg x-hide-md x-hide-sm x-hide-xl x-hide-xs e877-e22 mod-b mod-c mod-d\"\/><div class=\"x-text x-text-headline e877-e23 mod-s mod-t mod-u mod-v\"><div class=\"x-text-content\"><div class=\"x-text-content-text\"><h2 class=\"x-text-content-text-primary\"><strong data-start=\"597\" data-end=\"664\">11 Dienstage ab 21. April &middot; Leben, Glauben und Sinn<\/strong><\/h2>\n<\/div><\/div><\/div><div class=\"x-text x-text-headline e877-e24 mod-s mod-t mod-u mod-w\"><div class=\"x-text-content\"><div class=\"x-text-content-text\"><h3 class=\"x-text-content-text-primary\">Jeder Mensch hat Fragen.<\/h3>\n<\/div><\/div><\/div><div class=\"x-text x-content e877-e25 mod-z\"><p>Und jeder Mensch sollte die M&ouml;glichkeit bekommen, diese Fragen zu stellen, seine Meinung zu sagen und den Glauben zu entdecken.<br \/>Alpha ist eine Reihe von Treffen, bei denen der christliche Glaube in entspannter Atmosph&auml;re entdeckt werden kann. Wenn du mehr &uuml;ber Alpha wissen m&ouml;chtest kannst du dich unter <a href=\"https:\/\/alphakurs.de\/teilnehmen\/\" target=\"_blank\" rel=\"noopener\">alphakurs.de<\/a>&nbsp;informieren.<\/p>\n<p>Bei jedem Treffen werden Fragen rund um das Leben und den christlichen Glauben thematisiert. Die Impulse sind so gestaltet, dass im Anschluss spannende Gespr&auml;che entstehen.&nbsp;<\/p>\n<p>Komm einfach zum ersten Abend - ganz unverbindlich. Danach kannst du in Ruhe entscheiden ob du den Kurs weiter besuchen m&ouml;chtest.&nbsp;&nbsp;<\/p><\/div><div class=\"x-frame x-frame-video-embed e877-e26 mod-10 mod-11\"><div class=\"x-frame-inner\"><div class=\"x-video x-video-embed\"><div class=\"x-resp-embed x-is-video x-is-youtube\"><iframe loading=\"lazy\" title=\"Der Kurs, der dein Leben ver\u00e4ndern kann - Alpha-Kurs in Bielefeld\" width=\"1184\" height=\"666\" src=\"https:\/\/www.youtube.com\/embed\/Bkwj0X4DHEw?feature=oembed\" frameborder=\"0\" allow=\"accelerometer; autoplay; clipboard-write; encrypted-media; gyroscope; picture-in-picture; web-share\" referrerpolicy=\"strict-origin-when-cross-origin\" allowfullscreen><\/iframe><\/div><\/div><\/div><\/div><hr class=\"x-line e877-e27 mod-b mod-c mod-d\"\/><div class=\"x-text x-text-headline e877-e28 mod-s mod-t mod-u mod-w\"><div class=\"x-text-content\"><div class=\"x-text-content-text\"><h3 class=\"x-text-content-text-primary\">Welche Themen werden im Alpha-Kurs behandelt?<\/h3>\n<\/div><\/div><\/div><div class=\"x-text x-content e877-e29 mod-z\"><ul>\n<li><strong style=\"font-family: inherit; font-size: 1em; letter-spacing: 0em;\">Hat das Leben mehr zu bieten?<\/strong><\/li>\n<li><strong>Wer ist Jesus?<\/strong><\/li>\n<li><strong>Warum starb Jesus?<\/strong><\/li>\n<li><strong>Was kann mir Gewissheit im Glauben geben?<\/strong><\/li>\n<li><strong>Warum und wie bete ich?<\/strong><\/li>\n<li><strong>Wie kann man die Bibel lesen?<\/strong><\/li>\n<li><strong>Wie f&uuml;hrt uns Gott?<\/strong><\/li>\n<li><strong>Wie widerstehe ich dem B&ouml;sen?<\/strong><\/li>\n<li><strong>Warum mit anderen dar&uuml;ber reden?<\/strong><\/li>\n<li><b>Alpha Kurs Wochenende: <\/b><b>Thema &bdquo;Heiliger Geist&ldquo;<\/b><\/li>\n<li><strong>Heilt Gott auch heute noch?<\/strong><\/li>\n<li><strong>Welchen Stellenwert hat die Kirche?<\/strong><\/li>\n<\/ul><\/div><div class=\"x-text x-content x-hide-lg x-hide-md x-hide-sm x-hide-xl x-hide-xs e877-e30 mod-z\"><ul>\n<li><strong>Hat das Leben mehr zu bieten?<\/strong><\/li>\n<li><strong>Wer ist Jesus?<\/strong><\/li>\n<li><strong>Warum starb Jesus?<\/strong><\/li>\n<li><strong>Was kann mir Gewissheit im Glauben geben?<\/strong><\/li>\n<li><strong>Warum und wie bete ich?<\/strong><\/li>\n<li><strong>Wie kann man die Bibel lesen?<\/strong><\/li>\n<li><strong>Wie f&uuml;hrt uns Gott?<\/strong><\/li>\n<li><strong>Wie widerstehe ich dem B&ouml;sen?<\/strong><\/li>\n<li><strong>Warum mit anderen dar&uuml;ber reden?<\/strong><\/li>\n<li><strong>Heilt Gott auch heute noch?<\/strong><\/li>\n<li><strong>Welchen Stellenwert hat die Kirche?<\/strong><\/li>\n<li><b>Alpha Kurs Wochenende: <\/b><b>Thema &bdquo;Heiliger Geist&ldquo;<\/b><\/li>\n<\/ul><\/div><div class=\"x-text x-content x-hide-lg x-hide-md x-hide-sm x-hide-xl x-hide-xs e877-e31 mod-z\"><ul>\n<li>Wer ist Jesus? Warum starb Jesus?<\/li>\n<li>Was kann mir Gewissheit im Glauben geben?<\/li>\n<li>Beten - wie und warum? Die Bibel - nur ein verstaubtes Buch?<\/li>\n<li>Wie f&uuml;hrt uns Gott? Wie widerstehe ich dem B&ouml;sen?<\/li>\n<li>Thema &bdquo;Heiliger Geist <em>(Alpha-Wochenende)<\/em><\/li>\n<li>Wie widerstehe ich dem B&ouml;sen?<\/li>\n<li>Mit anderen &uuml;ber Christsein reden<\/li>\n<li>Heilt Gott auch heute noch?<\/li>\n<li>Welchen Stellenwert hat die&nbsp;Kirche?<\/li>\n<\/ul><\/div><div class=\"x-text x-content e877-e32 mod-z\"><p><br \/>11 Dienstage von 21. April bis 30. Juni &middot; jeweils 19&ndash;21 Uhr<br data-start=\"373\" data-end=\"376\" \/>Zus&auml;tzlich ein Alpha-Wochenende vom 19.&ndash;21. Juni (Fr&ndash;So)<br \/><br \/><\/p><\/div><hr class=\"x-line e877-e33 mod-b mod-c mod-d\"\/><div class=\"x-text x-text-headline e877-e34 mod-s mod-t mod-u mod-w\"><div class=\"x-text-content\"><div class=\"x-text-content-text\"><h3 class=\"x-text-content-text-primary\">Wie l&auml;uft ein Alpha-Kurs-Abend ab?<\/h3>\n<\/div><\/div><\/div><ul  class=\"x-feature-list\"  data-x-element=\"feature_list\" data-x-params=\"{&quot;animationOffset&quot;:&quot;50&quot;,&quot;animationDelayInitial&quot;:&quot;0&quot;,&quot;animationDelayBetween&quot;:&quot;300&quot;}\"><li  class=\"x-feature-box left-text top-text cf\" style=\" max-width: none;\" data-x-element=\"feature_box\" data-x-params=\"{&quot;child&quot;:true,&quot;graphicAnimation&quot;:&quot;none&quot;,&quot;connectorAnimation&quot;:&quot;none&quot;,&quot;alignH&quot;:&quot;left&quot;,&quot;alignV&quot;:&quot;top&quot;}\"><span class=\"x-feature-box-connector full\" style=\"font-size: 40px; left: 0; right: calc(100% - 40px); border-left: 1px dashed #272727;\"><\/span><div class=\"x-feature-box-graphic circle\"><div class=\"x-feature-box-graphic-outer circle\" style=\" margin-right: 20px;\"><div class=\"x-feature-box-graphic-inner circle\" style=\"font-size: 40px;\"><i class=\"x-icon-coffee circle\" data-x-icon-s=\"&#xf0f4;\"  style=\"margin: 0 auto; color: #ffffff; background-color: rgb(27, 152, 224);\"><\/i><\/div><\/div><\/div><div class=\"x-feature-box-content\"><h4 class=\"x-feature-box-title\" style=\"color: hsl(0, 0%, 6%);\">Ankommen & Essen<\/h4><p class=\"x-feature-box-text\">Wir starten entspannt mit einem gemeinsamen Essen - Zeit zum Ankommen und Kennenlernen.<\/p><\/div><\/li><li  class=\"x-feature-box left-text top-text cf\" style=\" max-width: none;\" data-x-element=\"feature_box\" data-x-params=\"{&quot;child&quot;:true,&quot;graphicAnimation&quot;:&quot;none&quot;,&quot;connectorAnimation&quot;:&quot;none&quot;,&quot;alignH&quot;:&quot;left&quot;,&quot;alignV&quot;:&quot;top&quot;}\"><span class=\"x-feature-box-connector full\" style=\"font-size: 40px; left: 0; right: calc(100% - 40px); border-left: 1px dashed #272727;\"><\/span><div class=\"x-feature-box-graphic circle\"><div class=\"x-feature-box-graphic-outer circle\" style=\" margin-right: 20px;\"><div class=\"x-feature-box-graphic-inner circle\" style=\"font-size: 40px;\"><i class=\"x-icon-television circle\" data-x-icon-s=\"&#xf26c;\"  style=\"margin: 0 auto; color: #ffffff; background-color: rgb(27, 152, 224);\"><\/i><\/div><\/div><\/div><div class=\"x-feature-box-content\"><h4 class=\"x-feature-box-title\" style=\"color: hsl(0, 0%, 6%);\">Kurzer Impuls<\/h4><p class=\"x-feature-box-text\">Ein kurzer Video-Impuls (ca. 20 - 30 Minuten) gibt Denkanst\u00f6\u00dfe und er\u00f6ffnet das Thema des Abends.<\/p><\/div><\/li><li  class=\"x-feature-box left-text top-text cf\" style=\" max-width: none;\" data-x-element=\"feature_box\" data-x-params=\"{&quot;child&quot;:true,&quot;graphicAnimation&quot;:&quot;none&quot;,&quot;connectorAnimation&quot;:&quot;none&quot;,&quot;alignH&quot;:&quot;left&quot;,&quot;alignV&quot;:&quot;top&quot;}\"><span class=\"x-feature-box-connector full\" style=\"font-size: 40px; left: 0; right: calc(100% - 40px); border-left: 1px dashed #272727;\"><\/span><div class=\"x-feature-box-graphic circle\"><div class=\"x-feature-box-graphic-outer circle\" style=\" margin-right: 20px;\"><div class=\"x-feature-box-graphic-inner circle\" style=\"font-size: 40px;\"><i class=\"x-icon-group circle\" data-x-icon-s=\"&#xf0c0;\"  style=\"margin: 0 auto; color: #ffff; background-color: rgb(27, 152, 224);\"><\/i><\/div><\/div><\/div><div class=\"x-feature-box-content\"><h4 class=\"x-feature-box-title\" style=\"color: hsl(0, 0%, 6%);\">Gespr\u00e4ch in Kleingruppen<\/h4><p class=\"x-feature-box-text\">Danach tauschen wir uns in  kleinen Gruppen aus. Du kannst zuh\u00f6ren, mitreden oder einfach nur da sein. Es gibt keine falschen Fragen und keinen Zwang, was zu sagen.<\/p><\/div><\/li><\/ul><div class=\"x-text x-content e877-e39 mod-z\"><p>Hast du noch Fragen? Dann schreibe uns einfach eine E-Mail an <a href=\"mailto:alphakurs@fcg-bielefeld.de\">alphakurs@fcg-bielefeld.de<\/a>. Wir werden dir schnellstm&ouml;glich antworten.<\/p><\/div><hr class=\"x-line e877-e40 mod-b mod-c mod-d\"\/><div class=\"x-text x-text-headline x-hide-lg x-hide-md x-hide-sm x-hide-xl x-hide-xs e877-e41 mod-t mod-u mod-w mod-x\"><div class=\"x-text-content\"><div class=\"x-text-content-text\"><h3 class=\"x-text-content-text-primary\">Der Kurs hat bereits begonnen.<\/h3>\n<\/div><\/div><\/div><div class=\"x-text x-text-headline has-graphic e877-e42 mod-u mod-v mod-y\"><div class=\"x-text-content\"><span class=\"x-graphic\" aria-hidden=\"true\"><i class=\"x-icon x-graphic-child x-graphic-icon x-graphic-primary\" aria-hidden=\"true\" data-x-icon-s=\"&#xf274;\"><\/i><\/span><div class=\"x-text-content-text\"><h3 class=\"x-text-content-text-primary\"><span style=\"font-family: Calibri, sans-serif; font-size: 14.666666984558105px;\">Start:<\/span><strong><span style=\"font-family: Calibri, sans-serif; font-size: 14.666666984558105px;\"> Dienstag, 21. April 2026<br \/><\/span><\/strong><span style=\"font-family: Calibri, sans-serif; font-size: 14.666666984558105px;\">Der erste Abend ist unverbindlich.<\/span><\/h3>\n<\/div><\/div><\/div><hr class=\"x-line e877-e43 mod-b mod-d mod-e\"\/><a class=\"x-anchor x-anchor-button has-graphic e877-e44 mod-k mod-l mod-n mod-o mod-q\" tabindex=\"0\" href=\"https:\/\/fcg-intern.church.tools\/publicgroup\/2861\" target=\"_blank\" rel=\"noopener noreferrer\"><div class=\"x-anchor-content\"><span class=\"x-graphic\" aria-hidden=\"true\"><i data-x-single-anim=\"x-scale-up\" class=\"x-icon x-graphic-child x-graphic-icon x-graphic-primary\" aria-hidden=\"true\" data-x-icon-s=\"&#xf0a9;\"><\/i><\/span><div class=\"x-anchor-text\"><span class=\"x-anchor-text-primary\">JETZT anmelden<\/span><\/div><\/div><\/a><a class=\"x-anchor x-anchor-button has-graphic x-hide-lg x-hide-md x-hide-sm x-hide-xl x-hide-xs e877-e45 mod-k mod-l mod-n mod-o mod-p\" tabindex=\"0\" href=\"https:\/\/fcg-intern.church.tools\/publicgroup\/2207\" target=\"_blank\" rel=\"noopener noreferrer\"><div class=\"x-anchor-content\"><span class=\"x-graphic\" aria-hidden=\"true\"><i data-x-single-anim=\"x-scale-up\" class=\"x-icon x-graphic-child x-graphic-icon x-graphic-primary\" aria-hidden=\"true\" data-x-icon-s=\"&#xf0a9;\"><\/i><\/span><div class=\"x-anchor-text\"><span class=\"x-anchor-text-primary\">Anmeldung zum <strong>Alpha-FEST<\/strong><\/span><\/div><\/div><\/a><div class=\"x-text x-content e877-e46 mod-z\"><p style=\"text-align: right;\">Besuche <a href=\"https:\/\/alphakurs.de\/teilnehmen\/\" target=\"_blank\" rel=\"noopener\">alphakurs.de<\/a> f&uuml;r mehr Informationen zum Kurs.<br \/><a href=\"https:\/\/alphakurs.de\/teilnehmen\/\" target=\"_blank\" rel=\"noopener\"><img loading=\"lazy\" decoding=\"async\" class=\"alignright size-full\" src=\"https:\/\/upload.wikimedia.org\/wikipedia\/commons\/1\/17\/Alpha_course_logo.png\" alt=\"Alpha Logo\" width=\"122\" height=\"123\" \/><\/a><\/p>\n<p style=\"text-align: right;\">&nbsp;<\/p>\n<p style=\"text-align: right;\">&nbsp;<\/p><\/div><hr class=\"x-line e877-e47 mod-b mod-d mod-e\"\/><hr class=\"x-line e877-e48 mod-b mod-d mod-e\"\/><\/div><\/div><\/div><\/div>","protected":false},"excerpt":{"rendered":"<p>Alpha-KursDer Glaubenskurs f&uuml;r deine Fragen in der FCG BielefeldHomeDer Weg zu GottAlpha-KursKleingruppenLife CollegeEhevorbereitungKindersegnungSeelsorgeMeine Gemeinde SeminarTaufeMitgliedschaftMitmachenAlpha-Fest am 27.03.2023 Anmeldung zum Alpha-FESTHerzlich Willkommen zum Alpha-Fest mit einem Kurzvideo-Vortrag zum Thema: &#8222;Hat das Leben mehr zu bieten?&#8220;Au&szlig;erdem erwarten dich Musik, Erlebnisberichte und gemeinsames Essen. Zus&auml;tzlich wird der Alpha-Kurs (ein Glaubensgrundkurs) vorgestellt, der zwei Wochen sp&auml;ter startet. Das Alpha-Fest startet am 27.03.2023 um 19 Uhr in den R&auml;umlichkeiten der Kirche und geht bis ca. 21 Uhr. F&uuml;r das Alphafest kannst du dich unabh&auml;ngig vom darauf folgenden Alphakurs anmelden. Es bietet dir die Chance einen Einblick zu erhalten um dich entscheiden zu k&ouml;nnen ob du &#8230;<\/p>","protected":false},"author":2,"featured_media":886,"parent":0,"menu_order":0,"comment_status":"closed","ping_status":"closed","template":"template-blank-4.php","meta":{"_acf_changed":false,"inline_featured_image":false,"footnotes":""},"class_list":["post-877","page","type-page","status-publish","has-post-thumbnail","hentry"],"acf":[],"publishpress_future_workflow_manual_trigger":{"enabledWorkflows":[]},"_links":{"self":[{"href":"https:\/\/fcg-bielefeld.de\/ru\/wp-json\/wp\/v2\/pages\/877","targetHints":{"allow":["GET"]}}],"collection":[{"href":"https:\/\/fcg-bielefeld.de\/ru\/wp-json\/wp\/v2\/pages"}],"about":[{"href":"https:\/\/fcg-bielefeld.de\/ru\/wp-json\/wp\/v2\/types\/page"}],"author":[{"embeddable":true,"href":"https:\/\/fcg-bielefeld.de\/ru\/wp-json\/wp\/v2\/users\/2"}],"replies":[{"embeddable":true,"href":"https:\/\/fcg-bielefeld.de\/ru\/wp-json\/wp\/v2\/comments?post=877"}],"version-history":[{"count":46,"href":"https:\/\/fcg-bielefeld.de\/ru\/wp-json\/wp\/v2\/pages\/877\/revisions"}],"predecessor-version":[{"id":9085,"href":"https:\/\/fcg-bielefeld.de\/ru\/wp-json\/wp\/v2\/pages\/877\/revisions\/9085"}],"wp:featuredmedia":[{"embeddable":true,"href":"https:\/\/fcg-bielefeld.de\/ru\/wp-json\/wp\/v2\/media\/886"}],"wp:attachment":[{"href":"https:\/\/fcg-bielefeld.de\/ru\/wp-json\/wp\/v2\/media?parent=877"}],"curies":[{"name":"wp","href":"https:\/\/api.w.org\/{rel}","templated":true}]}}