{"id":8524,"date":"2025-06-07T01:08:24","date_gmt":"2025-06-06T23:08:24","guid":{"rendered":"https:\/\/fcg-bielefeld.de\/?page_id=8524"},"modified":"2025-06-07T01:32:51","modified_gmt":"2025-06-06T23:32:51","slug":"kuchen","status":"publish","type":"page","link":"https:\/\/fcg-bielefeld.de\/ru\/kuchen\/","title":{"rendered":"Kuchen"},"content":{"rendered":"<div id=\"cs-content\" class=\"cs-content\"><div class=\"x-section e8524-e1 m6ks-0 m6ks-1\"><div class=\"x-bg\" aria-hidden=\"true\"><div class=\"x-bg-layer-lower-image\"><\/div><div class=\"x-bg-layer-upper-color\"><\/div><\/div><div class=\"x-row x-container max width e8524-e2 m6ks-3 m6ks-4 m6ks-6\"><div class=\"x-row-inner\"><div class=\"x-col e8524-e3 m6ks-8\"><div class=\"x-text x-text-headline e8524-e4 m6ks-9\"><div class=\"x-text-content\"><div class=\"x-text-content-text\"><h2 class=\"x-text-content-text-primary\"><b>Backen ist deine Superkraft?<\/b><b><\/b><\/h2>\n<span class=\"x-text-content-text-subheadline\"><p><strong>Dann mach mit in unserem Kuchen-Team f\u00fcr den Sonntagskaffee!<\/strong><\/p>\n<p>Wir m\u00f6chten nach dem Gottesdienst Zeit f\u00fcr Begegnung schaffen \u2013 und was passt besser dazu als ein St\u00fcck leckerer Kuchen? Daf\u00fcr suchen wir Menschen, die immer mal wieder einen Kuchen beisteuern m\u00f6chten. Egal ob klassischer Marmorkuchen oder kreative Backideen \u2013 wir freuen uns auf deine Unterst\u00fctzung!<\/p>\n<p class=\"p1\"><b>Trag dich einfach ins Formular ein \u2013 wir melden uns bei dir!<\/b><b><\/b><\/p><\/span><\/div><\/div><\/div><\/div><\/div><\/div><\/div><div class=\"x-section e8524-e5 m6ks-1 m6ks-2\"><div class=\"x-row x-container max width e8524-e6 m6ks-3 m6ks-5 m6ks-7\"><div class=\"x-row-inner\"><div class=\"x-col e8524-e7 m6ks-8\"><div class=\"wpforms-container wpforms-container-full\" id=\"wpforms-8528\"><form id=\"wpforms-form-8528\" class=\"wpforms-validate wpforms-form wpforms-ajax-form\" data-formid=\"8528\" method=\"post\" enctype=\"multipart\/form-data\" action=\"\/ru\/wp-json\/wp\/v2\/pages\/8524\"><noscript class=\"wpforms-error-noscript\">\u0414\u043b\u044f \u0437\u0430\u043f\u043e\u043b\u043d\u0435\u043d\u0438\u044f \u0434\u0430\u043d\u043d\u043e\u0439 \u0444\u043e\u0440\u043c\u044b \u0432\u043a\u043b\u044e\u0447\u0438\u0442\u0435 JavaScript \u0432 \u0431\u0440\u0430\u0443\u0437\u0435\u0440\u0435.<\/noscript><div class=\"wpforms-field-container\"><div id=\"wpforms-8528-field_27-container\" class=\"wpforms-field wpforms-field-name\" data-field-id=\"27\"><label class=\"wpforms-field-label\" for=\"wpforms-8528-field_27\">Name <span class=\"wpforms-required-label\">*<\/span><\/label><div class=\"wpforms-field-row wpforms-field-medium\"><div class=\"wpforms-field-row-block wpforms-first wpforms-one-half\"><input type=\"text\" id=\"wpforms-8528-field_27\" class=\"wpforms-field-name-first wpforms-field-required\" name=\"wpforms[fields][27][first]\" required><label for=\"wpforms-8528-field_27\" class=\"wpforms-field-sublabel after \">\u0418\u043c\u044f<\/label><\/div><div class=\"wpforms-field-row-block wpforms-one-half\"><input type=\"text\" id=\"wpforms-8528-field_27-last\" class=\"wpforms-field-name-last wpforms-field-required\" name=\"wpforms[fields][27][last]\" required><label for=\"wpforms-8528-field_27-last\" class=\"wpforms-field-sublabel after \">\u0424\u0430\u043c\u0438\u043b\u0438\u044f<\/label><\/div><\/div><\/div><div id=\"wpforms-8528-field_2-container\" class=\"wpforms-field wpforms-field-email\" data-field-id=\"2\"><label class=\"wpforms-field-label\" for=\"wpforms-8528-field_2\">E-Mail-Adresse <span class=\"wpforms-required-label\">*<\/span><\/label><input type=\"email\" id=\"wpforms-8528-field_2\" class=\"wpforms-field-medium wpforms-field-required\" name=\"wpforms[fields][2]\" required><\/div><div id=\"wpforms-8528-field_28-container\" class=\"wpforms-field wpforms-field-phone\" data-field-id=\"28\"><label class=\"wpforms-field-label\" for=\"wpforms-8528-field_28\">Telefon<\/label><input type=\"tel\" id=\"wpforms-8528-field_28\" class=\"wpforms-field-medium wpforms-smart-phone-field\" data-rule-smart-phone-field=\"true\" name=\"wpforms[fields][28]\" ><\/div><div id=\"wpforms-8528-field_4-container\" class=\"wpforms-field wpforms-field-textarea\" data-field-id=\"4\"><label class=\"wpforms-field-label\" for=\"wpforms-8528-field_4\">Kommentar<\/label><textarea id=\"wpforms-8528-field_4\" class=\"wpforms-field-small\" name=\"wpforms[fields][4]\" ><\/textarea><\/div><div id=\"wpforms-8528-field_6-container\" class=\"wpforms-field wpforms-field-checkbox datenschutzhaken\" data-field-id=\"6\"><label class=\"wpforms-field-label wpforms-label-hide\" for=\"wpforms-8528-field_6\">Datenschutz <span class=\"wpforms-required-label\">*<\/span><\/label><ul id=\"wpforms-8528-field_6\" class=\"wpforms-field-required\"><li class=\"choice-1 depth-1\"><input type=\"checkbox\" id=\"wpforms-8528-field_6_1\" name=\"wpforms[fields][6][]\" value=\"Hiermit willige ich nach Art. 7 DSGVO ein, dass meine Daten aus dem Kontaktformular zur Beantwortung meiner Anfrage verarbeitet werden. Detaillierte Informationen zum Thema Datenschutz findest Du in unserer &lt;a href=&quot;https:\/\/fcg-bielefeld.de\/datenschutz\/&quot; &gt;Datenschutzerkl\u00e4rung&lt;\/a&gt;.*\" required ><label class=\"wpforms-field-label-inline\" for=\"wpforms-8528-field_6_1\">Hiermit willige ich nach Art. 7 DSGVO ein, dass meine Daten aus dem Kontaktformular zur Beantwortung meiner Anfrage verarbeitet werden. Detaillierte Informationen zum Thema Datenschutz findest Du in unserer <a href=\"https:\/\/fcg-bielefeld.de\/datenschutz\/\">Datenschutzerkl\u00e4rung<\/a>.*<\/label><\/li><\/ul><\/div><div id=\"wpforms-8528-field_8-container\" class=\"wpforms-field wpforms-field-captcha\" data-field-id=\"8\"><label class=\"wpforms-field-label\" for=\"wpforms-8528-field_8\">Sicherheitsabfrage <span class=\"wpforms-required-label\">*<\/span><\/label>\t\t\t<div class=\"wpforms-captcha-math\">\n\t\t\t\t<span class=\"wpforms-captcha-equation\">\n\t\t\t\t\t<span class=\"n1\"><\/span>\n\t\t\t\t\t<span class=\"cal\"><\/span>\n\t\t\t\t\t<span class=\"n2\"><\/span>\n\t\t\t\t\t<span class=\"e\">=<\/span>\n\t\t\t\t<\/span>\n\t\t\t\t<input type=\"text\" id=\"wpforms-8528-field_8\" class=\"wpforms-field-medium wpforms-field-required a\" data-rule-wpf-captcha=\"math\" name=\"wpforms[fields][8][a]\" required>\t\t\t\t<input type=\"hidden\" name=\"wpforms[fields][8][cal]\" class=\"cal\">\n\t\t\t\t<input type=\"hidden\" name=\"wpforms[fields][8][n2]\" class=\"n2\">\n\t\t\t\t<input type=\"hidden\" name=\"wpforms[fields][8][n1]\" class=\"n1\">\n\t\t\t<\/div>\n\t\t\t<\/div><\/div><div class=\"wpforms-field wpforms-field-hp\"><label for=\"wpforms-8528-field-hp\" class=\"wpforms-field-label\">Website<\/label><input type=\"text\" name=\"wpforms[hp]\" id=\"wpforms-8528-field-hp\" class=\"wpforms-field-medium\"><\/div><div class=\"wpforms-submit-container\" ><input type=\"hidden\" name=\"wpforms[id]\" value=\"8528\"><input type=\"hidden\" name=\"wpforms[author]\" value=\"2\"><button type=\"submit\" name=\"wpforms[submit]\" class=\"wpforms-submit \" id=\"wpforms-submit-8528\" value=\"wpforms-submit\" aria-live=\"assertive\" data-alt-text=\"Senden\" data-submit-text=\"Absenden\">Absenden<\/button><img loading=\"lazy\" decoding=\"async\" src=\"https:\/\/fcg-bielefeld.de\/wp-content\/plugins\/wpforms\/assets\/images\/submit-spin.svg\" class=\"wpforms-submit-spinner\" style=\"display: none;\" width=\"26\" height=\"26\" alt=\"\"><\/div><\/form><\/div>  <!-- .wpforms-container --><\/div><\/div><\/div><\/div><\/div>\n","protected":false},"excerpt":{"rendered":"<p>Backen ist deine Superkraft? Dann mach mit in unserem Kuchen-Team f\u00fcr den Sonntagskaffee! Wir m\u00f6chten nach dem Gottesdienst Zeit f\u00fcr Begegnung schaffen \u2013 und was passt besser dazu als ein St\u00fcck leckerer Kuchen? Daf\u00fcr suchen wir Menschen, die immer mal wieder einen Kuchen beisteuern m\u00f6chten. Egal ob klassischer Marmorkuchen oder kreative Backideen \u2013 wir freuen uns auf deine Unterst\u00fctzung! Trag dich einfach ins Formular ein \u2013 wir melden uns bei dir!\u0414\u043b\u044f \u0437\u0430\u043f\u043e\u043b\u043d\u0435\u043d\u0438\u044f \u0434\u0430\u043d\u043d\u043e\u0439 \u0444\u043e\u0440\u043c\u044b \u0432\u043a\u043b\u044e\u0447\u0438\u0442\u0435 JavaScript \u0432 \u0431\u0440\u0430\u0443\u0437\u0435\u0440\u0435.Name *\u0418\u043c\u044f\u0424\u0430\u043c\u0438\u043b\u0438\u044fE-Mail-Adresse *TelefonKommentarDatenschutz *Hiermit willige ich nach Art. 7 DSGVO ein, dass meine Daten aus dem Kontaktformular zur Beantwortung meiner Anfrage verarbeitet werden. &#8230;<\/p>","protected":false},"author":2,"featured_media":0,"parent":0,"menu_order":0,"comment_status":"closed","ping_status":"closed","template":"template-blank-1.php","meta":{"_acf_changed":false,"inline_featured_image":false,"footnotes":""},"class_list":["post-8524","page","type-page","status-publish","hentry","no-post-thumbnail"],"acf":[],"publishpress_future_workflow_manual_trigger":{"enabledWorkflows":[]},"_links":{"self":[{"href":"https:\/\/fcg-bielefeld.de\/ru\/wp-json\/wp\/v2\/pages\/8524","targetHints":{"allow":["GET"]}}],"collection":[{"href":"https:\/\/fcg-bielefeld.de\/ru\/wp-json\/wp\/v2\/pages"}],"about":[{"href":"https:\/\/fcg-bielefeld.de\/ru\/wp-json\/wp\/v2\/types\/page"}],"author":[{"embeddable":true,"href":"https:\/\/fcg-bielefeld.de\/ru\/wp-json\/wp\/v2\/users\/2"}],"replies":[{"embeddable":true,"href":"https:\/\/fcg-bielefeld.de\/ru\/wp-json\/wp\/v2\/comments?post=8524"}],"version-history":[{"count":3,"href":"https:\/\/fcg-bielefeld.de\/ru\/wp-json\/wp\/v2\/pages\/8524\/revisions"}],"predecessor-version":[{"id":8530,"href":"https:\/\/fcg-bielefeld.de\/ru\/wp-json\/wp\/v2\/pages\/8524\/revisions\/8530"}],"wp:attachment":[{"href":"https:\/\/fcg-bielefeld.de\/ru\/wp-json\/wp\/v2\/media?parent=8524"}],"curies":[{"name":"wp","href":"https:\/\/api.w.org\/{rel}","templated":true}]}}