{"id":697,"date":"2017-10-17T13:55:49","date_gmt":"2017-10-17T11:55:49","guid":{"rendered":"https:\/\/fcg-bielefeld.de\/?page_id=697"},"modified":"2026-01-30T10:52:07","modified_gmt":"2026-01-30T09:52:07","slug":"meine-gemeinde-seminar","status":"publish","type":"page","link":"https:\/\/fcg-bielefeld.de\/ru\/meine-gemeinde-seminar\/","title":{"rendered":"\u0421\u0435\u043c\u0438\u043d\u0430\u0440 \"\u041c\u043e\u044f \u0446\u0435\u0440\u043a\u043e\u0432\u044c\""},"content":{"rendered":"<div id=\"cs-content\" class=\"cs-content\"><div class=\"x-section e697-e1 mjd-0 mjd-1\" id=\"topimg\"><div class=\"x-bg\" aria-hidden=\"true\"><div class=\"x-bg-layer-lower-image\"><\/div><div class=\"x-bg-layer-upper-color\"><\/div><\/div><div class=\"x-container max width e697-e2 mjd-5\"><div class=\"x-column x-sm x-1-1 e697-e3 mjd-6 mjd-7\"><div class=\"x-content-area e697-e4 mjd-9\"><h1 class=\"h1 masthead white\"><span>Meine Gemeinde Seminar<\/span><br \/><span class=\"h2 subhead white\">An einem Nachmittag unsere Gemeinde kennenlernen<\/span><\/h1><\/div><\/div><\/div><\/div><div class=\"x-section e697-e5 mjd-0 mjd-2 greenln\"><div class=\"x-container max width e697-e6 mjd-5\"><div class=\"x-column x-sm x-1-1 e697-e7 mjd-6 mjd-7\"><hr class=\"x-line e697-e8 mjd-a mjd-b\"\/><\/div><\/div><\/div><div class=\"x-section e697-e9 mjd-0 mjd-3\"><div class=\"x-container max width e697-e10 mjd-5\"><div class=\"x-column x-sm x-1-1 e697-e11 mjd-6 mjd-7\"><nav class=\"x-crumbs e697-e12 mjd-g\" role=\"navigation\"><ol class=\"x-crumbs-list\" itemscope=\"\" itemtype=\"http:\/\/schema.org\/BreadcrumbList\" aria-label=\"Breadcrumb Navigation\"><li class=\"x-crumbs-list-item\" itemprop=\"itemListElement\" itemscope itemtype=\"http:\/\/schema.org\/ListItem\"><a class=\"x-crumbs-current x-crumbs-link\" itemtype=\"http:\/\/schema.org\/Thing\" itemprop=\"item\" href=\"https:\/\/fcg-bielefeld.de\/ru\/\" title=\"You Are Here\"><span itemprop=\"name\">Home<\/span><\/a><meta itemprop=\"position\" content=\"1\"><\/li><\/ol><\/nav><\/div><\/div><\/div><div class=\"x-section e697-e13 mjd-0 mjd-4\"><div class=\"x-container max width e697-e14 mjd-5\"><div class=\"x-column x-sm x-1-4 e697-e15 mjd-6 mjd-8 jsSticky\"><ul class=\"x-menu-first-level x-menu x-menu-inline e697-e16 mjd-h mjd-i nextstepsmenu\" data-x-hoverintent=\"{&quot;interval&quot;:50,&quot;timeout&quot;:500,&quot;sensitivity&quot;:9}\"><li class=\"menu-item menu-item-type-post_type menu-item-object-page menu-item-619\" id=\"menu-item-619\"><a class=\"x-anchor x-anchor-menu-item mjd-j mjd-k\" tabindex=\"0\" href=\"https:\/\/fcg-bielefeld.de\/ru\/der-weg-zu-gott\/\"><div class=\"x-anchor-content\"><div class=\"x-anchor-text\"><span class=\"x-anchor-text-primary\">Der Weg zu Gott<\/span><\/div><i class=\"x-anchor-sub-indicator\" data-x-skip-scroll=\"true\" aria-hidden=\"true\" data-x-icon-s=\"&#xf107;\"><\/i><\/div><\/a><\/li><li class=\"menu-item menu-item-type-post_type menu-item-object-page menu-item-879\" id=\"menu-item-879\"><a class=\"x-anchor x-anchor-menu-item mjd-j mjd-k\" tabindex=\"0\" href=\"https:\/\/fcg-bielefeld.de\/ru\/alphakurs\/\"><div class=\"x-anchor-content\"><div class=\"x-anchor-text\"><span class=\"x-anchor-text-primary\">Alpha-Kurs<\/span><\/div><i class=\"x-anchor-sub-indicator\" data-x-skip-scroll=\"true\" aria-hidden=\"true\" data-x-icon-s=\"&#xf107;\"><\/i><\/div><\/a><\/li><li class=\"menu-item menu-item-type-post_type menu-item-object-page menu-item-623\" id=\"menu-item-623\"><a class=\"x-anchor x-anchor-menu-item mjd-j mjd-k\" tabindex=\"0\" href=\"https:\/\/fcg-bielefeld.de\/ru\/kleingruppen\/\"><div class=\"x-anchor-content\"><div class=\"x-anchor-text\"><span class=\"x-anchor-text-primary\">Kleingruppen<\/span><\/div><i class=\"x-anchor-sub-indicator\" data-x-skip-scroll=\"true\" aria-hidden=\"true\" data-x-icon-s=\"&#xf107;\"><\/i><\/div><\/a><\/li><li class=\"menu-item menu-item-type-post_type menu-item-object-page menu-item-621\" id=\"menu-item-621\"><a class=\"x-anchor x-anchor-menu-item mjd-j mjd-k\" tabindex=\"0\" href=\"https:\/\/fcg-bielefeld.de\/ru\/lifecollege\/\"><div class=\"x-anchor-content\"><div class=\"x-anchor-text\"><span class=\"x-anchor-text-primary\">Life College<\/span><\/div><i class=\"x-anchor-sub-indicator\" data-x-skip-scroll=\"true\" aria-hidden=\"true\" data-x-icon-s=\"&#xf107;\"><\/i><\/div><\/a><\/li><li class=\"menu-item menu-item-type-post_type menu-item-object-page menu-item-2445\" id=\"menu-item-2445\"><a class=\"x-anchor x-anchor-menu-item mjd-j mjd-k\" tabindex=\"0\" href=\"https:\/\/fcg-bielefeld.de\/ru\/ehevorbereitung\/\"><div class=\"x-anchor-content\"><div class=\"x-anchor-text\"><span class=\"x-anchor-text-primary\">Ehevorbereitung<\/span><\/div><i class=\"x-anchor-sub-indicator\" data-x-skip-scroll=\"true\" aria-hidden=\"true\" data-x-icon-s=\"&#xf107;\"><\/i><\/div><\/a><\/li><li class=\"menu-item menu-item-type-custom menu-item-object-custom menu-item-5771\" id=\"menu-item-5771\"><a class=\"x-anchor x-anchor-menu-item mjd-j mjd-k\" tabindex=\"0\" href=\"\/gemeindeleben\/#kindersegnung\"><div class=\"x-anchor-content\"><div class=\"x-anchor-text\"><span class=\"x-anchor-text-primary\">Kindersegnung<\/span><\/div><i class=\"x-anchor-sub-indicator\" data-x-skip-scroll=\"true\" aria-hidden=\"true\" data-x-icon-s=\"&#xf107;\"><\/i><\/div><\/a><\/li><li class=\"menu-item menu-item-type-post_type menu-item-object-page menu-item-8593\" id=\"menu-item-8593\"><a class=\"x-anchor x-anchor-menu-item mjd-j mjd-k\" tabindex=\"0\" href=\"https:\/\/fcg-bielefeld.de\/ru\/seelsorge\/\"><div class=\"x-anchor-content\"><div class=\"x-anchor-text\"><span class=\"x-anchor-text-primary\">Seelsorge<\/span><\/div><i class=\"x-anchor-sub-indicator\" data-x-skip-scroll=\"true\" aria-hidden=\"true\" data-x-icon-s=\"&#xf107;\"><\/i><\/div><\/a><\/li><li class=\"menu-item menu-item-type-post_type menu-item-object-page menu-item-708\" id=\"menu-item-708\"><a class=\"x-anchor x-anchor-menu-item mjd-j mjd-k\" tabindex=\"0\" href=\"https:\/\/fcg-bielefeld.de\/ru\/meine-gemeinde-seminar\/\"><div class=\"x-anchor-content\"><div class=\"x-anchor-text\"><span class=\"x-anchor-text-primary\">Meine Gemeinde Seminar<\/span><\/div><i class=\"x-anchor-sub-indicator\" data-x-skip-scroll=\"true\" aria-hidden=\"true\" data-x-icon-s=\"&#xf107;\"><\/i><\/div><\/a><\/li><li class=\"menu-item menu-item-type-post_type menu-item-object-page menu-item-620\" id=\"menu-item-620\"><a class=\"x-anchor x-anchor-menu-item mjd-j mjd-k\" tabindex=\"0\" href=\"https:\/\/fcg-bielefeld.de\/ru\/taufe\/\"><div class=\"x-anchor-content\"><div class=\"x-anchor-text\"><span class=\"x-anchor-text-primary\">Taufe<\/span><\/div><i class=\"x-anchor-sub-indicator\" data-x-skip-scroll=\"true\" aria-hidden=\"true\" data-x-icon-s=\"&#xf107;\"><\/i><\/div><\/a><\/li><li class=\"menu-item menu-item-type-post_type menu-item-object-page menu-item-709\" id=\"menu-item-709\"><a class=\"x-anchor x-anchor-menu-item mjd-j mjd-k\" tabindex=\"0\" href=\"https:\/\/fcg-bielefeld.de\/ru\/mitgliedschaft\/\"><div class=\"x-anchor-content\"><div class=\"x-anchor-text\"><span class=\"x-anchor-text-primary\">Mitgliedschaft<\/span><\/div><i class=\"x-anchor-sub-indicator\" data-x-skip-scroll=\"true\" aria-hidden=\"true\" data-x-icon-s=\"&#xf107;\"><\/i><\/div><\/a><\/li><li class=\"menu-item menu-item-type-post_type menu-item-object-page menu-item-622\" id=\"menu-item-622\"><a class=\"x-anchor x-anchor-menu-item mjd-j mjd-k\" tabindex=\"0\" href=\"https:\/\/fcg-bielefeld.de\/ru\/mitmachen\/\"><div class=\"x-anchor-content\"><div class=\"x-anchor-text\"><span class=\"x-anchor-text-primary\">Mitmachen<\/span><\/div><i class=\"x-anchor-sub-indicator\" data-x-skip-scroll=\"true\" aria-hidden=\"true\" data-x-icon-s=\"&#xf107;\"><\/i><\/div><\/a><\/li><\/ul><\/div><div class=\"x-column x-sm x-3-4 e697-e17 mjd-6 mjd-7\"><div class=\"x-grid e697-e18 mjd-m\"><div class=\"x-cell e697-e19 mjd-n\"><div class=\"x-text x-content e697-e20 mjd-o mjd-p\"><h2 class=\"h3\">Die FCG Bielefeld kennenlernen<\/h2>\n<p>Das &bdquo;Meine Gemeinde Seminar&ldquo; ist ein Informations- und Austauschabend mit unserem Hauptpastor und Gemeindeleiter Nico Strobel. An diesem Abend erf&auml;hrst Du mehr &uuml;ber unsere Gemeindegeschichte, unsere Gemeindewerte und unser Gemeindeleben. Gleichzeitig hast Du die M&ouml;glichkeit, Fragen loszuwerden. Bitte melde Dich &uuml;ber das Formular unten an.<\/p><\/div><div class=\"x-text x-text-headline has-graphic e697-e21 mjd-r mjd-s\"><div class=\"x-text-content\"><span class=\"x-graphic\" aria-hidden=\"true\"><i class=\"x-icon x-graphic-child x-graphic-icon x-graphic-primary\" aria-hidden=\"true\" data-x-icon-s=\"&#xf274;\"><\/i><\/span><div class=\"x-text-content-text\"><h3 class=\"x-text-content-text-primary\"><strong>Die n&auml;chsten Termine f&uuml;r 2026: Dienstag, 3. M&auml;rz | Dienstag, 16. Juni<br \/><\/strong>Die Seminare finden jeweils um 19 Uhr im Konferenzraum\/Gemeindeb&uuml;ro in Leopoldsh&ouml;he (Westring 57, 33818 Leopoldsh&ouml;he-Asemissen) statt.<\/h3>\n<\/div><\/div><\/div><div class=\"x-text x-content e697-e22 mjd-o mjd-p\"><p>Wenn Du m&ouml;chtest, dass die FCG Bielefeld Deine Gemeinde wird, dann kannst Du dies &uuml;ber eine <a href=\"..\/mitgliedschaft\/\">Mitgliedschaft<\/a> verbindlich machen. F&uuml;lle als ersten Schritt das <a href=\"\/mitgliedschaft\">Anmeldeformular zur Mitgliedschaft<\/a> aus.<\/p><\/div><\/div><\/div><hr class=\"x-line e697-e24 mjd-b mjd-e\"\/><div class=\"x-text x-text-headline has-graphic x-hide-lg x-hide-md x-hide-sm x-hide-xl x-hide-xs e697-e25 mjd-s mjd-t\"><div class=\"x-text-content\"><span class=\"x-graphic\" aria-hidden=\"true\"><i class=\"x-icon x-graphic-child x-graphic-icon x-graphic-primary\" aria-hidden=\"true\" data-x-icon-s=\"&#xf090;\"><\/i><\/span><div class=\"x-text-content-text\"><h3 class=\"x-text-content-text-primary\">F\u00fcr eine bessere Planung melde Dich bitte \u00fcber das Formular oder \u00fcber das Gemeindeb\u00fcro an.<\/h3>\n<\/div><\/div><\/div><hr class=\"x-line e697-e26 mjd-b mjd-c mjd-d\"\/><div class=\"x-text x-content e697-e27 mjd-o mjd-q\"><div class=\"wpforms-container wpforms-container-full\" id=\"wpforms-3804\"><form id=\"wpforms-form-3804\" class=\"wpforms-validate wpforms-form wpforms-ajax-form\" data-formid=\"3804\" method=\"post\" enctype=\"multipart\/form-data\" action=\"\/ru\/wp-json\/wp\/v2\/pages\/697\"><noscript class=\"wpforms-error-noscript\">\u0414\u043b\u044f \u0437\u0430\u043f\u043e\u043b\u043d\u0435\u043d\u0438\u044f \u0434\u0430\u043d\u043d\u043e\u0439 \u0444\u043e\u0440\u043c\u044b \u0432\u043a\u043b\u044e\u0447\u0438\u0442\u0435 JavaScript \u0432 \u0431\u0440\u0430\u0443\u0437\u0435\u0440\u0435.<\/noscript><div class=\"wpforms-field-container\"><div id=\"wpforms-3804-field_1-container\" class=\"wpforms-field wpforms-field-text\" data-field-id=\"1\"><label class=\"wpforms-field-label wpforms-label-hide\" for=\"wpforms-3804-field_1\">Name <span class=\"wpforms-required-label\">*<\/span><\/label><input type=\"text\" id=\"wpforms-3804-field_1\" class=\"wpforms-field-medium wpforms-field-required\" name=\"wpforms[fields][1]\" placeholder=\"Name*\" required><\/div><div id=\"wpforms-3804-field_2-container\" class=\"wpforms-field wpforms-field-email wpforms-one-half wpforms-first\" data-field-id=\"2\"><label class=\"wpforms-field-label wpforms-label-hide\" for=\"wpforms-3804-field_2\">Email <span class=\"wpforms-required-label\">*<\/span><\/label><input type=\"email\" id=\"wpforms-3804-field_2\" class=\"wpforms-field-medium wpforms-field-required\" name=\"wpforms[fields][2]\" placeholder=\"E-Mail-Adresse*\" required><\/div><div id=\"wpforms-3804-field_7-container\" class=\"wpforms-field wpforms-field-text wpforms-one-half\" data-field-id=\"7\"><label class=\"wpforms-field-label wpforms-label-hide\" for=\"wpforms-3804-field_7\">Telefonnummer<\/label><input type=\"text\" id=\"wpforms-3804-field_7\" class=\"wpforms-field-medium\" name=\"wpforms[fields][7]\" placeholder=\"Telefonnr.\" ><\/div><div id=\"wpforms-3804-field_9-container\" class=\"wpforms-field wpforms-field-radio wpforms-list-inline\" data-field-id=\"9\"><label class=\"wpforms-field-label\" for=\"wpforms-3804-field_9\">Terminauswahl <span class=\"wpforms-required-label\">*<\/span><\/label><ul id=\"wpforms-3804-field_9\" class=\"wpforms-field-required\"><li class=\"choice-17 depth-1\"><input type=\"radio\" id=\"wpforms-3804-field_9_17\" name=\"wpforms[fields][9]\" value=\"Dienstag, 16. Juni\" required ><label class=\"wpforms-field-label-inline\" for=\"wpforms-3804-field_9_17\">Dienstag, 16. Juni<\/label><\/li><\/ul><div class=\"wpforms-field-description\">Die Seminare finden jeweils um 19 Uhr im Konferenzraum\/Gemeindeb\u00fcro in Leopoldsh\u00f6he (Westring 57, 33818 Leopoldsh\u00f6he-Asemissen) statt.<\/div><\/div><div id=\"wpforms-3804-field_4-container\" class=\"wpforms-field wpforms-field-textarea\" data-field-id=\"4\"><label class=\"wpforms-field-label wpforms-label-hide\" for=\"wpforms-3804-field_4\">Weitere-Personen<\/label><textarea id=\"wpforms-3804-field_4\" class=\"wpforms-field-medium\" name=\"wpforms[fields][4]\" placeholder=\"Ich m\u00f6chte weitere Personen anmelden (Vor- &amp; Nachname; ...)\" ><\/textarea><\/div><div id=\"wpforms-3804-field_6-container\" class=\"wpforms-field wpforms-field-checkbox datenschutzhaken\" data-field-id=\"6\"><label class=\"wpforms-field-label wpforms-label-hide\" for=\"wpforms-3804-field_6\">Datenschutz <span class=\"wpforms-required-label\">*<\/span><\/label><ul id=\"wpforms-3804-field_6\" class=\"wpforms-field-required\"><li class=\"choice-1 depth-1\"><input type=\"checkbox\" id=\"wpforms-3804-field_6_1\" name=\"wpforms[fields][6][]\" value=\"Hiermit willige ich nach Art. 7 DSGVO ein, dass meine Daten aus dem Kontaktformular zur Beantwortung meiner Anfrage verarbeitet werden. Detaillierte Informationen zum Thema Datenschutz findest Du in unserer &lt;a href=&quot;https:\/\/fcg-bielefeld.de\/datenschutz\/&quot; &gt;Datenschutzerkl\u00e4rung&lt;\/a&gt;.*\" required ><label class=\"wpforms-field-label-inline\" for=\"wpforms-3804-field_6_1\">Hiermit willige ich nach Art. 7 DSGVO ein, dass meine Daten aus dem Kontaktformular zur Beantwortung meiner Anfrage verarbeitet werden. Detaillierte Informationen zum Thema Datenschutz findest Du in unserer <a href=\"https:\/\/fcg-bielefeld.de\/datenschutz\/\">Datenschutzerkl\u00e4rung<\/a>.*<\/label><\/li><\/ul><\/div><div id=\"wpforms-3804-field_8-container\" class=\"wpforms-field wpforms-field-captcha\" data-field-id=\"8\"><label class=\"wpforms-field-label\" for=\"wpforms-3804-field_8\">Sicherheitsabfrage <span class=\"wpforms-required-label\">*<\/span><\/label>\t\t\t<div class=\"wpforms-captcha-math\">\n\t\t\t\t<span class=\"wpforms-captcha-equation\">\n\t\t\t\t\t<span class=\"n1\"><\/span>\n\t\t\t\t\t<span class=\"cal\"><\/span>\n\t\t\t\t\t<span class=\"n2\"><\/span>\n\t\t\t\t\t<span class=\"e\">=<\/span>\n\t\t\t\t<\/span>\n\t\t\t\t<input type=\"text\" id=\"wpforms-3804-field_8\" class=\"wpforms-field-medium wpforms-field-required a\" data-rule-wpf-captcha=\"math\" name=\"wpforms[fields][8][a]\" required>\t\t\t\t<input type=\"hidden\" name=\"wpforms[fields][8][cal]\" class=\"cal\">\n\t\t\t\t<input type=\"hidden\" name=\"wpforms[fields][8][n2]\" class=\"n2\">\n\t\t\t\t<input type=\"hidden\" name=\"wpforms[fields][8][n1]\" class=\"n1\">\n\t\t\t<\/div>\n\t\t\t<\/div><\/div><div class=\"wpforms-field wpforms-field-hp\"><label for=\"wpforms-3804-field-hp\" class=\"wpforms-field-label\">Website<\/label><input type=\"text\" name=\"wpforms[hp]\" id=\"wpforms-3804-field-hp\" class=\"wpforms-field-medium\"><\/div><div class=\"wpforms-submit-container\" ><input type=\"hidden\" name=\"wpforms[id]\" value=\"3804\"><input type=\"hidden\" name=\"wpforms[author]\" value=\"2\"><button type=\"submit\" name=\"wpforms[submit]\" class=\"wpforms-submit \" id=\"wpforms-submit-3804\" value=\"wpforms-submit\" aria-live=\"assertive\" data-alt-text=\"Senden\" data-submit-text=\"Absenden\">Absenden<\/button><img loading=\"lazy\" decoding=\"async\" src=\"https:\/\/fcg-bielefeld.de\/wp-content\/plugins\/wpforms\/assets\/images\/submit-spin.svg\" class=\"wpforms-submit-spinner\" style=\"display: none;\" width=\"26\" height=\"26\" alt=\"\"><\/div><\/form><\/div>  <!-- .wpforms-container --><\/div><div class=\"x-text x-content e697-e28 mjd-o\"><p style=\"text-align: right;\"><strong>Gemeindeb&uuml;ro<br \/><\/strong><a href=\"mailto:gemeindebuero@fcg-bielefeld.de\">gemeindebuero@fcg-bielefeld.de<\/a><br \/><a href=\"tel:+4952127172\">0521 \/ 27172<\/a><\/p><\/div><hr class=\"x-line e697-e29 mjd-b mjd-d mjd-f\"\/><\/div><\/div><\/div><\/div>\n","protected":false},"excerpt":{"rendered":"<p>Meine Gemeinde SeminarAn einem Nachmittag unsere Gemeinde kennenlernenHomeDer Weg zu GottAlpha-KursKleingruppenLife CollegeEhevorbereitungKindersegnungSeelsorgeMeine Gemeinde SeminarTaufeMitgliedschaftMitmachenDie FCG Bielefeld kennenlernen Das &bdquo;Meine Gemeinde Seminar&ldquo; ist ein Informations- und Austauschabend mit unserem Hauptpastor und Gemeindeleiter Nico Strobel. An diesem Abend erf&auml;hrst Du mehr &uuml;ber unsere Gemeindegeschichte, unsere Gemeindewerte und unser Gemeindeleben. Gleichzeitig hast Du die M&ouml;glichkeit, Fragen loszuwerden. Bitte melde Dich &uuml;ber das Formular unten an.Die n&auml;chsten Termine f&uuml;r 2026: Dienstag, 3. M&auml;rz | Dienstag, 16. JuniDie Seminare finden jeweils um 19 Uhr im Konferenzraum\/Gemeindeb&uuml;ro in Leopoldsh&ouml;he (Westring 57, 33818 Leopoldsh&ouml;he-Asemissen) statt. Wenn Du m&ouml;chtest, dass die FCG Bielefeld Deine Gemeinde wird, dann kannst &#8230;<\/p>","protected":false},"author":2,"featured_media":0,"parent":0,"menu_order":0,"comment_status":"closed","ping_status":"closed","template":"template-blank-4.php","meta":{"_acf_changed":false,"inline_featured_image":false,"footnotes":""},"class_list":["post-697","page","type-page","status-publish","hentry","no-post-thumbnail"],"acf":[],"publishpress_future_workflow_manual_trigger":{"enabledWorkflows":[]},"_links":{"self":[{"href":"https:\/\/fcg-bielefeld.de\/ru\/wp-json\/wp\/v2\/pages\/697","targetHints":{"allow":["GET"]}}],"collection":[{"href":"https:\/\/fcg-bielefeld.de\/ru\/wp-json\/wp\/v2\/pages"}],"about":[{"href":"https:\/\/fcg-bielefeld.de\/ru\/wp-json\/wp\/v2\/types\/page"}],"author":[{"embeddable":true,"href":"https:\/\/fcg-bielefeld.de\/ru\/wp-json\/wp\/v2\/users\/2"}],"replies":[{"embeddable":true,"href":"https:\/\/fcg-bielefeld.de\/ru\/wp-json\/wp\/v2\/comments?post=697"}],"version-history":[{"count":31,"href":"https:\/\/fcg-bielefeld.de\/ru\/wp-json\/wp\/v2\/pages\/697\/revisions"}],"predecessor-version":[{"id":9047,"href":"https:\/\/fcg-bielefeld.de\/ru\/wp-json\/wp\/v2\/pages\/697\/revisions\/9047"}],"wp:attachment":[{"href":"https:\/\/fcg-bielefeld.de\/ru\/wp-json\/wp\/v2\/media?parent=697"}],"curies":[{"name":"wp","href":"https:\/\/api.w.org\/{rel}","templated":true}]}}