{"id":569,"date":"2017-10-12T20:05:49","date_gmt":"2017-10-12T18:05:49","guid":{"rendered":"https:\/\/fcg-bielefeld.de\/?page_id=569"},"modified":"2020-03-14T12:03:45","modified_gmt":"2020-03-14T11:03:45","slug":"der-weg-zu-gott","status":"publish","type":"page","link":"https:\/\/fcg-bielefeld.de\/ru\/der-weg-zu-gott\/","title":{"rendered":"\u041f\u0443\u0442\u044c \u043a \u0411\u043e\u0433\u0443"},"content":{"rendered":"<div id=\"cs-content\" class=\"cs-content\"><\/div>","protected":false},"excerpt":{"rendered":"<p>Der Weg zu GottDein erster Schritt zum christlichen GlaubenHomeDer Weg zu GottAlpha-KursKleingruppenLife CollegeEhevorbereitungKindersegnungSeelsorgeMeine Gemeinde SeminarTaufeMitgliedschaftMitmachenEine kleine GeschichteGute Nachricht f\u00fcr SieGott antwortenDie meisten von uns warten ungern. Wenn der Bus zu sp\u00e4t kommt, der erwartete Besuch auf sich warten l\u00e4sst, das bestellte Versandhauspaket um keinen Preis kommen will. Auch wenn wir selbst ungern warten, macht es uns oft wenig aus, andere warten zu lassen&#8230; Ein ganz bekannter Autor erz\u00e4hlt folgende Geschichte von einem Vater, der sehns\u00fcchtig auf seinen Sohn wartete:\u00a0 Ungeduldig schaute der Vater immer wieder die Stra\u00dfe hinab. Wann w\u00fcrde sein Sohn wieder kommen? Er sehnte sich nach ihm. Nachdem &#8230;<\/p>","protected":false},"author":2,"featured_media":0,"parent":0,"menu_order":0,"comment_status":"closed","ping_status":"closed","template":"template-blank-4.php","meta":{"_acf_changed":false,"inline_featured_image":false,"footnotes":""},"class_list":["post-569","page","type-page","status-publish","hentry","no-post-thumbnail"],"acf":[],"publishpress_future_workflow_manual_trigger":{"enabledWorkflows":[]},"_links":{"self":[{"href":"https:\/\/fcg-bielefeld.de\/ru\/wp-json\/wp\/v2\/pages\/569","targetHints":{"allow":["GET"]}}],"collection":[{"href":"https:\/\/fcg-bielefeld.de\/ru\/wp-json\/wp\/v2\/pages"}],"about":[{"href":"https:\/\/fcg-bielefeld.de\/ru\/wp-json\/wp\/v2\/types\/page"}],"author":[{"embeddable":true,"href":"https:\/\/fcg-bielefeld.de\/ru\/wp-json\/wp\/v2\/users\/2"}],"replies":[{"embeddable":true,"href":"https:\/\/fcg-bielefeld.de\/ru\/wp-json\/wp\/v2\/comments?post=569"}],"version-history":[{"count":0,"href":"https:\/\/fcg-bielefeld.de\/ru\/wp-json\/wp\/v2\/pages\/569\/revisions"}],"wp:attachment":[{"href":"https:\/\/fcg-bielefeld.de\/ru\/wp-json\/wp\/v2\/media?parent=569"}],"curies":[{"name":"wp","href":"https:\/\/api.w.org\/{rel}","templated":true}]}}