{"id":556,"date":"2017-10-12T19:41:53","date_gmt":"2017-10-12T17:41:53","guid":{"rendered":"https:\/\/fcg-bielefeld.de\/?page_id=556"},"modified":"2026-03-12T11:07:14","modified_gmt":"2026-03-12T10:07:14","slug":"taufe","status":"publish","type":"page","link":"https:\/\/fcg-bielefeld.de\/ru\/taufe\/","title":{"rendered":"\u041a\u0440\u0435\u0449\u0435\u043d\u0438\u0435"},"content":{"rendered":"<div id=\"cs-content\" class=\"cs-content\"><div class=\"x-section e556-e1 mfg-0 mfg-1\" id=\"topimg\"><div class=\"x-bg\" aria-hidden=\"true\"><div class=\"x-bg-layer-lower-image\"><\/div><\/div><div class=\"x-container max width e556-e2 mfg-5\"><div class=\"x-column x-sm x-1-1 e556-e3 mfg-6 mfg-7\"><div class=\"x-content-area e556-e4 mfg-9\"><h1 class=\"h1 masthead white\">Taufe<br \/><span class=\"h2 subhead white\">Dein n&auml;chster Glaubensschritt<\/span><\/h1><\/div><\/div><\/div><\/div><div class=\"x-section e556-e5 mfg-0 mfg-2 greenln\"><div class=\"x-container max width e556-e6 mfg-5\"><div class=\"x-column x-sm x-1-1 e556-e7 mfg-6 mfg-7\"><hr class=\"x-line e556-e8 mfg-a mfg-b\"\/><\/div><\/div><\/div><div class=\"x-section e556-e9 mfg-0 mfg-3\"><div class=\"x-container max width e556-e10 mfg-5\"><div class=\"x-column x-sm x-1-1 e556-e11 mfg-6 mfg-7\"><nav class=\"x-crumbs e556-e12 mfg-d\" role=\"navigation\"><ol class=\"x-crumbs-list\" itemscope=\"\" itemtype=\"http:\/\/schema.org\/BreadcrumbList\" aria-label=\"Breadcrumb Navigation\"><li class=\"x-crumbs-list-item\" itemprop=\"itemListElement\" itemscope itemtype=\"http:\/\/schema.org\/ListItem\"><a class=\"x-crumbs-current x-crumbs-link\" itemtype=\"http:\/\/schema.org\/Thing\" itemprop=\"item\" href=\"https:\/\/fcg-bielefeld.de\/ru\/\" title=\"You Are Here\"><span itemprop=\"name\">Home<\/span><\/a><meta itemprop=\"position\" content=\"1\"><\/li><\/ol><\/nav><\/div><\/div><\/div><div class=\"x-section e556-e13 mfg-0 mfg-4\"><div class=\"x-container max width e556-e14 mfg-5\"><div class=\"x-column x-sm x-1-4 e556-e15 mfg-6 mfg-8 jsSticky\"><ul class=\"x-menu-first-level x-menu x-menu-inline e556-e16 mfg-e mfg-f nextstepsmenu\" data-x-hoverintent=\"{&quot;interval&quot;:50,&quot;timeout&quot;:500,&quot;sensitivity&quot;:9}\"><li class=\"menu-item menu-item-type-post_type menu-item-object-page menu-item-619\" id=\"menu-item-619\"><a class=\"x-anchor x-anchor-menu-item mfg-g mfg-h mfg-i mfg-j\" tabindex=\"0\" href=\"https:\/\/fcg-bielefeld.de\/ru\/der-weg-zu-gott\/\"><div class=\"x-anchor-content\"><div class=\"x-anchor-text\"><span class=\"x-anchor-text-primary\">Der Weg zu Gott<\/span><\/div><i class=\"x-anchor-sub-indicator\" data-x-skip-scroll=\"true\" aria-hidden=\"true\" data-x-icon-s=\"&#xf107;\"><\/i><\/div><\/a><\/li><li class=\"menu-item menu-item-type-post_type menu-item-object-page menu-item-879\" id=\"menu-item-879\"><a class=\"x-anchor x-anchor-menu-item mfg-g mfg-h mfg-i mfg-j\" tabindex=\"0\" href=\"https:\/\/fcg-bielefeld.de\/ru\/alphakurs\/\"><div class=\"x-anchor-content\"><div class=\"x-anchor-text\"><span class=\"x-anchor-text-primary\">Alpha-Kurs<\/span><\/div><i class=\"x-anchor-sub-indicator\" data-x-skip-scroll=\"true\" aria-hidden=\"true\" data-x-icon-s=\"&#xf107;\"><\/i><\/div><\/a><\/li><li class=\"menu-item menu-item-type-post_type menu-item-object-page menu-item-623\" id=\"menu-item-623\"><a class=\"x-anchor x-anchor-menu-item mfg-g mfg-h mfg-i mfg-j\" tabindex=\"0\" href=\"https:\/\/fcg-bielefeld.de\/ru\/kleingruppen\/\"><div class=\"x-anchor-content\"><div class=\"x-anchor-text\"><span class=\"x-anchor-text-primary\">Kleingruppen<\/span><\/div><i class=\"x-anchor-sub-indicator\" data-x-skip-scroll=\"true\" aria-hidden=\"true\" data-x-icon-s=\"&#xf107;\"><\/i><\/div><\/a><\/li><li class=\"menu-item menu-item-type-post_type menu-item-object-page menu-item-621\" id=\"menu-item-621\"><a class=\"x-anchor x-anchor-menu-item mfg-g mfg-h mfg-i mfg-j\" tabindex=\"0\" href=\"https:\/\/fcg-bielefeld.de\/ru\/lifecollege\/\"><div class=\"x-anchor-content\"><div class=\"x-anchor-text\"><span class=\"x-anchor-text-primary\">Life College<\/span><\/div><i class=\"x-anchor-sub-indicator\" data-x-skip-scroll=\"true\" aria-hidden=\"true\" data-x-icon-s=\"&#xf107;\"><\/i><\/div><\/a><\/li><li class=\"menu-item menu-item-type-post_type menu-item-object-page menu-item-2445\" id=\"menu-item-2445\"><a class=\"x-anchor x-anchor-menu-item mfg-g mfg-h mfg-i mfg-j\" tabindex=\"0\" href=\"https:\/\/fcg-bielefeld.de\/ru\/ehevorbereitung\/\"><div class=\"x-anchor-content\"><div class=\"x-anchor-text\"><span class=\"x-anchor-text-primary\">Ehevorbereitung<\/span><\/div><i class=\"x-anchor-sub-indicator\" data-x-skip-scroll=\"true\" aria-hidden=\"true\" data-x-icon-s=\"&#xf107;\"><\/i><\/div><\/a><\/li><li class=\"menu-item menu-item-type-custom menu-item-object-custom menu-item-5771\" id=\"menu-item-5771\"><a class=\"x-anchor x-anchor-menu-item mfg-g mfg-h mfg-i mfg-j\" tabindex=\"0\" href=\"\/gemeindeleben\/#kindersegnung\"><div class=\"x-anchor-content\"><div class=\"x-anchor-text\"><span class=\"x-anchor-text-primary\">Kindersegnung<\/span><\/div><i class=\"x-anchor-sub-indicator\" data-x-skip-scroll=\"true\" aria-hidden=\"true\" data-x-icon-s=\"&#xf107;\"><\/i><\/div><\/a><\/li><li class=\"menu-item menu-item-type-post_type menu-item-object-page menu-item-8593\" id=\"menu-item-8593\"><a class=\"x-anchor x-anchor-menu-item mfg-g mfg-h mfg-i mfg-j\" tabindex=\"0\" href=\"https:\/\/fcg-bielefeld.de\/ru\/seelsorge\/\"><div class=\"x-anchor-content\"><div class=\"x-anchor-text\"><span class=\"x-anchor-text-primary\">Seelsorge<\/span><\/div><i class=\"x-anchor-sub-indicator\" data-x-skip-scroll=\"true\" aria-hidden=\"true\" data-x-icon-s=\"&#xf107;\"><\/i><\/div><\/a><\/li><li class=\"menu-item menu-item-type-post_type menu-item-object-page menu-item-708\" id=\"menu-item-708\"><a class=\"x-anchor x-anchor-menu-item mfg-g mfg-h mfg-i mfg-j\" tabindex=\"0\" href=\"https:\/\/fcg-bielefeld.de\/ru\/meine-gemeinde-seminar\/\"><div class=\"x-anchor-content\"><div class=\"x-anchor-text\"><span class=\"x-anchor-text-primary\">Meine Gemeinde Seminar<\/span><\/div><i class=\"x-anchor-sub-indicator\" data-x-skip-scroll=\"true\" aria-hidden=\"true\" data-x-icon-s=\"&#xf107;\"><\/i><\/div><\/a><\/li><li class=\"menu-item menu-item-type-post_type menu-item-object-page menu-item-620\" id=\"menu-item-620\"><a class=\"x-anchor x-anchor-menu-item mfg-g mfg-h mfg-i mfg-j\" tabindex=\"0\" href=\"https:\/\/fcg-bielefeld.de\/ru\/taufe\/\"><div class=\"x-anchor-content\"><div class=\"x-anchor-text\"><span class=\"x-anchor-text-primary\">Taufe<\/span><\/div><i class=\"x-anchor-sub-indicator\" data-x-skip-scroll=\"true\" aria-hidden=\"true\" data-x-icon-s=\"&#xf107;\"><\/i><\/div><\/a><\/li><li class=\"menu-item menu-item-type-post_type menu-item-object-page menu-item-709\" id=\"menu-item-709\"><a class=\"x-anchor x-anchor-menu-item mfg-g mfg-h mfg-i mfg-j\" tabindex=\"0\" href=\"https:\/\/fcg-bielefeld.de\/ru\/mitgliedschaft\/\"><div class=\"x-anchor-content\"><div class=\"x-anchor-text\"><span class=\"x-anchor-text-primary\">Mitgliedschaft<\/span><\/div><i class=\"x-anchor-sub-indicator\" data-x-skip-scroll=\"true\" aria-hidden=\"true\" data-x-icon-s=\"&#xf107;\"><\/i><\/div><\/a><\/li><li class=\"menu-item menu-item-type-post_type menu-item-object-page menu-item-622\" id=\"menu-item-622\"><a class=\"x-anchor x-anchor-menu-item mfg-g mfg-h mfg-i mfg-j\" tabindex=\"0\" href=\"https:\/\/fcg-bielefeld.de\/ru\/mitmachen\/\"><div class=\"x-anchor-content\"><div class=\"x-anchor-text\"><span class=\"x-anchor-text-primary\">Mitmachen<\/span><\/div><i class=\"x-anchor-sub-indicator\" data-x-skip-scroll=\"true\" aria-hidden=\"true\" data-x-icon-s=\"&#xf107;\"><\/i><\/div><\/a><\/li><\/ul><\/div><div class=\"x-column x-sm x-3-4 e556-e17 mfg-6 mfg-7\"><div class=\"x-grid e556-e18 mfg-n\"><div class=\"x-cell e556-e19 mfg-o\"><div class=\"x-text x-content e556-e20 mfg-p mfg-q mfg-r\"><h2 class=\"h3\">Anmeldung zur Taufe<\/h2>\n<p>Sch&ouml;n, dass Du Dich zur Taufe anmeldest.<\/p>\n<p>Die Wassertaufe (Glaubenstaufe) ist ein ganz wichtiger Schritt auf Deinem Glaubensweg. Gerne m&ouml;chten wir Dich auf diesem Weg begleiten.<\/p>\n<p>Jeder, der sich f&uuml;r Jesus entschieden hat, soll sich nach unserem biblischen Verst&auml;ndnis taufen lassen. Glaube und Bu&szlig;e sind die einzigen biblischen Voraussetzungen fu\u0308r die Taufe. Zur Taufe sollte man sich nicht dra\u0308ngen oder treiben lassen. Wichtig ist, dass jeder Gla\u0308ubige diesen Schritt als einen notwendigen und biblischen Schritt fu\u0308r sich erkennt und durchfu\u0308hrt.<\/p>\n<div class=\"page\" title=\"Page 14\">\n<div class=\"section\">\n<div class=\"layoutArea\">\n<div class=\"column\">\n<div class=\"page\" title=\"Page 12\">\n<div class=\"section\">\n<div class=\"layoutArea\">\n<div class=\"column\">\n<p>Jesus gab uns als seine Ju\u0308nger den Missionsbefehl und dieser entha\u0308lt auch die Aufforderung zur Taufe. <br \/><span style=\"color: #005380;\"><em>Geht nun hin und macht alle Nationen zu Ju\u0308ngern, und tauft sie auf den Namen des Vaters und des Sohnes und des Heiligen Geistes. (Matth&auml;us 28,19)<\/em><\/span><\/p>\n<\/div>\n<p><strong>Die Taufe ist bei uns gleichzeitig mit einer&nbsp;<a href=\"..\/mitgliedschaft\/\">Mitgliedschaft<\/a>&nbsp;verbunden.<\/strong><br \/>Voraussetzung daf&uuml;r ist die Teilnahme am &bdquo;<a href=\"..\/meine-gemeinde-seminar\/\">Meine Gemeinde Seminar<\/a>&ldquo; und am Taufvorbereitungskurs.<\/p>\n<p>Diese Anmeldung ist der erste Schritt und hilft uns bei der Koordination. F&uuml;r den zweiten Schritt f&uuml;lle bitte den Mitgliedsantrag aus und gib ihn zeitnah digital oder ausgedruckt im Gemeindeb&uuml;ro oder bei den Pastoren ab.<\/p>\n<\/div>\n<\/div>\n<\/div>\n<\/div>\n<\/div>\n<\/div>\n<\/div><\/div><a class=\"x-anchor x-anchor-button has-graphic e556-e21 mfg-h mfg-j mfg-l mfg-m\" tabindex=\"0\" href=\"https:\/\/fcg-bielefeld.de\/wp-content\/uploads\/2024\/06\/Aufnahmeantrag_2024.pdf\" target=\"_blank\" rel=\"noopener noreferrer\"><div class=\"x-anchor-content\"><span class=\"x-graphic\" aria-hidden=\"true\"><i class=\"x-icon x-graphic-child x-graphic-icon x-graphic-primary\" aria-hidden=\"true\" data-x-icon-s=\"&#xf1c1;\"><\/i><\/span><div class=\"x-anchor-text\"><span class=\"x-anchor-text-primary\">Antrag herunterladen<\/span><\/div><\/div><\/a><div class=\"x-text x-text-headline has-graphic e556-e22 mfg-u mfg-v mfg-w\"><div class=\"x-text-content\"><span class=\"x-graphic\" aria-hidden=\"true\"><i class=\"x-icon x-graphic-child x-graphic-icon x-graphic-primary\" aria-hidden=\"true\" data-x-icon-s=\"&#xf274;\"><\/i><\/span><div class=\"x-text-content-text\"><h3 class=\"x-text-content-text-primary\"><strong>Unsere n&auml;chsten Taufen f&uuml;r 2026: 15.03. | 05.07. | 15.11.<\/strong><\/h3>\n<\/div><\/div><\/div><div class=\"x-text x-text-headline has-graphic e556-e23 mfg-u mfg-v mfg-x\"><div class=\"x-text-content\"><span class=\"x-graphic\" aria-hidden=\"true\"><i class=\"x-icon x-graphic-child x-graphic-icon x-graphic-primary\" aria-hidden=\"true\" data-x-icon-s=\"&#xe1ca;\"><\/i><\/span><div class=\"x-text-content-text\"><h3 class=\"x-text-content-text-primary\"><strong>Die n&auml;chsten Taufvorbereitungskurse:<\/strong>\n<ul>\n<li>Taufe: 15.03. &ndash; Taufvorbereitungskurs: <strong>Dienstag, den 10.03. um 19 Uhr<\/strong><\/li>\n<li>Taufe: 05.07. &ndash; Taufvorbereitungskurs: <strong>Montag, den 29.06. um 19 Uhr<\/strong><\/li>\n<li>Taufe: 15.11. &ndash; Taufvorbereitungskurs: <strong>Dienstag, den 10.11. um 19 Uhr<\/strong><\/li>\n<\/ul><\/h3>\n<\/div><\/div><\/div><\/div><\/div><div class=\"x-text x-content e556-e24 mfg-p mfg-q mfg-s\"><div class=\"wpforms-container wpforms-container-full\" id=\"wpforms-9018\"><form id=\"wpforms-form-9018\" class=\"wpforms-validate wpforms-form wpforms-ajax-form\" data-formid=\"9018\" method=\"post\" enctype=\"multipart\/form-data\" action=\"\/ru\/wp-json\/wp\/v2\/pages\/556\"><noscript class=\"wpforms-error-noscript\">\u0414\u043b\u044f \u0437\u0430\u043f\u043e\u043b\u043d\u0435\u043d\u0438\u044f \u0434\u0430\u043d\u043d\u043e\u0439 \u0444\u043e\u0440\u043c\u044b \u0432\u043a\u043b\u044e\u0447\u0438\u0442\u0435 JavaScript \u0432 \u0431\u0440\u0430\u0443\u0437\u0435\u0440\u0435.<\/noscript><div class=\"wpforms-field-container\"><div id=\"wpforms-9018-field_11-container\" class=\"wpforms-field wpforms-field-name\" data-field-id=\"11\"><label class=\"wpforms-field-label wpforms-label-hide\" for=\"wpforms-9018-field_11\">Name <span class=\"wpforms-required-label\">*<\/span><\/label><div class=\"wpforms-field-row wpforms-field-medium\"><div class=\"wpforms-field-row-block wpforms-first wpforms-one-half\"><input type=\"text\" id=\"wpforms-9018-field_11\" class=\"wpforms-field-name-first wpforms-field-required\" name=\"wpforms[fields][11][first]\" placeholder=\"Vorname*\" required><label for=\"wpforms-9018-field_11\" class=\"wpforms-field-sublabel after wpforms-sublabel-hide\">\u0418\u043c\u044f<\/label><\/div><div class=\"wpforms-field-row-block wpforms-one-half\"><input type=\"text\" id=\"wpforms-9018-field_11-last\" class=\"wpforms-field-name-last wpforms-field-required\" name=\"wpforms[fields][11][last]\" placeholder=\"Nachname*\" required><label for=\"wpforms-9018-field_11-last\" class=\"wpforms-field-sublabel after wpforms-sublabel-hide\">\u0424\u0430\u043c\u0438\u043b\u0438\u044f<\/label><\/div><\/div><\/div><div id=\"wpforms-9018-field_2-container\" class=\"wpforms-field wpforms-field-email wpforms-one-half wpforms-first\" data-field-id=\"2\"><label class=\"wpforms-field-label wpforms-label-hide\" for=\"wpforms-9018-field_2\">Email <span class=\"wpforms-required-label\">*<\/span><\/label><input type=\"email\" id=\"wpforms-9018-field_2\" class=\"wpforms-field-medium wpforms-field-required\" name=\"wpforms[fields][2]\" placeholder=\"E-Mail-Adresse*\" required><\/div><div id=\"wpforms-9018-field_7-container\" class=\"wpforms-field wpforms-field-text wpforms-one-half\" data-field-id=\"7\"><label class=\"wpforms-field-label wpforms-label-hide\" for=\"wpforms-9018-field_7\">Telefonnummer<\/label><input type=\"text\" id=\"wpforms-9018-field_7\" class=\"wpforms-field-medium\" name=\"wpforms[fields][7]\" placeholder=\"Telefonnr.\" ><\/div><div id=\"wpforms-9018-field_10-container\" class=\"wpforms-field wpforms-field-radio wpforms-conditional-trigger\" data-field-id=\"10\"><label class=\"wpforms-field-label\" for=\"wpforms-9018-field_10\">Wof\u00fcr m\u00f6chtest du dich anmelden? <span class=\"wpforms-required-label\">*<\/span><\/label><ul id=\"wpforms-9018-field_10\" class=\"wpforms-field-required\"><li class=\"choice-1 depth-1\"><input type=\"radio\" id=\"wpforms-9018-field_10_1\" name=\"wpforms[fields][10]\" value=\"Ich m\u00f6chte mich taufen lassen und Mitglied der FCG Bielefeld werden.\" required ><label class=\"wpforms-field-label-inline\" for=\"wpforms-9018-field_10_1\">Ich m\u00f6chte mich taufen lassen und Mitglied der FCG Bielefeld werden.<\/label><\/li><li class=\"choice-2 depth-1\"><input type=\"radio\" id=\"wpforms-9018-field_10_2\" name=\"wpforms[fields][10]\" value=\"Ich wurde bereits auf meinen pers\u00f6nlichen Glauben hin getauft und m\u00f6chte Mitglied der FCG Bielefeld werden.\" required ><label class=\"wpforms-field-label-inline\" for=\"wpforms-9018-field_10_2\">Ich wurde bereits auf meinen pers\u00f6nlichen Glauben hin getauft und m\u00f6chte Mitglied der FCG Bielefeld werden.<\/label><\/li><\/ul><div class=\"wpforms-field-description\">Damit ist eine Taufe gemeint, die aufgrund einer eigenen Glaubensentscheidung erfolgt ist (keine Kindertaufe).<\/div><\/div><div id=\"wpforms-9018-field_9-container\" class=\"wpforms-field wpforms-field-radio wpforms-list-inline\" data-field-id=\"9\"><label class=\"wpforms-field-label\" for=\"wpforms-9018-field_9\">Anmeldung zum \u201eMeine Gemeinde Seminar\u201c <span class=\"wpforms-required-label\">*<\/span><\/label><ul id=\"wpforms-9018-field_9\" class=\"wpforms-field-required\"><li class=\"choice-17 depth-1\"><input type=\"radio\" id=\"wpforms-9018-field_9_17\" name=\"wpforms[fields][9]\" value=\"Dienstag, 16. Juni\" required ><label class=\"wpforms-field-label-inline\" for=\"wpforms-9018-field_9_17\">Dienstag, 16. Juni<\/label><\/li><li class=\"choice-19 depth-1\"><input type=\"radio\" id=\"wpforms-9018-field_9_19\" name=\"wpforms[fields][9]\" value=\"Ich habe bereits teilgenommen\" required ><label class=\"wpforms-field-label-inline\" for=\"wpforms-9018-field_9_19\">Ich habe bereits teilgenommen<\/label><\/li><\/ul><div class=\"wpforms-field-description\">Die Teilnahme am Seminar ist f\u00fcr die Taufe und Mitgliedschaft verbindlich.\r\n\r\nDie Seminare finden jeweils um 19 Uhr im Konferenzraum\/Gemeindeb\u00fcro in Leopoldsh\u00f6he (Westring 57, 33818 Leopoldsh\u00f6he-Asemissen) statt. Mehr Infos: fcg-bielefeld.de\/meine-gemeinde-seminar<\/div><\/div><div id=\"wpforms-9018-field_13-container\" class=\"wpforms-field wpforms-field-radio wpforms-list-inline wpforms-conditional-field wpforms-conditional-show\" data-field-id=\"13\" style=\"display:none;\"><label class=\"wpforms-field-label\" for=\"wpforms-9018-field_13\">Meine T-Shirt-Gr\u00f6\u00dfe <span class=\"wpforms-required-label\">*<\/span><\/label><ul id=\"wpforms-9018-field_13\" class=\"wpforms-field-required\"><li class=\"choice-1 depth-1\"><input type=\"radio\" id=\"wpforms-9018-field_13_1\" name=\"wpforms[fields][13]\" value=\"S\" required ><label class=\"wpforms-field-label-inline\" for=\"wpforms-9018-field_13_1\">S<\/label><\/li><li class=\"choice-2 depth-1\"><input type=\"radio\" id=\"wpforms-9018-field_13_2\" name=\"wpforms[fields][13]\" value=\"M\" required ><label class=\"wpforms-field-label-inline\" for=\"wpforms-9018-field_13_2\">M<\/label><\/li><li class=\"choice-3 depth-1\"><input type=\"radio\" id=\"wpforms-9018-field_13_3\" name=\"wpforms[fields][13]\" value=\"L\" required ><label class=\"wpforms-field-label-inline\" for=\"wpforms-9018-field_13_3\">L<\/label><\/li><li class=\"choice-4 depth-1\"><input type=\"radio\" id=\"wpforms-9018-field_13_4\" name=\"wpforms[fields][13]\" value=\"XL\" required ><label class=\"wpforms-field-label-inline\" for=\"wpforms-9018-field_13_4\">XL<\/label><\/li><li class=\"choice-5 depth-1\"><input type=\"radio\" id=\"wpforms-9018-field_13_5\" name=\"wpforms[fields][13]\" value=\"XXL\" required ><label class=\"wpforms-field-label-inline\" for=\"wpforms-9018-field_13_5\">XXL<\/label><\/li><li class=\"choice-6 depth-1\"><input type=\"radio\" id=\"wpforms-9018-field_13_6\" name=\"wpforms[fields][13]\" value=\"3XL\" required ><label class=\"wpforms-field-label-inline\" for=\"wpforms-9018-field_13_6\">3XL<\/label><\/li><\/ul><div class=\"wpforms-field-description\">F\u00fcr die Taufe bekommst du von uns ein Tauf-T-Shirt (M\u00e4nnerschnitt).<\/div><\/div><div id=\"wpforms-9018-field_14-container\" class=\"wpforms-field wpforms-field-radio wpforms-list-inline wpforms-conditional-field wpforms-conditional-show wpforms-conditional-trigger\" data-field-id=\"14\" style=\"display:none;\"><label class=\"wpforms-field-label\" for=\"wpforms-9018-field_14\">Hast du einen Taufbegleiter? <span class=\"wpforms-required-label\">*<\/span><\/label><ul id=\"wpforms-9018-field_14\" class=\"wpforms-field-required\"><li class=\"choice-1 depth-1\"><input type=\"radio\" id=\"wpforms-9018-field_14_1\" name=\"wpforms[fields][14]\" value=\"Ja\" required ><label class=\"wpforms-field-label-inline\" for=\"wpforms-9018-field_14_1\">Ja<\/label><\/li><li class=\"choice-2 depth-1\"><input type=\"radio\" id=\"wpforms-9018-field_14_2\" name=\"wpforms[fields][14]\" value=\"Nein\" required ><label class=\"wpforms-field-label-inline\" for=\"wpforms-9018-field_14_2\">Nein<\/label><\/li><\/ul><div class=\"wpforms-field-description\">Taufbegleiter: Eine Person, die dich im Glauben begleitet hat und im Taufgottesdienst deinen Taufvers liest und f\u00fcr dich betet.<\/div><\/div><div id=\"wpforms-9018-field_15-container\" class=\"wpforms-field wpforms-field-name wpforms-conditional-field wpforms-conditional-show\" data-field-id=\"15\" style=\"display:none;\"><label class=\"wpforms-field-label wpforms-label-hide\" for=\"wpforms-9018-field_15\">Name <span class=\"wpforms-required-label\">*<\/span><\/label><input type=\"text\" id=\"wpforms-9018-field_15\" class=\"wpforms-field-medium wpforms-field-required\" name=\"wpforms[fields][15]\" placeholder=\"Name des Taufbelgeiters\" required><\/div><div id=\"wpforms-9018-field_16-container\" class=\"wpforms-field wpforms-field-text wpforms-conditional-field wpforms-conditional-show\" data-field-id=\"16\" style=\"display:none;\"><label class=\"wpforms-field-label\" for=\"wpforms-9018-field_16\">Zeitpunkt deiner Entscheidung f\u00fcr Jesus <span class=\"wpforms-required-label\">*<\/span><\/label><input type=\"text\" id=\"wpforms-9018-field_16\" class=\"wpforms-field-small wpforms-field-required\" name=\"wpforms[fields][16]\" placeholder=\"Datum\" required><div class=\"wpforms-field-description\">Wenn du dir nicht sicher bist, reicht auch eine ungef\u00e4hre Angabe (Monat\/Jahr oder nur Jahr).<\/div><\/div><div id=\"wpforms-9018-field_17-container\" class=\"wpforms-field wpforms-field-textarea\" data-field-id=\"17\"><label class=\"wpforms-field-label\" for=\"wpforms-9018-field_17\">M\u00f6chtest du noch etwas erg\u00e4nzen oder hast du Fragen?<\/label><textarea id=\"wpforms-9018-field_17\" class=\"wpforms-field-small\" name=\"wpforms[fields][17]\" ><\/textarea><\/div><div id=\"wpforms-9018-field_6-container\" class=\"wpforms-field wpforms-field-checkbox datenschutzhaken\" data-field-id=\"6\"><label class=\"wpforms-field-label wpforms-label-hide\" for=\"wpforms-9018-field_6\">Datenschutz <span class=\"wpforms-required-label\">*<\/span><\/label><ul id=\"wpforms-9018-field_6\" class=\"wpforms-field-required\"><li class=\"choice-1 depth-1\"><input type=\"checkbox\" id=\"wpforms-9018-field_6_1\" name=\"wpforms[fields][6][]\" value=\"Hiermit willige ich nach Art. 7 DSGVO ein, dass meine Daten aus dem Kontaktformular zur Beantwortung meiner Anfrage verarbeitet werden. Detaillierte Informationen zum Thema Datenschutz findest Du in unserer &lt;a href=&quot;https:\/\/fcg-bielefeld.de\/datenschutz\/&quot; &gt;Datenschutzerkl\u00e4rung&lt;\/a&gt;.*\" required ><label class=\"wpforms-field-label-inline\" for=\"wpforms-9018-field_6_1\">Hiermit willige ich nach Art. 7 DSGVO ein, dass meine Daten aus dem Kontaktformular zur Beantwortung meiner Anfrage verarbeitet werden. Detaillierte Informationen zum Thema Datenschutz findest Du in unserer <a href=\"https:\/\/fcg-bielefeld.de\/datenschutz\/\">Datenschutzerkl\u00e4rung<\/a>.*<\/label><\/li><\/ul><\/div><div id=\"wpforms-9018-field_8-container\" class=\"wpforms-field wpforms-field-captcha\" data-field-id=\"8\"><label class=\"wpforms-field-label\" for=\"wpforms-9018-field_8\">Sicherheitsabfrage <span class=\"wpforms-required-label\">*<\/span><\/label>\t\t\t<div class=\"wpforms-captcha-math\">\n\t\t\t\t<span class=\"wpforms-captcha-equation\">\n\t\t\t\t\t<span class=\"n1\"><\/span>\n\t\t\t\t\t<span class=\"cal\"><\/span>\n\t\t\t\t\t<span class=\"n2\"><\/span>\n\t\t\t\t\t<span class=\"e\">=<\/span>\n\t\t\t\t<\/span>\n\t\t\t\t<input type=\"text\" id=\"wpforms-9018-field_8\" class=\"wpforms-field-medium wpforms-field-required a\" data-rule-wpf-captcha=\"math\" name=\"wpforms[fields][8][a]\" required>\t\t\t\t<input type=\"hidden\" name=\"wpforms[fields][8][cal]\" class=\"cal\">\n\t\t\t\t<input type=\"hidden\" name=\"wpforms[fields][8][n2]\" class=\"n2\">\n\t\t\t\t<input type=\"hidden\" name=\"wpforms[fields][8][n1]\" class=\"n1\">\n\t\t\t<\/div>\n\t\t\t<\/div><\/div><div class=\"wpforms-field wpforms-field-hp\"><label for=\"wpforms-9018-field-hp\" class=\"wpforms-field-label\">Name<\/label><input type=\"text\" name=\"wpforms[hp]\" id=\"wpforms-9018-field-hp\" class=\"wpforms-field-medium\"><\/div><div class=\"wpforms-submit-container\" ><input type=\"hidden\" name=\"wpforms[id]\" value=\"9018\"><input type=\"hidden\" name=\"wpforms[author]\" value=\"2\"><button type=\"submit\" name=\"wpforms[submit]\" class=\"wpforms-submit \" id=\"wpforms-submit-9018\" value=\"wpforms-submit\" aria-live=\"assertive\" data-alt-text=\"Senden\" data-submit-text=\"Absenden\">Absenden<\/button><img loading=\"lazy\" decoding=\"async\" src=\"https:\/\/fcg-bielefeld.de\/wp-content\/plugins\/wpforms\/assets\/images\/submit-spin.svg\" class=\"wpforms-submit-spinner\" style=\"display: none;\" width=\"26\" height=\"26\" alt=\"\"><\/div><\/form><\/div>  <!-- .wpforms-container --><\/div><div class=\"x-text x-content e556-e25 mfg-q mfg-t\"><p><strong>Gemeindeb\u00fcro<br \/>\n<\/strong><a href=\"mailto:gemeindebuero@fcg-bielefeld.de\">gemeindebuero@fcg-bielefeld.de<\/a><br \/>\n<a href=\"tel:+4952127172\">0521 \/ 27172<\/a><\/p><\/div><hr class=\"x-line e556-e27 mfg-b mfg-c\"\/><\/div><\/div><\/div><\/div>\n","protected":false},"excerpt":{"rendered":"<p>TaufeDein n&auml;chster GlaubensschrittHomeDer Weg zu GottAlpha-KursKleingruppenLife CollegeEhevorbereitungKindersegnungSeelsorgeMeine Gemeinde SeminarTaufeMitgliedschaftMitmachenAnmeldung zur Taufe Sch&ouml;n, dass Du Dich zur Taufe anmeldest. Die Wassertaufe (Glaubenstaufe) ist ein ganz wichtiger Schritt auf Deinem Glaubensweg. Gerne m&ouml;chten wir Dich auf diesem Weg begleiten. Jeder, der sich f&uuml;r Jesus entschieden hat, soll sich nach unserem biblischen Verst&auml;ndnis taufen lassen. Glaube und Bu&szlig;e sind die einzigen biblischen Voraussetzungen fu\u0308r die Taufe. Zur Taufe sollte man sich nicht dra\u0308ngen oder treiben lassen. Wichtig ist, dass jeder Gla\u0308ubige diesen Schritt als einen notwendigen und biblischen Schritt fu\u0308r sich erkennt und durchfu\u0308hrt. Jesus gab uns als seine Ju\u0308nger den Missionsbefehl und &#8230;<\/p>","protected":false},"author":2,"featured_media":0,"parent":0,"menu_order":0,"comment_status":"closed","ping_status":"closed","template":"template-blank-4.php","meta":{"_acf_changed":false,"inline_featured_image":false,"footnotes":""},"class_list":["post-556","page","type-page","status-publish","hentry","no-post-thumbnail"],"acf":[],"publishpress_future_workflow_manual_trigger":{"enabledWorkflows":[]},"_links":{"self":[{"href":"https:\/\/fcg-bielefeld.de\/ru\/wp-json\/wp\/v2\/pages\/556","targetHints":{"allow":["GET"]}}],"collection":[{"href":"https:\/\/fcg-bielefeld.de\/ru\/wp-json\/wp\/v2\/pages"}],"about":[{"href":"https:\/\/fcg-bielefeld.de\/ru\/wp-json\/wp\/v2\/types\/page"}],"author":[{"embeddable":true,"href":"https:\/\/fcg-bielefeld.de\/ru\/wp-json\/wp\/v2\/users\/2"}],"replies":[{"embeddable":true,"href":"https:\/\/fcg-bielefeld.de\/ru\/wp-json\/wp\/v2\/comments?post=556"}],"version-history":[{"count":28,"href":"https:\/\/fcg-bielefeld.de\/ru\/wp-json\/wp\/v2\/pages\/556\/revisions"}],"predecessor-version":[{"id":9174,"href":"https:\/\/fcg-bielefeld.de\/ru\/wp-json\/wp\/v2\/pages\/556\/revisions\/9174"}],"wp:attachment":[{"href":"https:\/\/fcg-bielefeld.de\/ru\/wp-json\/wp\/v2\/media?parent=556"}],"curies":[{"name":"wp","href":"https:\/\/api.w.org\/{rel}","templated":true}]}}