{"id":550,"date":"2017-10-12T19:35:24","date_gmt":"2017-10-12T17:35:24","guid":{"rendered":"https:\/\/fcg-bielefeld.de\/?page_id=550"},"modified":"2021-03-23T14:56:46","modified_gmt":"2021-03-23T13:56:46","slug":"mitmachen","status":"publish","type":"page","link":"https:\/\/fcg-bielefeld.de\/ru\/mitmachen\/","title":{"rendered":"\u0421\u043b\u0443\u0436\u0435\u043d\u0438\u0435"},"content":{"rendered":"<div id=\"cs-content\" class=\"cs-content\"><\/div>","protected":false},"excerpt":{"rendered":"<p>MitmachenDas Gemeindeleben mitgestaltenHomeDer Weg zu GottAlpha-KursKleingruppenLife CollegeEhevorbereitungKindersegnungSeelsorgeMeine Gemeinde SeminarTaufeMitgliedschaftMitmachenDie FCG Bielefeld lebt nicht von den Gaben weniger Personen, sondern von der Hingabe vieler freiwilliger Helfer, die Energie, Zeit, Gaben und ihr Herz investieren. Und genau das macht das Gemeindeleben bunt und lebendig. Gemeinde ist eine gro\u00dfe Familie, wo jeder seinen Platz finden darf. Wir sind davon \u00fcberzeugt, dass Gott jede Person mit nat\u00fcrlichen Gaben beschenkt hat.\u00a0Egal, ob Du Deine Gaben schon zu 100% kennst oder Du sie noch entdecken musst, wir feiern jeden, der mitarbeitet. Doch hat jeder von uns seinen Anteil an der Gnade geschenkt bekommen, so wie Christus &#8230;<\/p>","protected":false},"author":2,"featured_media":0,"parent":0,"menu_order":0,"comment_status":"closed","ping_status":"closed","template":"template-blank-4.php","meta":{"_acf_changed":false,"inline_featured_image":false,"footnotes":""},"class_list":["post-550","page","type-page","status-publish","hentry","no-post-thumbnail"],"acf":[],"publishpress_future_workflow_manual_trigger":{"enabledWorkflows":[]},"_links":{"self":[{"href":"https:\/\/fcg-bielefeld.de\/ru\/wp-json\/wp\/v2\/pages\/550","targetHints":{"allow":["GET"]}}],"collection":[{"href":"https:\/\/fcg-bielefeld.de\/ru\/wp-json\/wp\/v2\/pages"}],"about":[{"href":"https:\/\/fcg-bielefeld.de\/ru\/wp-json\/wp\/v2\/types\/page"}],"author":[{"embeddable":true,"href":"https:\/\/fcg-bielefeld.de\/ru\/wp-json\/wp\/v2\/users\/2"}],"replies":[{"embeddable":true,"href":"https:\/\/fcg-bielefeld.de\/ru\/wp-json\/wp\/v2\/comments?post=550"}],"version-history":[{"count":0,"href":"https:\/\/fcg-bielefeld.de\/ru\/wp-json\/wp\/v2\/pages\/550\/revisions"}],"wp:attachment":[{"href":"https:\/\/fcg-bielefeld.de\/ru\/wp-json\/wp\/v2\/media?parent=550"}],"curies":[{"name":"wp","href":"https:\/\/api.w.org\/{rel}","templated":true}]}}