{"id":33,"date":"2017-08-31T12:49:55","date_gmt":"2017-08-31T10:49:55","guid":{"rendered":"https:\/\/fcg-bielefeld.de\/?page_id=33"},"modified":"2026-01-23T11:27:47","modified_gmt":"2026-01-23T10:27:47","slug":"kontakt","status":"publish","type":"page","link":"https:\/\/fcg-bielefeld.de\/ru\/kontakt\/","title":{"rendered":"\u041a\u043e\u043d\u0442\u0430\u043a\u0442"},"content":{"rendered":"<div id=\"cs-content\" class=\"cs-content\"><div class=\"x-section e33-e1 mx-0 mx-1 mx-2\" id=\"topimg\"><div class=\"x-bg\" aria-hidden=\"true\"><div class=\"x-bg-layer-lower-image\"><\/div><div class=\"x-bg-layer-upper-color\"><\/div><\/div><div class=\"x-container max width e33-e2 mx-7\"><div class=\"x-column x-sm x-1-1 e33-e3 mx-8 mx-9\"><div class=\"x-content-area e33-e4 mx-b\"><h1 class=\"h1 masthead white\"><span>Kontakt<\/span><br \/><span class=\"h2 subhead white\">Bleib mit uns in Kontakt<\/span><\/h1><\/div><\/div><\/div><\/div><div class=\"x-section e33-e5 mx-0 mx-3\"><div class=\"x-container max width e33-e6 mx-7\"><div class=\"x-column x-sm x-1-1 e33-e7 mx-8 mx-9\"><nav class=\"x-crumbs e33-e8 mx-c\" role=\"navigation\"><ol class=\"x-crumbs-list\" itemscope=\"\" itemtype=\"http:\/\/schema.org\/BreadcrumbList\" aria-label=\"Breadcrumb Navigation\"><li class=\"x-crumbs-list-item\" itemprop=\"itemListElement\" itemscope itemtype=\"http:\/\/schema.org\/ListItem\"><a class=\"x-crumbs-current x-crumbs-link\" itemtype=\"http:\/\/schema.org\/Thing\" itemprop=\"item\" href=\"https:\/\/fcg-bielefeld.de\/ru\/\" title=\"You Are Here\"><span itemprop=\"name\">Home<\/span><\/a><meta itemprop=\"position\" content=\"1\"><\/li><\/ol><\/nav><\/div><\/div><\/div><div class=\"x-section e33-e9 mx-0 mx-4\"><div class=\"x-row x-container max width e33-e10 mx-d mx-e mx-g mx-h\"><div class=\"x-row-inner\"><div class=\"x-col e33-e11 mx-k mx-l\"><h2  class=\"h-custom-headline man h2\" ><span>Anschrift<\/span><\/h2><div class=\"x-text x-content e33-e13 mx-o mx-p mx-q mx-r mx-s\"><p><b>FREIE CHRISTENGEMEINDE BIELEFELD<br \/><\/b><br \/>&Uuml;bergangsgeb&auml;ude:<br \/><strong>Van-Randenborgh-Weg 4, 33602 Bielefeld<br \/><\/strong><strong><br \/><\/strong>Postanschrift:<br \/><strong>Westring 57, 33818 Leopoldsh&ouml;he<\/strong><strong><br \/><\/strong><\/p>\n<p>Mitglied im Bund Freikirchlicher Pfingstgemeinden<br \/>K&ouml;rperschaft des &ouml;ffentlichen Rechtes (K.d.&ouml;.R.)<\/p><\/div><a class=\"x-anchor x-anchor-button e33-e14 mx-10 mx-11 mx-12\" tabindex=\"0\" href=\"\/gottesdienste\/\"><div class=\"x-anchor-content\"><div class=\"x-anchor-text\"><span class=\"x-anchor-text-primary\">Unsere Gottesdienste<\/span><\/div><\/div><\/a><a class=\"x-anchor x-anchor-button has-graphic e33-e15 mx-10 mx-12 mx-13 mx-14\" tabindex=\"0\" href=\"https:\/\/goo.gl\/maps\/AhM91NsFpHHL8th59\" target=\"_blank\" rel=\"noopener noreferrer\"><div class=\"x-anchor-content\"><span class=\"x-graphic\" aria-hidden=\"true\"><i class=\"x-icon x-graphic-child x-graphic-icon x-graphic-primary\" aria-hidden=\"true\" data-x-icon-o=\"&#xf3c5;\"><\/i><\/span><div class=\"x-anchor-text\"><span class=\"x-anchor-text-primary\">Zu Google-Maps<\/span><\/div><\/div><\/a><a class=\"x-anchor x-anchor-button has-graphic e33-e16 mx-10 mx-13 mx-15\" tabindex=\"0\" href=\"\/parkplatz\/\"><div class=\"x-anchor-content\"><span class=\"x-graphic\" aria-hidden=\"true\"><i class=\"x-icon x-graphic-child x-graphic-icon x-graphic-primary\" aria-hidden=\"true\" data-x-icon-s=\"&#xf1b9;\"><\/i><\/span><div class=\"x-anchor-text\"><span class=\"x-anchor-text-primary\">Parkpl\u00e4tze<\/span><span class=\"x-anchor-text-secondary\">\u00dcbergangsgeb\u00e4ude<\/span><\/div><\/div><\/a><\/div><div class=\"x-col e33-e17 mx-k mx-m\"><iframe loading=\"lazy\" src=\"https:\/\/www.google.com\/maps\/embed?pb=!1m14!1m8!1m3!1d9820.767438420125!2d8.5774784!3d52.0216024!3m2!1i1024!2i768!4f13.1!3m3!1m2!1s0x47ba3db8befd9249%3A0x77b8473a3d658acb!2sFreie%20Christengemeinde%20Bielefeld!5e0!3m2!1sde!2sde!4v1667570025069!5m2!1sde!2sde\" width=\"600\" height=\"450\" style=\"border:0;\" allowfullscreen=\"\" referrerpolicy=\"no-referrer-when-downgrade\"><\/iframe><\/div><\/div><\/div><\/div><div class=\"x-section e33-e19 mx-0 mx-5\" id=\"geben\"><div class=\"x-container max width e33-e20 mx-7\"><div class=\"x-column x-sm x-1-2 e33-e21 mx-8 mx-a iconanimate\"><h2  class=\"h-custom-headline man h2\" ><span>B\u00fcro<\/span><\/h2><div id=\"\" class=\"x-text\" style=\"\" ><p class=\"man\">Ansprechpartner\u00a0<span class=\"right\"><strong>Anja Guedes<\/strong><\/span><\/p>\n<p class=\"man\">Dienstag \u2013 Freitag <span class=\"right\"><strong>9:00 Uhr \u2013 13:00 Uhr<\/strong><\/span><\/p>\n<p class=\"man\">Tel.: <span class=\"right\"><strong><a href=\"tel:+4952127172\">0521 \/ 27172<\/a><\/strong><\/span><\/p>\n<p class=\"man\">E-Mail.: <span class=\"right\"><strong>gemeindebuero(at)fcg-bielefeld.de<br \/>\n<\/strong><\/span><\/p>\n<\/div><hr class=\"x-line e33-e24 mx-16 mx-17\"\/><h2  class=\"h-custom-headline man h2\" ><span>Geben<\/span><\/h2><div class=\"x-text x-content e33-e26 mx-p mx-s mx-t mx-u\"><p class=\"p1\">Zul&auml;ssige Empf&auml;ngernamen:<\/p>\n<ul>\n<li class=\"p1\"><b>Freie Christengemeinde Bielefeld e.V.<\/b><\/li>\n<li class=\"p1\"><b><\/b><b><\/b><b><\/b><b>Freie Christengemeinde Bielefeld<\/b><\/li>\n<li class=\"p1\"><b><\/b><b>FCG Bielefeld<\/b><\/li>\n<\/ul><\/div><div class=\"x-text x-content x-hide-lg x-hide-md x-hide-sm x-hide-xl x-hide-xs e33-e27 mx-o mx-p mx-q mx-s mx-v\"><h3 class=\"h6\"><strong>Spendenkonto<\/strong><\/h3>\n<p>IBAN: DE54 5009 2100 0001 3513 03<br \/>Spar- und Kreditbank eG Bad Homburg<br \/>BIC: GENODE51BH2<\/p>\n<h3 class=\"h6\"><strong>Baukonto<\/strong><\/h3>\n<p>IBAN: DE33 5009 2100 3701 3513 03<br \/>Spar- und Kreditbank eG Bad Homburg<br \/>BIC: GENODE51BH2<\/p><\/div><div class=\"x-text x-content e33-e28 mx-o mx-p mx-q mx-s mx-v\"><h3 class=\"h6\"><strong>Spendenkonto<\/strong><\/h3>\n<p>IBAN: <strong>DE54 5009 2100 0001 3513 03<\/strong><br \/>Spar- und Kreditbank eG Bad Homburg<br \/>BIC: GENODE51BH2<\/p>\n<h3 class=\"h6\"><strong>Baukonto <\/strong><em>(neue IBAN 01\/26)<\/em><\/h3>\n<p>IBAN: <strong>DE32 5009 2100 0001 3513 11<\/strong><br \/>Spar- und Kreditbank eG Bad Homburg<br \/>BIC: GENODE51BH2<\/p><\/div><div class=\"x-text x-content e33-e29 mx-p mx-q mx-t mx-v mx-w mx-x\"><p>oder bequem per <strong>PayPal<br \/>\n<\/strong>(bei Bau-Spende bitte den Zweck \u201eBau\u201c angeben):<\/p><\/div><hr class=\"x-line x-hide-lg x-hide-md x-hide-xl e33-e30 mx-17 mx-18\"\/><div class=\"x-content-area e33-e31 mx-b\"><form action=\"https:\/\/www.paypal.com\/cgi-bin\/webscr\" method=\"post\" target=\"_top\">\n<p><input type=\"hidden\" name=\"cmd\" value=\"_s-xclick\" \/><\/p>\n<p><input type=\"hidden\" name=\"hosted_button_id\" value=\"WCHTKU4LVWYWY\" \/><\/p>\n<p><input type=\"image\" src=\"https:\/\/www.paypalobjects.com\/de_DE\/DE\/i\/btn\/btn_donateCC_LG.gif\" border=\"0\" name=\"submit\" title=\"PayPal - The safer, easier way to pay online!\" alt=\"Spenden mit dem PayPal-Button\" \/><\/p>\n\n<\/form><\/div><\/div><div class=\"x-column x-sm x-1-2 e33-e32 mx-8 mx-9\"><h2  class=\"h-custom-headline man h2\" ><span>Melde dich bei uns<\/span><\/h2><div class=\"wpforms-container wpforms-container-full\" id=\"wpforms-3801\"><form id=\"wpforms-form-3801\" class=\"wpforms-validate wpforms-form wpforms-ajax-form\" data-formid=\"3801\" method=\"post\" enctype=\"multipart\/form-data\" action=\"\/ru\/wp-json\/wp\/v2\/pages\/33\"><noscript class=\"wpforms-error-noscript\">\u0414\u043b\u044f \u0437\u0430\u043f\u043e\u043b\u043d\u0435\u043d\u0438\u044f \u0434\u0430\u043d\u043d\u043e\u0439 \u0444\u043e\u0440\u043c\u044b \u0432\u043a\u043b\u044e\u0447\u0438\u0442\u0435 JavaScript \u0432 \u0431\u0440\u0430\u0443\u0437\u0435\u0440\u0435.<\/noscript><div class=\"wpforms-field-container\"><div id=\"wpforms-3801-field_1-container\" class=\"wpforms-field wpforms-field-text\" data-field-id=\"1\"><label class=\"wpforms-field-label wpforms-label-hide\" for=\"wpforms-3801-field_1\">Name <span class=\"wpforms-required-label\">*<\/span><\/label><input type=\"text\" id=\"wpforms-3801-field_1\" class=\"wpforms-field-medium wpforms-field-required\" name=\"wpforms[fields][1]\" placeholder=\"Name*\" required><\/div><div id=\"wpforms-3801-field_2-container\" class=\"wpforms-field wpforms-field-email wpforms-one-half wpforms-first\" data-field-id=\"2\"><label class=\"wpforms-field-label wpforms-label-hide\" for=\"wpforms-3801-field_2\">Email <span class=\"wpforms-required-label\">*<\/span><\/label><input type=\"email\" id=\"wpforms-3801-field_2\" class=\"wpforms-field-medium wpforms-field-required\" name=\"wpforms[fields][2]\" placeholder=\"E-Mail-Adresse*\" required><\/div><div id=\"wpforms-3801-field_7-container\" class=\"wpforms-field wpforms-field-text wpforms-one-half\" data-field-id=\"7\"><label class=\"wpforms-field-label wpforms-label-hide\" for=\"wpforms-3801-field_7\">Telefonnummer<\/label><input type=\"text\" id=\"wpforms-3801-field_7\" class=\"wpforms-field-medium\" name=\"wpforms[fields][7]\" placeholder=\"Telefonnr.\" ><div class=\"wpforms-field-description\"> <\/div><\/div><div id=\"wpforms-3801-field_5-container\" class=\"wpforms-field wpforms-field-textarea\" data-field-id=\"5\"><label class=\"wpforms-field-label wpforms-label-hide\" for=\"wpforms-3801-field_5\">Nachricht <span class=\"wpforms-required-label\">*<\/span><\/label><textarea id=\"wpforms-3801-field_5\" class=\"wpforms-field-medium wpforms-field-required\" name=\"wpforms[fields][5]\" placeholder=\"Nachricht*\" required><\/textarea><\/div><div id=\"wpforms-3801-field_6-container\" class=\"wpforms-field wpforms-field-checkbox datenschutzhaken\" data-field-id=\"6\"><label class=\"wpforms-field-label wpforms-label-hide\" for=\"wpforms-3801-field_6\">Datenschutz <span class=\"wpforms-required-label\">*<\/span><\/label><ul id=\"wpforms-3801-field_6\" class=\"wpforms-field-required\"><li class=\"choice-1 depth-1\"><input type=\"checkbox\" id=\"wpforms-3801-field_6_1\" name=\"wpforms[fields][6][]\" value=\"Hiermit willige ich nach Art. 7 DSGVO ein, dass meine Daten aus dem Kontaktformular zur Beantwortung meiner Anfrage verarbeitet werden. Detaillierte Informationen zum Thema Datenschutz findest Du in unserer &lt;a href=&quot;https:\/\/fcg-bielefeld.de\/datenschutz\/&quot; &gt;Datenschutzerkl\u00e4rung&lt;\/a&gt;.*\" required ><label class=\"wpforms-field-label-inline\" for=\"wpforms-3801-field_6_1\">Hiermit willige ich nach Art. 7 DSGVO ein, dass meine Daten aus dem Kontaktformular zur Beantwortung meiner Anfrage verarbeitet werden. Detaillierte Informationen zum Thema Datenschutz findest Du in unserer <a href=\"https:\/\/fcg-bielefeld.de\/datenschutz\/\">Datenschutzerkl\u00e4rung<\/a>.*<\/label><\/li><\/ul><\/div><div id=\"wpforms-3801-field_8-container\" class=\"wpforms-field wpforms-field-captcha\" data-field-id=\"8\"><label class=\"wpforms-field-label\" for=\"wpforms-3801-field_8\">Sicherheitsabfrage <span class=\"wpforms-required-label\">*<\/span><\/label>\t\t\t<div class=\"wpforms-captcha-math\">\n\t\t\t\t<span class=\"wpforms-captcha-equation\">\n\t\t\t\t\t<span class=\"n1\"><\/span>\n\t\t\t\t\t<span class=\"cal\"><\/span>\n\t\t\t\t\t<span class=\"n2\"><\/span>\n\t\t\t\t\t<span class=\"e\">=<\/span>\n\t\t\t\t<\/span>\n\t\t\t\t<input type=\"text\" id=\"wpforms-3801-field_8\" class=\"wpforms-field-medium wpforms-field-required a\" data-rule-wpf-captcha=\"math\" name=\"wpforms[fields][8][a]\" required>\t\t\t\t<input type=\"hidden\" name=\"wpforms[fields][8][cal]\" class=\"cal\">\n\t\t\t\t<input type=\"hidden\" name=\"wpforms[fields][8][n2]\" class=\"n2\">\n\t\t\t\t<input type=\"hidden\" name=\"wpforms[fields][8][n1]\" class=\"n1\">\n\t\t\t<\/div>\n\t\t\t<\/div><\/div><div class=\"wpforms-field wpforms-field-hp\"><label for=\"wpforms-3801-field-hp\" class=\"wpforms-field-label\">Website<\/label><input type=\"text\" name=\"wpforms[hp]\" id=\"wpforms-3801-field-hp\" class=\"wpforms-field-medium\"><\/div><div class=\"wpforms-submit-container\" ><input type=\"hidden\" name=\"wpforms[id]\" value=\"3801\"><input type=\"hidden\" name=\"wpforms[author]\" value=\"2\"><button type=\"submit\" name=\"wpforms[submit]\" class=\"wpforms-submit \" id=\"wpforms-submit-3801\" value=\"wpforms-submit\" aria-live=\"assertive\" data-alt-text=\"Senden\" data-submit-text=\"Absenden\">Absenden<\/button><img loading=\"lazy\" decoding=\"async\" src=\"https:\/\/fcg-bielefeld.de\/wp-content\/plugins\/wpforms\/assets\/images\/submit-spin.svg\" class=\"wpforms-submit-spinner\" style=\"display: none;\" width=\"26\" height=\"26\" alt=\"\"><\/div><\/form><\/div>  <!-- .wpforms-container --><hr class=\"x-line e33-e35 mx-16 mx-17\"\/><\/div><\/div><\/div><div class=\"x-section e33-e36 mx-0 mx-2 mx-6\"><div class=\"x-row x-container max width e33-e37 mx-d mx-e mx-g mx-i\"><div class=\"x-row-inner\"><div class=\"x-col e33-e38 mx-k mx-m\"><h2  class=\"h-custom-headline cs-ta-center mtn mbm h2\" ><span>Ansprechpartner<\/span><\/h2><\/div><\/div><\/div><div class=\"x-row x-container max width e33-e40 mx-d mx-f mx-j\"><div class=\"x-row-inner\"><div class=\"x-col e33-e41 mx-k mx-m mx-n\"><span class=\"x-image e33-e42 mx-19\"><img decoding=\"async\" src=\"https:\/\/fcg-bielefeld.de\/wp-content\/uploads\/2023\/09\/NicoS_web_2023_square.jpg\" width=\"249\" height=\"249\" alt=\"Image\" loading=\"lazy\"><\/span><div class=\"x-text x-content e33-e43 mx-p mx-q mx-t mx-v mx-x mx-y\"><p style=\"text-align: center;\"><strong>Nico Strobel<\/strong><br \/><i>Hauptpastor<br \/><\/i>nico.strobel(at)fcg-bielefeld.de<\/p><\/div><hr class=\"x-line e33-e44 mx-17 mx-18\"\/><\/div><div class=\"x-col e33-e45 mx-k mx-m mx-n\"><div class=\"x-text x-content e33-e46 mx-o mx-p mx-q mx-v mx-x mx-z\"><img decoding=\"async\"  class=\"x-img x-img-circle none\"  src=\"https:\/\/fcg-bielefeld.de\/wp-content\/uploads\/2026\/01\/AnjaGuedes-Foto-2-e1769164000239.jpeg\" alt=\"Foto von Anja Guedes\"><\/div><div class=\"x-text x-content e33-e47 mx-p mx-q mx-t mx-v mx-x mx-y\"><p style=\"text-align: center;\"><b>Anja Guedes<br \/><\/b><em>Gemeindeb&uuml;ro<\/em><a href=\"mailto:gemeindebuero@fcg-bielefeld.de\"><br \/><\/a>gemeindebuero(at)fcg-bielefeld.de<\/p><\/div><hr class=\"x-line e33-e48 mx-17 mx-18\"\/><\/div><\/div><\/div><\/div><\/div>\n","protected":false},"excerpt":{"rendered":"<p>KontaktBleib mit uns in KontaktHomeAnschriftFREIE CHRISTENGEMEINDE BIELEFELD&Uuml;bergangsgeb&auml;ude:Van-Randenborgh-Weg 4, 33602 BielefeldPostanschrift:Westring 57, 33818 Leopoldsh&ouml;he Mitglied im Bund Freikirchlicher PfingstgemeindenK&ouml;rperschaft des &ouml;ffentlichen Rechtes (K.d.&ouml;.R.)Unsere GottesdiensteZu Google-MapsParkpl\u00e4tze\u00dcbergangsgeb\u00e4udeB\u00fcroAnsprechpartner\u00a0Anja Guedes Dienstag \u2013 Freitag 9:00 Uhr \u2013 13:00 Uhr Tel.: 0521 \/ 27172 E-Mail.: gemeindebuero(at)fcg-bielefeld.de GebenZul&auml;ssige Empf&auml;ngernamen: Freie Christengemeinde Bielefeld e.V. Freie Christengemeinde Bielefeld FCG Bielefeld Spendenkonto IBAN: DE54 5009 2100 0001 3513 03Spar- und Kreditbank eG Bad HomburgBIC: GENODE51BH2 Baukonto IBAN: DE33 5009 2100 3701 3513 03Spar- und Kreditbank eG Bad HomburgBIC: GENODE51BH2Spendenkonto IBAN: DE54 5009 2100 0001 3513 03Spar- und Kreditbank eG Bad HomburgBIC: GENODE51BH2 Baukonto (neue IBAN 01\/26) IBAN: DE32 5009 2100 0001 &#8230;<\/p>","protected":false},"author":2,"featured_media":0,"parent":0,"menu_order":0,"comment_status":"closed","ping_status":"closed","template":"template-blank-4.php","meta":{"_acf_changed":false,"inline_featured_image":false,"footnotes":""},"class_list":["post-33","page","type-page","status-publish","hentry","no-post-thumbnail"],"acf":[],"publishpress_future_workflow_manual_trigger":{"enabledWorkflows":[]},"_links":{"self":[{"href":"https:\/\/fcg-bielefeld.de\/ru\/wp-json\/wp\/v2\/pages\/33","targetHints":{"allow":["GET"]}}],"collection":[{"href":"https:\/\/fcg-bielefeld.de\/ru\/wp-json\/wp\/v2\/pages"}],"about":[{"href":"https:\/\/fcg-bielefeld.de\/ru\/wp-json\/wp\/v2\/types\/page"}],"author":[{"embeddable":true,"href":"https:\/\/fcg-bielefeld.de\/ru\/wp-json\/wp\/v2\/users\/2"}],"replies":[{"embeddable":true,"href":"https:\/\/fcg-bielefeld.de\/ru\/wp-json\/wp\/v2\/comments?post=33"}],"version-history":[{"count":21,"href":"https:\/\/fcg-bielefeld.de\/ru\/wp-json\/wp\/v2\/pages\/33\/revisions"}],"predecessor-version":[{"id":8985,"href":"https:\/\/fcg-bielefeld.de\/ru\/wp-json\/wp\/v2\/pages\/33\/revisions\/8985"}],"wp:attachment":[{"href":"https:\/\/fcg-bielefeld.de\/ru\/wp-json\/wp\/v2\/media?parent=33"}],"curies":[{"name":"wp","href":"https:\/\/api.w.org\/{rel}","templated":true}]}}