{"id":26,"date":"2017-08-31T12:48:49","date_gmt":"2017-08-31T10:48:49","guid":{"rendered":"https:\/\/fcg-bielefeld.de\/?page_id=26"},"modified":"2026-03-05T12:24:28","modified_gmt":"2026-03-05T11:24:28","slug":"impressum","status":"publish","type":"page","link":"https:\/\/fcg-bielefeld.de\/ru\/impressum\/","title":{"rendered":"Impressum"},"content":{"rendered":"<div id=\"cs-content\" class=\"cs-content\"><div class=\"x-section e26-e1 mq-0 mq-1 greenln\"><div class=\"x-container max width e26-e2 mq-4 mq-5\"><div class=\"x-column x-sm x-1-1 e26-e3 mq-7\"><hr class=\"x-line e26-e4 mq-9 mq-a\"\/><\/div><\/div><\/div><div class=\"x-section e26-e5 mq-0 mq-2\"><div class=\"x-container max width e26-e6 mq-4 mq-5\"><div class=\"x-column x-sm x-1-1 e26-e7 mq-7\"><nav class=\"x-crumbs e26-e8 mq-f\" role=\"navigation\"><ol class=\"x-crumbs-list\" itemscope=\"\" itemtype=\"http:\/\/schema.org\/BreadcrumbList\" aria-label=\"Breadcrumb Navigation\"><li class=\"x-crumbs-list-item\" itemprop=\"itemListElement\" itemscope itemtype=\"http:\/\/schema.org\/ListItem\"><a class=\"x-crumbs-current x-crumbs-link\" itemtype=\"http:\/\/schema.org\/Thing\" itemprop=\"item\" href=\"https:\/\/fcg-bielefeld.de\/ru\/\" title=\"You Are Here\"><span itemprop=\"name\">\u0421\u0442\u0430\u0440\u0442<\/span><\/a><meta itemprop=\"position\" content=\"1\"><\/li><\/ol><\/nav><hr class=\"x-line e26-e9 mq-a mq-b mq-c\"\/><h1  class=\"h-custom-headline cs-ta-center headgreen h1\" ><span>Impressum<\/span><\/h1><hr class=\"x-line e26-e11 mq-a mq-c mq-d\"\/><\/div><\/div><\/div><div class=\"x-section e26-e12 mq-0 mq-3\"><div class=\"x-container max width e26-e13 mq-5 mq-6\"><div class=\"x-column x-sm x-1-2 e26-e14 mq-7\"><div class=\"x-text x-content e26-e15 mq-g\"><h2>Angaben gem&auml;&szlig; &sect; 5 DDG<\/h2>\n<p>Freie Christengemeinde Bielefeld e. V.<br \/>Br&uuml;ckenstra&szlig;e 67 - 69<br \/>33607 Bielefeld<\/p>\n<p><em><span style=\"text-decoration: underline;\">Vor&uuml;bergehend andere Adresse (bis vsl. Anfang 2027):<\/span><\/em><br \/>&Uuml;bergangsgeb&auml;ude:<br \/><strong>Van-Randenborgh-Weg 4, 33602 Bielefeld<\/strong><strong><br \/><\/strong>Postanschrift:<br \/><strong>Westring 57, 33818 Leopoldsh&ouml;he<\/strong><\/p>\n<p>Mitglied im Bund Freikirchlicher Pfingstgemeinden K&ouml;rperschaft des &ouml;ffentlichen Rechts (K.d.&ouml;.R.)<\/p>\n<p><strong>Vertreten durch:<\/strong><br \/>Pastor und Vorsitzender Nico Strobel<br \/><a href=\"mailto:nico.strobel@fcg-bielefeld.de\" target=\"_blank\" rel=\"noopener\">nico.strobel@fcg-bielefeld.de<\/a><br \/><a href=\"tel:+495219201697\" target=\"_blank\" rel=\"noopener\">0521 \/ 9201697<\/a><\/p>\n<p><strong>Registereintrag:<\/strong><br \/>Eintragung im Vereinsregister.<br \/>Registergericht: Bielefeld<br \/>Registernummer: VR 1168<\/p>\n<h2>Bankverbindungen<\/h2>\n<p><strong>Spendenkonto<br \/><\/strong>IBAN: DE54 5009 2100 0001 3513 03<br \/>Spar- und Kreditbank eG Bad Homburg<br \/>BIC: GENODE51BH2<\/p>\n<p><strong>Baukonto<\/strong><br \/>IBAN: DE33 5009 2100 3701 3513 03<br \/>Spar- und Kreditbank eG Bad Homburg<br \/>BIC: GENODE51BH2<\/p>\n<h2>Bildrechte<\/h2>\n<p>Vielen Dank an <a href=\"https:\/\/www.dein-fotograf-nrw.de\/\" target=\"_blank\" rel=\"noopener\">Alexander D&uuml;ck Event- und Hochzeitsfotograf aus Bielefeld<\/a><\/p><\/div><hr class=\"x-line e26-e16 mq-a mq-c mq-e\"\/><hr class=\"x-line e26-e17 mq-a mq-c mq-e\"\/><\/div><div class=\"x-column x-sm x-1-2 e26-e18 mq-7 mq-8\"><div class=\"x-text x-content e26-e19 mq-g mq-h\"><h2>Haftungsausschluss (Disclaimer)<\/h2>\n<p><\/p>\n<p><strong>Haftung f\u00fcr Inhalte<br \/>\n<\/strong>Als Diensteanbieter sind wir gem\u00e4\u00df \u00a7 7 Abs.1 TMG f\u00fcr eigene Inhalte auf diesen Seiten nach den allgemeinen Gesetzen verantwortlich. Nach \u00a7\u00a7 8 bis 10 TMG sind wir als Diensteanbieter jedoch nicht verpflichtet, \u00fcbermittelte oder gespeicherte fremde Informationen zu \u00fcberwachen oder nach Umst\u00e4nden zu forschen, die auf eine rechtswidrige T\u00e4tigkeit hinweisen.<\/p>\n<p>Verpflichtungen zur Entfernung oder Sperrung der Nutzung von Informationen nach den allgemeinen Gesetzen bleiben hiervon unber\u00fchrt. Eine diesbez\u00fcgliche Haftung ist jedoch erst ab dem Zeitpunkt der Kenntnis einer konkreten Rechtsverletzung m\u00f6glich. Bei Bekanntwerden von entsprechenden Rechtsverletzungen werden wir diese Inhalte umgehend entfernen.<\/p>\n<p><strong>Haftung f\u00fcr Links<br \/>\n<\/strong>Unser Angebot enth\u00e4lt Links zu externen Webseiten Dritter, auf deren Inhalte wir keinen Einfluss haben. Deshalb k\u00f6nnen wir f\u00fcr diese fremden Inhalte auch keine Gew\u00e4hr \u00fcbernehmen. F\u00fcr die Inhalte der verlinkten Seiten ist stets der jeweilige Anbieter oder Betreiber der Seiten verantwortlich. Die verlinkten Seiten wurden zum Zeitpunkt der Verlinkung auf m\u00f6gliche Rechtsverst\u00f6\u00dfe \u00fcberpr\u00fcft. Rechtswidrige Inhalte waren zum Zeitpunkt der Verlinkung nicht erkennbar.<\/p>\n<p>Eine permanente inhaltliche Kontrolle der verlinkten Seiten ist jedoch ohne konkrete Anhaltspunkte einer Rechtsverletzung nicht zumutbar. Bei Bekanntwerden von Rechtsverletzungen werden wir derartige Links umgehend entfernen.<\/p>\n<p><strong>Urheberrecht<br \/>\n<\/strong>Die durch die Seitenbetreiber erstellten Inhalte und Werke auf diesen Seiten unterliegen dem deutschen Urheberrecht. Die Vervielf\u00e4ltigung, Bearbeitung, Verbreitung und jede Art der Verwertung au\u00dferhalb der Grenzen des Urheberrechtes bed\u00fcrfen der schriftlichen Zustimmung des jeweiligen Autors bzw. Erstellers. Downloads und Kopien dieser Seite sind nur f\u00fcr den privaten, nicht kommerziellen Gebrauch gestattet.<\/p>\n<p>Soweit die Inhalte auf dieser Seite nicht vom Betreiber erstellt wurden, werden die Urheberrechte Dritter beachtet. Insbesondere werden Inhalte Dritter als solche gekennzeichnet. Sollten Sie trotzdem auf eine Urheberrechtsverletzung aufmerksam werden, bitten wir um einen entsprechenden Hinweis.<\/p>\n<p><strong>Weiteres<br \/>\n<\/strong>Danke an die freundliche Unterst\u00fctzung von\u00a0<a href=\"https:\/\/daka-media.de\/\" target=\"_blank\" rel=\"noopener\" title=\"Daka Media KG \u2013 Medienagentur Bielefeld\">Daka Media KG \u2013 Medienagentur Bielefeld, Print- und Webmedien u.v.m.<\/a><\/p><\/div><hr class=\"x-line e26-e20 mq-a mq-c mq-e\"\/><\/div><\/div><\/div><\/div>","protected":false},"excerpt":{"rendered":"<p>HomeImpressumAngaben gem&auml;&szlig; &sect; 5 DDG Freie Christengemeinde Bielefeld e. V.Br&uuml;ckenstra&szlig;e 67 &#8211; 6933607 Bielefeld Vor&uuml;bergehend andere Adresse (bis vsl. Anfang 2027):&Uuml;bergangsgeb&auml;ude:Van-Randenborgh-Weg 4, 33602 BielefeldPostanschrift:Westring 57, 33818 Leopoldsh&ouml;he Mitglied im Bund Freikirchlicher Pfingstgemeinden K&ouml;rperschaft des &ouml;ffentlichen Rechts (K.d.&ouml;.R.) Vertreten durch:Pastor und Vorsitzender Nico Strobelnico.strobel@fcg-bielefeld.de0521 \/ 9201697 Registereintrag:Eintragung im Vereinsregister.Registergericht: BielefeldRegisternummer: VR 1168 Bankverbindungen SpendenkontoIBAN: DE54 5009 2100 0001 3513 03Spar- und Kreditbank eG Bad HomburgBIC: GENODE51BH2 BaukontoIBAN: DE33 5009 2100 3701 3513 03Spar- und Kreditbank eG Bad HomburgBIC: GENODE51BH2 Bildrechte Vielen Dank an Alexander D&uuml;ck Event- und Hochzeitsfotograf aus BielefeldHaftungsausschluss (Disclaimer) Haftung f\u00fcr Inhalte Als Diensteanbieter sind wir gem\u00e4\u00df \u00a7 7 &#8230;<\/p>","protected":false},"author":2,"featured_media":0,"parent":0,"menu_order":0,"comment_status":"closed","ping_status":"closed","template":"template-blank-4.php","meta":{"_acf_changed":false,"inline_featured_image":false,"footnotes":""},"class_list":["post-26","page","type-page","status-publish","hentry","no-post-thumbnail"],"acf":[],"publishpress_future_workflow_manual_trigger":{"enabledWorkflows":[]},"_links":{"self":[{"href":"https:\/\/fcg-bielefeld.de\/ru\/wp-json\/wp\/v2\/pages\/26","targetHints":{"allow":["GET"]}}],"collection":[{"href":"https:\/\/fcg-bielefeld.de\/ru\/wp-json\/wp\/v2\/pages"}],"about":[{"href":"https:\/\/fcg-bielefeld.de\/ru\/wp-json\/wp\/v2\/types\/page"}],"author":[{"embeddable":true,"href":"https:\/\/fcg-bielefeld.de\/ru\/wp-json\/wp\/v2\/users\/2"}],"replies":[{"embeddable":true,"href":"https:\/\/fcg-bielefeld.de\/ru\/wp-json\/wp\/v2\/comments?post=26"}],"version-history":[{"count":3,"href":"https:\/\/fcg-bielefeld.de\/ru\/wp-json\/wp\/v2\/pages\/26\/revisions"}],"predecessor-version":[{"id":9158,"href":"https:\/\/fcg-bielefeld.de\/ru\/wp-json\/wp\/v2\/pages\/26\/revisions\/9158"}],"wp:attachment":[{"href":"https:\/\/fcg-bielefeld.de\/ru\/wp-json\/wp\/v2\/media?parent=26"}],"curies":[{"name":"wp","href":"https:\/\/api.w.org\/{rel}","templated":true}]}}