{"id":1896,"date":"2018-01-23T08:59:39","date_gmt":"2018-01-23T07:59:39","guid":{"rendered":"https:\/\/fcg-bielefeld.de\/?page_id=1896"},"modified":"2018-01-23T10:16:07","modified_gmt":"2018-01-23T09:16:07","slug":"monatsblatt","status":"publish","type":"page","link":"https:\/\/fcg-bielefeld.de\/ru\/monatsblatt\/","title":{"rendered":"Monatsblatt"},"content":{"rendered":"<p style=\"padding-left: 30px;\">\n<p>&nbsp;<\/p>\n<p>Wenn Sie nicht automatisch zum letzten Monatsblatt weitergeleitet werden, <a href=\"\/ru\/termine\/monatsinfos\/\">klicken Sie hier<\/a>\u00a0f\u00fcr eine \u00dcbersicht der letzten Monatsbl\u00e4tter als PDF-Datei zum downloaden.<\/p>\n<p>&nbsp;<\/p>\n<p>&nbsp;<\/p>","protected":false},"excerpt":{"rendered":"<p>&nbsp; Wenn Sie nicht automatisch zum letzten Monatsblatt weitergeleitet werden, klicken Sie hier\u00a0f\u00fcr eine \u00dcbersicht der letzten Monatsbl\u00e4tter als PDF-Datei zum downloaden. &nbsp; &nbsp;<\/p>","protected":false},"author":2,"featured_media":0,"parent":0,"menu_order":0,"comment_status":"closed","ping_status":"closed","template":"","meta":{"_acf_changed":false,"inline_featured_image":false,"footnotes":""},"class_list":["post-1896","page","type-page","status-publish","hentry","no-post-thumbnail"],"acf":[],"publishpress_future_workflow_manual_trigger":{"enabledWorkflows":[]},"_links":{"self":[{"href":"https:\/\/fcg-bielefeld.de\/ru\/wp-json\/wp\/v2\/pages\/1896","targetHints":{"allow":["GET"]}}],"collection":[{"href":"https:\/\/fcg-bielefeld.de\/ru\/wp-json\/wp\/v2\/pages"}],"about":[{"href":"https:\/\/fcg-bielefeld.de\/ru\/wp-json\/wp\/v2\/types\/page"}],"author":[{"embeddable":true,"href":"https:\/\/fcg-bielefeld.de\/ru\/wp-json\/wp\/v2\/users\/2"}],"replies":[{"embeddable":true,"href":"https:\/\/fcg-bielefeld.de\/ru\/wp-json\/wp\/v2\/comments?post=1896"}],"version-history":[{"count":0,"href":"https:\/\/fcg-bielefeld.de\/ru\/wp-json\/wp\/v2\/pages\/1896\/revisions"}],"wp:attachment":[{"href":"https:\/\/fcg-bielefeld.de\/ru\/wp-json\/wp\/v2\/media?parent=1896"}],"curies":[{"name":"wp","href":"https:\/\/api.w.org\/{rel}","templated":true}]}}